 {"id":96405,"date":"2024-12-12T13:30:09","date_gmt":"2024-12-12T12:30:09","guid":{"rendered":"https:\/\/www.comoditahome.com\/ks\/?post_type=product&#038;p=96405"},"modified":"2026-04-24T09:20:30","modified_gmt":"2026-04-24T07:20:30","slug":"tabak-sherbimi-akacia-gold-46x30x7cm","status":"publish","type":"product","link":"https:\/\/www.comoditahome.com\/ks\/produkt\/tabak-sherbimi-akacia-gold-46x30x7cm\/","title":{"rendered":"Tabak sh\u00ebrbimi Akacia Gold 46x30x7cm"},"content":{"rendered":"<p>Tabak sh\u00ebrbimi Akacia Gold 46x30x7cm<\/p>\n<p>Tabak sh\u00ebrbimi Akacia dallohet p\u00ebr form\u00ebn artistike, trash\u00ebsin\u00eb dhe ngjyr\u00ebn natyrale t\u00eb drurit. Ky tabak ka sip\u00ebrfaqe t\u00eb punuar nga materiali i drurit t\u00eb akacias dhe dor\u00ebza t\u00eb metalit. Jepi kuzhin\u00ebs tuaj shum\u00eb stil dhe b\u00ebni prezantimet tuaja m\u00eb unike.<\/p>\n","protected":false},"excerpt":{"rendered":"<p style=\"text-align: left;\">Tabak sh\u00ebrbimi Akacia dallohet p\u00ebr form\u00ebn artistike, trash\u00ebsin\u00eb dhe ngjyr\u00ebn natyrale t\u00eb drurit. Ky tabak ka sip\u00ebrfaqe t\u00eb punuar nga materiali i drurit t\u00eb akacias dhe dor\u00ebza t\u00eb metalit. Jepi kuzhin\u00ebs tuaj shum\u00eb stil dhe b\u00ebni prezantimet tuaja m\u00eb unike.<\/p>\n<p style=\"text-align: left;\"><strong>Dimensioni \/ Kompozicioni:<\/strong> 46x30x7cm<\/p>\n<p style=\"text-align: left;\"><strong>NGJYRA:<\/strong> E kaft\u00eb<\/p>\n<p style=\"text-align: left;\"><strong>MATERIALI:<\/strong> Dru Akasia, metal<\/p>\n<p style=\"text-align: left;\"><strong>UDH\u00cbZIMET E P\u00cbRDORIMIT:<\/strong> T\u00eb pastrohet me Dor\u00eb<\/p>\n<p style=\"text-align: left;\"><strong>KUSHTET E KTHIMIT \/ GARANCION:<\/strong>P\u00ebr k\u00ebt\u00eb produkt pranohet reklamacion brenda 24 or\u00ebve pasi t\u00eb pranoni porosin\u00eb.<br \/>\n<span style=\"color: #ffffff;\"> 3907489385869<\/span><\/p>\n","protected":false},"featured_media":96406,"template":"","meta":[],"product_brand":[],"product_cat":[136,132],"product_tag":[],"class_list":{"0":"post-96405","1":"product","2":"type-product","3":"status-publish","4":"has-post-thumbnail","6":"product_cat-tryeze","7":"product_cat-tabak","9":"first","10":"outofstock","11":"sale","12":"shipping-taxable","13":"purchasable","14":"product-type-simple","15":"layout-style-1","16":"col-md-4 col-sm-4 col-xs-6","17":"col-lg-2","18":"product-has-gallery","19":"product-style-default"},"yoast_head":"<!-- This site is optimized with the Yoast SEO Premium plugin v18.2.1 (Yoast SEO v22.5) - https:\/\/yoast.com\/wordpress\/plugins\/seo\/ -->\n<title>Tabak sh\u00ebrbimi Akacia Gold 46x30x7cm - Comodita Home<\/title>\n<meta name=\"robots\" content=\"index, follow, max-snippet:-1, max-image-preview:large, max-video-preview:-1\" \/>\n<link rel=\"canonical\" href=\"https:\/\/www.comoditahome.com\/ks\/produkt\/tabak-sherbimi-akacia-gold-46x30x7cm\/\" \/>\n<meta property=\"og:locale\" content=\"sq_AL\" \/>\n<meta property=\"og:type\" content=\"article\" \/>\n<meta property=\"og:title\" content=\"Tabak sh\u00ebrbimi Akacia Gold 46x30x7cm\" \/>\n<meta property=\"og:description\" content=\"Tabak sh\u00ebrbimi Akacia dallohet p\u00ebr form\u00ebn artistike, trash\u00ebsin\u00eb dhe ngjyr\u00ebn natyrale t\u00eb drurit. Ky tabak ka sip\u00ebrfaqe t\u00eb punuar nga materiali i drurit t\u00eb akacias dhe dor\u00ebza t\u00eb metalit. Jepi kuzhin\u00ebs tuaj shum\u00eb stil dhe b\u00ebni prezantimet tuaja m\u00eb unike. Dimensioni \/ Kompozicioni: 46x30x7cm NGJYRA: E kaft\u00eb MATERIALI: Dru Akasia, metal UDH\u00cbZIMET E P\u00cbRDORIMIT: T\u00eb pastrohet me Dor\u00eb KUSHTET E KTHIMIT \/ GARANCION:P\u00ebr k\u00ebt\u00eb produkt pranohet reklamacion brenda 24 or\u00ebve pasi t\u00eb pranoni porosin\u00eb.  3907489385869\" \/>\n<meta property=\"og:url\" content=\"https:\/\/www.comoditahome.com\/ks\/produkt\/tabak-sherbimi-akacia-gold-46x30x7cm\/\" \/>\n<meta property=\"og:site_name\" content=\"Comodita Home\" \/>\n<meta property=\"article:publisher\" content=\"https:\/\/www.facebook.com\/comoditahome\/\" \/>\n<meta property=\"article:modified_time\" content=\"2026-04-24T07:20:30+00:00\" \/>\n<meta property=\"og:image\" content=\"https:\/\/www.comoditahome.com\/ks\/wp-content\/uploads\/2024\/12\/3907489385869-1.jpg\" \/>\n\t<meta property=\"og:image:width\" content=\"1201\" \/>\n\t<meta property=\"og:image:height\" content=\"1307\" \/>\n\t<meta property=\"og:image:type\" content=\"image\/jpeg\" \/>\n<meta name=\"twitter:card\" content=\"summary_large_image\" \/>\n<meta name=\"twitter:label1\" content=\"Est. reading time\" \/>\n\t<meta name=\"twitter:data1\" content=\"1 minut\u00eb\" \/>\n<script type=\"application\/ld+json\" class=\"yoast-schema-graph\">{\"@context\":\"https:\/\/schema.org\",\"@graph\":[{\"@type\":\"WebPage\",\"@id\":\"https:\/\/www.comoditahome.com\/ks\/produkt\/tabak-sherbimi-akacia-gold-46x30x7cm\/\",\"url\":\"https:\/\/www.comoditahome.com\/ks\/produkt\/tabak-sherbimi-akacia-gold-46x30x7cm\/\",\"name\":\"Tabak sh\u00ebrbimi Akacia Gold 46x30x7cm - Comodita Home\",\"isPartOf\":{\"@id\":\"https:\/\/www.comoditahome.com\/ks\/#website\"},\"primaryImageOfPage\":{\"@id\":\"https:\/\/www.comoditahome.com\/ks\/produkt\/tabak-sherbimi-akacia-gold-46x30x7cm\/#primaryimage\"},\"image\":{\"@id\":\"https:\/\/www.comoditahome.com\/ks\/produkt\/tabak-sherbimi-akacia-gold-46x30x7cm\/#primaryimage\"},\"thumbnailUrl\":\"https:\/\/www.comoditahome.com\/ks\/wp-content\/uploads\/2024\/12\/3907489385869-1.jpg\",\"datePublished\":\"2024-12-12T12:30:09+00:00\",\"dateModified\":\"2026-04-24T07:20:30+00:00\",\"breadcrumb\":{\"@id\":\"https:\/\/www.comoditahome.com\/ks\/produkt\/tabak-sherbimi-akacia-gold-46x30x7cm\/#breadcrumb\"},\"inLanguage\":\"sq\",\"potentialAction\":[{\"@type\":\"ReadAction\",\"target\":[\"https:\/\/www.comoditahome.com\/ks\/produkt\/tabak-sherbimi-akacia-gold-46x30x7cm\/\"]}]},{\"@type\":\"ImageObject\",\"inLanguage\":\"sq\",\"@id\":\"https:\/\/www.comoditahome.com\/ks\/produkt\/tabak-sherbimi-akacia-gold-46x30x7cm\/#primaryimage\",\"url\":\"https:\/\/www.comoditahome.com\/ks\/wp-content\/uploads\/2024\/12\/3907489385869-1.jpg\",\"contentUrl\":\"https:\/\/www.comoditahome.com\/ks\/wp-content\/uploads\/2024\/12\/3907489385869-1.jpg\",\"width\":1201,\"height\":1307},{\"@type\":\"BreadcrumbList\",\"@id\":\"https:\/\/www.comoditahome.com\/ks\/produkt\/tabak-sherbimi-akacia-gold-46x30x7cm\/#breadcrumb\",\"itemListElement\":[{\"@type\":\"ListItem\",\"position\":1,\"name\":\"Comodita Home Kosova - Dyshek Mattress\",\"item\":\"https:\/\/www.comoditahome.com\/ks\/\"},{\"@type\":\"ListItem\",\"position\":2,\"name\":\"Shop\",\"item\":\"https:\/\/www.comoditahome.com\/ks\/shop\/\"},{\"@type\":\"ListItem\",\"position\":3,\"name\":\"Tabak sh\u00ebrbimi Akacia Gold 46x30x7cm\"}]},{\"@type\":\"WebSite\",\"@id\":\"https:\/\/www.comoditahome.com\/ks\/#website\",\"url\":\"https:\/\/www.comoditahome.com\/ks\/\",\"name\":\"Comodita Home\",\"description\":\"Dyshek, Jorgan, Jast\u00ebk, Kuzhine, Banjo, Kopsht dhe Aksesor\u00eb\",\"publisher\":{\"@id\":\"https:\/\/www.comoditahome.com\/ks\/#organization\"},\"potentialAction\":[{\"@type\":\"SearchAction\",\"target\":{\"@type\":\"EntryPoint\",\"urlTemplate\":\"https:\/\/www.comoditahome.com\/ks\/?s={search_term_string}\"},\"query-input\":\"required name=search_term_string\"}],\"inLanguage\":\"sq\"},{\"@type\":\"Organization\",\"@id\":\"https:\/\/www.comoditahome.com\/ks\/#organization\",\"name\":\"Comodita Home\",\"url\":\"https:\/\/www.comoditahome.com\/ks\/\",\"logo\":{\"@type\":\"ImageObject\",\"inLanguage\":\"sq\",\"@id\":\"https:\/\/www.comoditahome.com\/ks\/#\/schema\/logo\/image\/\",\"url\":\"https:\/\/www.comoditahome.com\/ks\/wp-content\/uploads\/2022\/05\/COMODITA_HOME_LOGO_KS_MK_AL-02.png\",\"contentUrl\":\"https:\/\/www.comoditahome.com\/ks\/wp-content\/uploads\/2022\/05\/COMODITA_HOME_LOGO_KS_MK_AL-02.png\",\"width\":180,\"height\":87,\"caption\":\"Comodita Home\"},\"image\":{\"@id\":\"https:\/\/www.comoditahome.com\/ks\/#\/schema\/logo\/image\/\"},\"sameAs\":[\"https:\/\/www.facebook.com\/comoditahome\/\",\"https:\/\/www.instagram.com\/comoditahome\/\",\"https:\/\/www.linkedin.com\/company\/comoditahome\/?originalSubdomain=fj\",\"https:\/\/www.youtube.com\/channel\/UC5O6IsT4JD4zaiOqmRi_Pvg\"]}]}<\/script>\n<!-- \/ Yoast SEO Premium plugin. -->","yoast_head_json":{"title":"Tabak sh\u00ebrbimi Akacia Gold 46x30x7cm - Comodita Home","robots":{"index":"index","follow":"follow","max-snippet":"max-snippet:-1","max-image-preview":"max-image-preview:large","max-video-preview":"max-video-preview:-1"},"canonical":"https:\/\/www.comoditahome.com\/ks\/produkt\/tabak-sherbimi-akacia-gold-46x30x7cm\/","og_locale":"sq_AL","og_type":"article","og_title":"Tabak sh\u00ebrbimi Akacia Gold 46x30x7cm","og_description":"Tabak sh\u00ebrbimi Akacia dallohet p\u00ebr form\u00ebn artistike, trash\u00ebsin\u00eb dhe ngjyr\u00ebn natyrale t\u00eb drurit. Ky tabak ka sip\u00ebrfaqe t\u00eb punuar nga materiali i drurit t\u00eb akacias dhe dor\u00ebza t\u00eb metalit. Jepi kuzhin\u00ebs tuaj shum\u00eb stil dhe b\u00ebni prezantimet tuaja m\u00eb unike. Dimensioni \/ Kompozicioni: 46x30x7cm NGJYRA: E kaft\u00eb MATERIALI: Dru Akasia, metal UDH\u00cbZIMET E P\u00cbRDORIMIT: T\u00eb pastrohet me Dor\u00eb KUSHTET E KTHIMIT \/ GARANCION:P\u00ebr k\u00ebt\u00eb produkt pranohet reklamacion brenda 24 or\u00ebve pasi t\u00eb pranoni porosin\u00eb.  3907489385869","og_url":"https:\/\/www.comoditahome.com\/ks\/produkt\/tabak-sherbimi-akacia-gold-46x30x7cm\/","og_site_name":"Comodita Home","article_publisher":"https:\/\/www.facebook.com\/comoditahome\/","article_modified_time":"2026-04-24T07:20:30+00:00","og_image":[{"width":1201,"height":1307,"url":"https:\/\/www.comoditahome.com\/ks\/wp-content\/uploads\/2024\/12\/3907489385869-1.jpg","type":"image\/jpeg"}],"twitter_card":"summary_large_image","twitter_misc":{"Est. reading time":"1 minut\u00eb"},"schema":{"@context":"https:\/\/schema.org","@graph":[{"@type":"WebPage","@id":"https:\/\/www.comoditahome.com\/ks\/produkt\/tabak-sherbimi-akacia-gold-46x30x7cm\/","url":"https:\/\/www.comoditahome.com\/ks\/produkt\/tabak-sherbimi-akacia-gold-46x30x7cm\/","name":"Tabak sh\u00ebrbimi Akacia Gold 46x30x7cm - Comodita Home","isPartOf":{"@id":"https:\/\/www.comoditahome.com\/ks\/#website"},"primaryImageOfPage":{"@id":"https:\/\/www.comoditahome.com\/ks\/produkt\/tabak-sherbimi-akacia-gold-46x30x7cm\/#primaryimage"},"image":{"@id":"https:\/\/www.comoditahome.com\/ks\/produkt\/tabak-sherbimi-akacia-gold-46x30x7cm\/#primaryimage"},"thumbnailUrl":"https:\/\/www.comoditahome.com\/ks\/wp-content\/uploads\/2024\/12\/3907489385869-1.jpg","datePublished":"2024-12-12T12:30:09+00:00","dateModified":"2026-04-24T07:20:30+00:00","breadcrumb":{"@id":"https:\/\/www.comoditahome.com\/ks\/produkt\/tabak-sherbimi-akacia-gold-46x30x7cm\/#breadcrumb"},"inLanguage":"sq","potentialAction":[{"@type":"ReadAction","target":["https:\/\/www.comoditahome.com\/ks\/produkt\/tabak-sherbimi-akacia-gold-46x30x7cm\/"]}]},{"@type":"ImageObject","inLanguage":"sq","@id":"https:\/\/www.comoditahome.com\/ks\/produkt\/tabak-sherbimi-akacia-gold-46x30x7cm\/#primaryimage","url":"https:\/\/www.comoditahome.com\/ks\/wp-content\/uploads\/2024\/12\/3907489385869-1.jpg","contentUrl":"https:\/\/www.comoditahome.com\/ks\/wp-content\/uploads\/2024\/12\/3907489385869-1.jpg","width":1201,"height":1307},{"@type":"BreadcrumbList","@id":"https:\/\/www.comoditahome.com\/ks\/produkt\/tabak-sherbimi-akacia-gold-46x30x7cm\/#breadcrumb","itemListElement":[{"@type":"ListItem","position":1,"name":"Comodita Home Kosova - Dyshek Mattress","item":"https:\/\/www.comoditahome.com\/ks\/"},{"@type":"ListItem","position":2,"name":"Shop","item":"https:\/\/www.comoditahome.com\/ks\/shop\/"},{"@type":"ListItem","position":3,"name":"Tabak sh\u00ebrbimi Akacia Gold 46x30x7cm"}]},{"@type":"WebSite","@id":"https:\/\/www.comoditahome.com\/ks\/#website","url":"https:\/\/www.comoditahome.com\/ks\/","name":"Comodita Home","description":"Dyshek, Jorgan, Jast\u00ebk, Kuzhine, Banjo, Kopsht dhe Aksesor\u00eb","publisher":{"@id":"https:\/\/www.comoditahome.com\/ks\/#organization"},"potentialAction":[{"@type":"SearchAction","target":{"@type":"EntryPoint","urlTemplate":"https:\/\/www.comoditahome.com\/ks\/?s={search_term_string}"},"query-input":"required name=search_term_string"}],"inLanguage":"sq"},{"@type":"Organization","@id":"https:\/\/www.comoditahome.com\/ks\/#organization","name":"Comodita Home","url":"https:\/\/www.comoditahome.com\/ks\/","logo":{"@type":"ImageObject","inLanguage":"sq","@id":"https:\/\/www.comoditahome.com\/ks\/#\/schema\/logo\/image\/","url":"https:\/\/www.comoditahome.com\/ks\/wp-content\/uploads\/2022\/05\/COMODITA_HOME_LOGO_KS_MK_AL-02.png","contentUrl":"https:\/\/www.comoditahome.com\/ks\/wp-content\/uploads\/2022\/05\/COMODITA_HOME_LOGO_KS_MK_AL-02.png","width":180,"height":87,"caption":"Comodita Home"},"image":{"@id":"https:\/\/www.comoditahome.com\/ks\/#\/schema\/logo\/image\/"},"sameAs":["https:\/\/www.facebook.com\/comoditahome\/","https:\/\/www.instagram.com\/comoditahome\/","https:\/\/www.linkedin.com\/company\/comoditahome\/?originalSubdomain=fj","https:\/\/www.youtube.com\/channel\/UC5O6IsT4JD4zaiOqmRi_Pvg"]}]}},"_links":{"self":[{"href":"https:\/\/www.comoditahome.com\/ks\/wp-json\/wp\/v2\/product\/96405","targetHints":{"allow":["GET"]}}],"collection":[{"href":"https:\/\/www.comoditahome.com\/ks\/wp-json\/wp\/v2\/product"}],"about":[{"href":"https:\/\/www.comoditahome.com\/ks\/wp-json\/wp\/v2\/types\/product"}],"version-history":[{"count":1,"href":"https:\/\/www.comoditahome.com\/ks\/wp-json\/wp\/v2\/product\/96405\/revisions"}],"predecessor-version":[{"id":96410,"href":"https:\/\/www.comoditahome.com\/ks\/wp-json\/wp\/v2\/product\/96405\/revisions\/96410"}],"wp:featuredmedia":[{"embeddable":true,"href":"https:\/\/www.comoditahome.com\/ks\/wp-json\/wp\/v2\/media\/96406"}],"wp:attachment":[{"href":"https:\/\/www.comoditahome.com\/ks\/wp-json\/wp\/v2\/media?parent=96405"}],"wp:term":[{"taxonomy":"product_brand","embeddable":true,"href":"https:\/\/www.comoditahome.com\/ks\/wp-json\/wp\/v2\/product_brand?post=96405"},{"taxonomy":"product_cat","embeddable":true,"href":"https:\/\/www.comoditahome.com\/ks\/wp-json\/wp\/v2\/product_cat?post=96405"},{"taxonomy":"product_tag","embeddable":true,"href":"https:\/\/www.comoditahome.com\/ks\/wp-json\/wp\/v2\/product_tag?post=96405"}],"curies":[{"name":"wp","href":"https:\/\/api.w.org\/{rel}","templated":true}]}}