 {"id":97946,"date":"2025-02-11T09:00:39","date_gmt":"2025-02-11T08:00:39","guid":{"rendered":"https:\/\/www.comoditahome.com\/ks\/?post_type=product&#038;p=97946"},"modified":"2026-04-24T09:20:31","modified_gmt":"2026-04-24T07:20:31","slug":"cajnik-i-zi","status":"publish","type":"product","link":"https:\/\/www.comoditahome.com\/ks\/produkt\/cajnik-i-zi\/","title":{"rendered":"\u00c7ajnik i Zi"},"content":{"rendered":"<p>\u00c7ajniku i zi dallohet p\u00ebr dizajnin me nj\u00eb form\u00eb klasike dhe mbajt\u00ebsen shum\u00eb t\u00eb p\u00ebrshtatshme.<\/p>\n<p>\u00cbsht\u00eb shum\u00eb i leht\u00eb p\u00ebr t&#8217;u p\u00ebrdorur dhe ka kapacitet ngroh\u00ebs p\u00ebr 1.7l uj\u00eb.<\/p>\n<p>Ngroht\u00ebsin\u00eb e merr nga baza 360\u00b0C, q\u00eb \u00ebsht\u00eb e ndar\u00eb nga \u00e7ajniku p\u00ebr nj\u00eb servim m\u00eb kompakt.<\/p>\n","protected":false},"excerpt":{"rendered":"<p style=\"text-align: left;\"><span data-olk-copy-source=\"MessageBody\">\u00c7ajniku dallohet p\u00ebr dizajnin me nj\u00eb form\u00eb klasike dhe mbajt\u00ebsen shum\u00eb t\u00eb p\u00ebrshtatshme. \u00cbsht\u00eb shum\u00eb i leht\u00eb p\u00ebr t\u2019u p\u00ebrdorur dhe ka kapacitet ngroh\u00ebs p\u00ebr 1.7l uj\u00eb. Ngroht\u00ebsin\u00eb e merr nga baza 360\u00b0C, q\u00eb \u00ebsht\u00eb e ndar\u00eb nga \u00e7ajniku p\u00ebr nj\u00eb servim m\u00eb kompakt.<\/span><\/p>\n<p style=\"text-align: left;\"><strong>Dimensioni \/ Kompozicioni:<\/strong> 1.7l<\/p>\n<p style=\"text-align: left;\"><strong>NGJYRA:<\/strong> E Zez\u00eb<\/p>\n<p style=\"text-align: left;\"><strong>MATERIALI:<\/strong> Elektrik\u00eb dhe \u00e7eramik\u00eb<\/p>\n<p style=\"text-align: left;\"><strong>UDH\u00cbZIMET E P\u00cbRDORIMIT:<\/strong> T\u00eb pastrohet me Dor\u00eb<\/p>\n<p style=\"text-align: left;\"><strong>KUSHTET E KTHIMIT \/ GARANCION:<\/strong>P\u00ebr k\u00ebt\u00eb produkt pranohet reklamacion brenda 24 or\u00ebve pasi t\u00eb pranoni porosin\u00eb.<br \/>\n<span style=\"color: #ffffff;\">3905710930098<\/span><\/p>\n","protected":false},"featured_media":97947,"template":"","meta":[],"product_brand":[],"product_cat":[131,136],"product_tag":[],"class_list":{"0":"post-97946","1":"product","2":"type-product","3":"status-publish","4":"has-post-thumbnail","6":"product_cat-pajisje-elektrike","7":"product_cat-tryeze","9":"first","10":"outofstock","11":"sale","12":"shipping-taxable","13":"purchasable","14":"product-type-simple","15":"layout-style-1","16":"col-md-4 col-sm-4 col-xs-6","17":"col-lg-2","18":"product-has-gallery","19":"product-style-default"},"yoast_head":"<!-- This site is optimized with the Yoast SEO Premium plugin v18.2.1 (Yoast SEO v22.5) - https:\/\/yoast.com\/wordpress\/plugins\/seo\/ -->\n<title>\u00c7ajnik i Zi - Comodita Home<\/title>\n<meta name=\"description\" content=\"\u00c7ajniku i bardh\u00eb dallohet p\u00ebr dizajnin me nj\u00eb form\u00eb klasike dhe mbajt\u00ebsen shum\u00eb t\u00eb p\u00ebrshtatshme. \u00cbsht\u00eb shum\u00eb i leht\u00eb p\u00ebr t&#039;u p\u00ebrdorur dhe ka kapacitet....\" \/>\n<meta name=\"robots\" content=\"index, follow, max-snippet:-1, max-image-preview:large, max-video-preview:-1\" \/>\n<link rel=\"canonical\" href=\"https:\/\/www.comoditahome.com\/ks\/produkt\/cajnik-i-zi\/\" \/>\n<meta property=\"og:locale\" content=\"sq_AL\" \/>\n<meta property=\"og:type\" content=\"article\" \/>\n<meta property=\"og:title\" content=\"\u00c7ajnik i Zi\" \/>\n<meta property=\"og:description\" content=\"\u00c7ajniku i bardh\u00eb dallohet p\u00ebr dizajnin me nj\u00eb form\u00eb klasike dhe mbajt\u00ebsen shum\u00eb t\u00eb p\u00ebrshtatshme. \u00cbsht\u00eb shum\u00eb i leht\u00eb p\u00ebr t&#039;u p\u00ebrdorur dhe ka kapacitet....\" \/>\n<meta property=\"og:url\" content=\"https:\/\/www.comoditahome.com\/ks\/produkt\/cajnik-i-zi\/\" \/>\n<meta property=\"og:site_name\" content=\"Comodita Home\" \/>\n<meta property=\"article:publisher\" content=\"https:\/\/www.facebook.com\/comoditahome\/\" \/>\n<meta property=\"article:modified_time\" content=\"2026-04-24T07:20:31+00:00\" \/>\n<meta property=\"og:image\" content=\"https:\/\/www.comoditahome.com\/ks\/wp-content\/uploads\/2025\/02\/3905710930098.png\" \/>\n\t<meta property=\"og:image:width\" content=\"1200\" \/>\n\t<meta property=\"og:image:height\" content=\"1300\" \/>\n\t<meta property=\"og:image:type\" content=\"image\/png\" \/>\n<meta name=\"twitter:card\" content=\"summary_large_image\" \/>\n<meta name=\"twitter:label1\" content=\"Est. reading time\" \/>\n\t<meta name=\"twitter:data1\" content=\"1 minut\u00eb\" \/>\n<script type=\"application\/ld+json\" class=\"yoast-schema-graph\">{\"@context\":\"https:\/\/schema.org\",\"@graph\":[{\"@type\":\"WebPage\",\"@id\":\"https:\/\/www.comoditahome.com\/ks\/produkt\/cajnik-i-zi\/\",\"url\":\"https:\/\/www.comoditahome.com\/ks\/produkt\/cajnik-i-zi\/\",\"name\":\"\u00c7ajnik i Zi - Comodita Home\",\"isPartOf\":{\"@id\":\"https:\/\/www.comoditahome.com\/ks\/#website\"},\"primaryImageOfPage\":{\"@id\":\"https:\/\/www.comoditahome.com\/ks\/produkt\/cajnik-i-zi\/#primaryimage\"},\"image\":{\"@id\":\"https:\/\/www.comoditahome.com\/ks\/produkt\/cajnik-i-zi\/#primaryimage\"},\"thumbnailUrl\":\"https:\/\/www.comoditahome.com\/ks\/wp-content\/uploads\/2025\/02\/3905710930098.png\",\"datePublished\":\"2025-02-11T08:00:39+00:00\",\"dateModified\":\"2026-04-24T07:20:31+00:00\",\"description\":\"\u00c7ajniku i bardh\u00eb dallohet p\u00ebr dizajnin me nj\u00eb form\u00eb klasike dhe mbajt\u00ebsen shum\u00eb t\u00eb p\u00ebrshtatshme. \u00cbsht\u00eb shum\u00eb i leht\u00eb p\u00ebr t'u p\u00ebrdorur dhe ka kapacitet....\",\"breadcrumb\":{\"@id\":\"https:\/\/www.comoditahome.com\/ks\/produkt\/cajnik-i-zi\/#breadcrumb\"},\"inLanguage\":\"sq\",\"potentialAction\":[{\"@type\":\"ReadAction\",\"target\":[\"https:\/\/www.comoditahome.com\/ks\/produkt\/cajnik-i-zi\/\"]}]},{\"@type\":\"ImageObject\",\"inLanguage\":\"sq\",\"@id\":\"https:\/\/www.comoditahome.com\/ks\/produkt\/cajnik-i-zi\/#primaryimage\",\"url\":\"https:\/\/www.comoditahome.com\/ks\/wp-content\/uploads\/2025\/02\/3905710930098.png\",\"contentUrl\":\"https:\/\/www.comoditahome.com\/ks\/wp-content\/uploads\/2025\/02\/3905710930098.png\",\"width\":1200,\"height\":1300},{\"@type\":\"BreadcrumbList\",\"@id\":\"https:\/\/www.comoditahome.com\/ks\/produkt\/cajnik-i-zi\/#breadcrumb\",\"itemListElement\":[{\"@type\":\"ListItem\",\"position\":1,\"name\":\"Comodita Home Kosova - Dyshek Mattress\",\"item\":\"https:\/\/www.comoditahome.com\/ks\/\"},{\"@type\":\"ListItem\",\"position\":2,\"name\":\"Shop\",\"item\":\"https:\/\/www.comoditahome.com\/ks\/shop\/\"},{\"@type\":\"ListItem\",\"position\":3,\"name\":\"\u00c7ajnik i Zi\"}]},{\"@type\":\"WebSite\",\"@id\":\"https:\/\/www.comoditahome.com\/ks\/#website\",\"url\":\"https:\/\/www.comoditahome.com\/ks\/\",\"name\":\"Comodita Home\",\"description\":\"Dyshek, Jorgan, Jast\u00ebk, Kuzhine, Banjo, Kopsht dhe Aksesor\u00eb\",\"publisher\":{\"@id\":\"https:\/\/www.comoditahome.com\/ks\/#organization\"},\"potentialAction\":[{\"@type\":\"SearchAction\",\"target\":{\"@type\":\"EntryPoint\",\"urlTemplate\":\"https:\/\/www.comoditahome.com\/ks\/?s={search_term_string}\"},\"query-input\":\"required name=search_term_string\"}],\"inLanguage\":\"sq\"},{\"@type\":\"Organization\",\"@id\":\"https:\/\/www.comoditahome.com\/ks\/#organization\",\"name\":\"Comodita Home\",\"url\":\"https:\/\/www.comoditahome.com\/ks\/\",\"logo\":{\"@type\":\"ImageObject\",\"inLanguage\":\"sq\",\"@id\":\"https:\/\/www.comoditahome.com\/ks\/#\/schema\/logo\/image\/\",\"url\":\"https:\/\/www.comoditahome.com\/ks\/wp-content\/uploads\/2022\/05\/COMODITA_HOME_LOGO_KS_MK_AL-02.png\",\"contentUrl\":\"https:\/\/www.comoditahome.com\/ks\/wp-content\/uploads\/2022\/05\/COMODITA_HOME_LOGO_KS_MK_AL-02.png\",\"width\":180,\"height\":87,\"caption\":\"Comodita Home\"},\"image\":{\"@id\":\"https:\/\/www.comoditahome.com\/ks\/#\/schema\/logo\/image\/\"},\"sameAs\":[\"https:\/\/www.facebook.com\/comoditahome\/\",\"https:\/\/www.instagram.com\/comoditahome\/\",\"https:\/\/www.linkedin.com\/company\/comoditahome\/?originalSubdomain=fj\",\"https:\/\/www.youtube.com\/channel\/UC5O6IsT4JD4zaiOqmRi_Pvg\"]}]}<\/script>\n<!-- \/ Yoast SEO Premium plugin. -->","yoast_head_json":{"title":"\u00c7ajnik i Zi - Comodita Home","description":"\u00c7ajniku i bardh\u00eb dallohet p\u00ebr dizajnin me nj\u00eb form\u00eb klasike dhe mbajt\u00ebsen shum\u00eb t\u00eb p\u00ebrshtatshme. \u00cbsht\u00eb shum\u00eb i leht\u00eb p\u00ebr t'u p\u00ebrdorur dhe ka kapacitet....","robots":{"index":"index","follow":"follow","max-snippet":"max-snippet:-1","max-image-preview":"max-image-preview:large","max-video-preview":"max-video-preview:-1"},"canonical":"https:\/\/www.comoditahome.com\/ks\/produkt\/cajnik-i-zi\/","og_locale":"sq_AL","og_type":"article","og_title":"\u00c7ajnik i Zi","og_description":"\u00c7ajniku i bardh\u00eb dallohet p\u00ebr dizajnin me nj\u00eb form\u00eb klasike dhe mbajt\u00ebsen shum\u00eb t\u00eb p\u00ebrshtatshme. \u00cbsht\u00eb shum\u00eb i leht\u00eb p\u00ebr t'u p\u00ebrdorur dhe ka kapacitet....","og_url":"https:\/\/www.comoditahome.com\/ks\/produkt\/cajnik-i-zi\/","og_site_name":"Comodita Home","article_publisher":"https:\/\/www.facebook.com\/comoditahome\/","article_modified_time":"2026-04-24T07:20:31+00:00","og_image":[{"width":1200,"height":1300,"url":"https:\/\/www.comoditahome.com\/ks\/wp-content\/uploads\/2025\/02\/3905710930098.png","type":"image\/png"}],"twitter_card":"summary_large_image","twitter_misc":{"Est. reading time":"1 minut\u00eb"},"schema":{"@context":"https:\/\/schema.org","@graph":[{"@type":"WebPage","@id":"https:\/\/www.comoditahome.com\/ks\/produkt\/cajnik-i-zi\/","url":"https:\/\/www.comoditahome.com\/ks\/produkt\/cajnik-i-zi\/","name":"\u00c7ajnik i Zi - Comodita Home","isPartOf":{"@id":"https:\/\/www.comoditahome.com\/ks\/#website"},"primaryImageOfPage":{"@id":"https:\/\/www.comoditahome.com\/ks\/produkt\/cajnik-i-zi\/#primaryimage"},"image":{"@id":"https:\/\/www.comoditahome.com\/ks\/produkt\/cajnik-i-zi\/#primaryimage"},"thumbnailUrl":"https:\/\/www.comoditahome.com\/ks\/wp-content\/uploads\/2025\/02\/3905710930098.png","datePublished":"2025-02-11T08:00:39+00:00","dateModified":"2026-04-24T07:20:31+00:00","description":"\u00c7ajniku i bardh\u00eb dallohet p\u00ebr dizajnin me nj\u00eb form\u00eb klasike dhe mbajt\u00ebsen shum\u00eb t\u00eb p\u00ebrshtatshme. \u00cbsht\u00eb shum\u00eb i leht\u00eb p\u00ebr t'u p\u00ebrdorur dhe ka kapacitet....","breadcrumb":{"@id":"https:\/\/www.comoditahome.com\/ks\/produkt\/cajnik-i-zi\/#breadcrumb"},"inLanguage":"sq","potentialAction":[{"@type":"ReadAction","target":["https:\/\/www.comoditahome.com\/ks\/produkt\/cajnik-i-zi\/"]}]},{"@type":"ImageObject","inLanguage":"sq","@id":"https:\/\/www.comoditahome.com\/ks\/produkt\/cajnik-i-zi\/#primaryimage","url":"https:\/\/www.comoditahome.com\/ks\/wp-content\/uploads\/2025\/02\/3905710930098.png","contentUrl":"https:\/\/www.comoditahome.com\/ks\/wp-content\/uploads\/2025\/02\/3905710930098.png","width":1200,"height":1300},{"@type":"BreadcrumbList","@id":"https:\/\/www.comoditahome.com\/ks\/produkt\/cajnik-i-zi\/#breadcrumb","itemListElement":[{"@type":"ListItem","position":1,"name":"Comodita Home Kosova - Dyshek Mattress","item":"https:\/\/www.comoditahome.com\/ks\/"},{"@type":"ListItem","position":2,"name":"Shop","item":"https:\/\/www.comoditahome.com\/ks\/shop\/"},{"@type":"ListItem","position":3,"name":"\u00c7ajnik i Zi"}]},{"@type":"WebSite","@id":"https:\/\/www.comoditahome.com\/ks\/#website","url":"https:\/\/www.comoditahome.com\/ks\/","name":"Comodita Home","description":"Dyshek, Jorgan, Jast\u00ebk, Kuzhine, Banjo, Kopsht dhe Aksesor\u00eb","publisher":{"@id":"https:\/\/www.comoditahome.com\/ks\/#organization"},"potentialAction":[{"@type":"SearchAction","target":{"@type":"EntryPoint","urlTemplate":"https:\/\/www.comoditahome.com\/ks\/?s={search_term_string}"},"query-input":"required name=search_term_string"}],"inLanguage":"sq"},{"@type":"Organization","@id":"https:\/\/www.comoditahome.com\/ks\/#organization","name":"Comodita Home","url":"https:\/\/www.comoditahome.com\/ks\/","logo":{"@type":"ImageObject","inLanguage":"sq","@id":"https:\/\/www.comoditahome.com\/ks\/#\/schema\/logo\/image\/","url":"https:\/\/www.comoditahome.com\/ks\/wp-content\/uploads\/2022\/05\/COMODITA_HOME_LOGO_KS_MK_AL-02.png","contentUrl":"https:\/\/www.comoditahome.com\/ks\/wp-content\/uploads\/2022\/05\/COMODITA_HOME_LOGO_KS_MK_AL-02.png","width":180,"height":87,"caption":"Comodita Home"},"image":{"@id":"https:\/\/www.comoditahome.com\/ks\/#\/schema\/logo\/image\/"},"sameAs":["https:\/\/www.facebook.com\/comoditahome\/","https:\/\/www.instagram.com\/comoditahome\/","https:\/\/www.linkedin.com\/company\/comoditahome\/?originalSubdomain=fj","https:\/\/www.youtube.com\/channel\/UC5O6IsT4JD4zaiOqmRi_Pvg"]}]}},"_links":{"self":[{"href":"https:\/\/www.comoditahome.com\/ks\/wp-json\/wp\/v2\/product\/97946","targetHints":{"allow":["GET"]}}],"collection":[{"href":"https:\/\/www.comoditahome.com\/ks\/wp-json\/wp\/v2\/product"}],"about":[{"href":"https:\/\/www.comoditahome.com\/ks\/wp-json\/wp\/v2\/types\/product"}],"version-history":[{"count":4,"href":"https:\/\/www.comoditahome.com\/ks\/wp-json\/wp\/v2\/product\/97946\/revisions"}],"predecessor-version":[{"id":104822,"href":"https:\/\/www.comoditahome.com\/ks\/wp-json\/wp\/v2\/product\/97946\/revisions\/104822"}],"wp:featuredmedia":[{"embeddable":true,"href":"https:\/\/www.comoditahome.com\/ks\/wp-json\/wp\/v2\/media\/97947"}],"wp:attachment":[{"href":"https:\/\/www.comoditahome.com\/ks\/wp-json\/wp\/v2\/media?parent=97946"}],"wp:term":[{"taxonomy":"product_brand","embeddable":true,"href":"https:\/\/www.comoditahome.com\/ks\/wp-json\/wp\/v2\/product_brand?post=97946"},{"taxonomy":"product_cat","embeddable":true,"href":"https:\/\/www.comoditahome.com\/ks\/wp-json\/wp\/v2\/product_cat?post=97946"},{"taxonomy":"product_tag","embeddable":true,"href":"https:\/\/www.comoditahome.com\/ks\/wp-json\/wp\/v2\/product_tag?post=97946"}],"curies":[{"name":"wp","href":"https:\/\/api.w.org\/{rel}","templated":true}]}}