 {"id":99337,"date":"2025-03-24T09:59:39","date_gmt":"2025-03-24T08:59:39","guid":{"rendered":"https:\/\/www.comoditahome.com\/ks\/?post_type=product&#038;p=99337"},"modified":"2026-05-06T15:38:43","modified_gmt":"2026-05-06T13:38:43","slug":"set-pjatash-blossom","status":"publish","type":"product","link":"https:\/\/www.comoditahome.com\/ks\/produkt\/set-pjatash-blossom\/","title":{"rendered":"Set pjatash Blossom"},"content":{"rendered":"<p>Set pjatash Blossom<\/p>\n<p>Ve\u00e7ohet p\u00ebr stilin unik me linja rrethore, n\u00eb nj\u00eb simetri t\u00eb p\u00ebrkryer.<\/p>\n<p>Secila nga pjatat reflektohet nga bardh\u00ebsia e porcelanit dhe detajet e konturuara me kujdes mbi t\u00eb,<\/p>\n<p>Secili dizajn i pjatave b\u00ebn q\u00eb t\u00eb shijohet ushqimi n\u00eb nj\u00eb dimension tjet\u00ebr.<\/p>\n","protected":false},"excerpt":{"rendered":"<p style=\"text-align: left;\">Seti i pjatave Blossom ve\u00e7ohet p\u00ebr stilin unik me linja rrethore, n\u00eb nj\u00eb simetri t\u00eb p\u00ebrkryer. Secila nga pjatat reflektohet nga bardh\u00ebsia e porcelanit dhe detajet e konturuara me kujdes mbi t\u00eb, ku secili dizajn i pjatave b\u00ebn q\u00eb t\u00eb shijohet ushqimi n\u00eb nj\u00eb dimension tjet\u00ebr.<\/p>\n<p style=\"text-align: left;\"><strong>Dimensioni \/ Kompozicioni:<\/strong> Seti ka 18 pjes\u00eb<\/p>\n<p style=\"text-align: left;\"><strong>NGJYRA:<\/strong> Me dizajn<\/p>\n<p style=\"text-align: left;\"><strong>MATERIALI:<\/strong>\u00a0Porcelan<\/p>\n<p style=\"text-align: left;\"><strong>UDH\u00cbZIMET E P\u00cbRDORIMIT:<\/strong><\/p>\n<p style=\"text-align: left;\"><strong>KUSHTET E KTHIMIT \/ GARANCION:<\/strong>\u00a0P\u00ebr k\u00ebt\u00eb produkt pranohet reklamacion brenda 24 or\u00ebve pasi t\u00eb pranoni porosin\u00eb.<br \/>\n<span style=\"color: #ffffff;\">3905710930814 pijata tanir sahon<\/span><\/p>\n","protected":false},"featured_media":99338,"template":"","meta":[],"product_brand":[],"product_cat":[141,136],"product_tag":[],"class_list":{"0":"post-99337","1":"product","2":"type-product","3":"status-publish","4":"has-post-thumbnail","6":"product_cat-set-pjatash","7":"product_cat-tryeze","9":"first","10":"outofstock","11":"sale","12":"shipping-taxable","13":"purchasable","14":"product-type-simple","15":"layout-style-1","16":"col-md-4 col-sm-4 col-xs-6","17":"col-lg-2","18":"product-style-default"},"yoast_head":"<!-- This site is optimized with the Yoast SEO Premium plugin v18.2.1 (Yoast SEO v22.5) - https:\/\/yoast.com\/wordpress\/plugins\/seo\/ -->\n<title>Set pjatash Blossom - Comodita Home<\/title>\n<meta name=\"description\" content=\"Seti i pjatave Blossom ve\u00e7ohet p\u00ebr stilin unik me linja rrethore, n\u00eb nj\u00eb simetri t\u00eb p\u00ebrkryer. Secila nga pjatat reflektohet nga bardh\u00ebsia e porcelanit dhe detajet e konturuara me kujdes mbi t\u00eb, ku secili dizajn i pjatave b\u00ebn q\u00eb t\u00eb shijohet ushqimi n\u00eb nj\u00eb dimension tjet\u00ebr.\" \/>\n<meta name=\"robots\" content=\"index, follow, max-snippet:-1, max-image-preview:large, max-video-preview:-1\" \/>\n<link rel=\"canonical\" href=\"https:\/\/www.comoditahome.com\/ks\/produkt\/set-pjatash-blossom\/\" \/>\n<meta property=\"og:locale\" content=\"sq_AL\" \/>\n<meta property=\"og:type\" content=\"article\" \/>\n<meta property=\"og:title\" content=\"Set pjatash Blossom\" \/>\n<meta property=\"og:description\" content=\"Seti i pjatave Blossom ve\u00e7ohet p\u00ebr stilin unik me linja rrethore, n\u00eb nj\u00eb simetri t\u00eb p\u00ebrkryer. Secila nga pjatat reflektohet nga bardh\u00ebsia e porcelanit dhe detajet e konturuara me kujdes mbi t\u00eb, ku secili dizajn i pjatave b\u00ebn q\u00eb t\u00eb shijohet ushqimi n\u00eb nj\u00eb dimension tjet\u00ebr.\" \/>\n<meta property=\"og:url\" content=\"https:\/\/www.comoditahome.com\/ks\/produkt\/set-pjatash-blossom\/\" \/>\n<meta property=\"og:site_name\" content=\"Comodita Home\" \/>\n<meta property=\"article:publisher\" content=\"https:\/\/www.facebook.com\/comoditahome\/\" \/>\n<meta property=\"article:modified_time\" content=\"2026-05-06T13:38:43+00:00\" \/>\n<meta property=\"og:image\" content=\"https:\/\/www.comoditahome.com\/ks\/wp-content\/uploads\/2025\/03\/3905710930814.jpg\" \/>\n\t<meta property=\"og:image:width\" content=\"1205\" \/>\n\t<meta property=\"og:image:height\" content=\"1305\" \/>\n\t<meta property=\"og:image:type\" content=\"image\/jpeg\" \/>\n<meta name=\"twitter:card\" content=\"summary_large_image\" \/>\n<meta name=\"twitter:label1\" content=\"Est. reading time\" \/>\n\t<meta name=\"twitter:data1\" content=\"1 minut\u00eb\" \/>\n<script type=\"application\/ld+json\" class=\"yoast-schema-graph\">{\"@context\":\"https:\/\/schema.org\",\"@graph\":[{\"@type\":\"WebPage\",\"@id\":\"https:\/\/www.comoditahome.com\/ks\/produkt\/set-pjatash-blossom\/\",\"url\":\"https:\/\/www.comoditahome.com\/ks\/produkt\/set-pjatash-blossom\/\",\"name\":\"Set pjatash Blossom - Comodita Home\",\"isPartOf\":{\"@id\":\"https:\/\/www.comoditahome.com\/ks\/#website\"},\"primaryImageOfPage\":{\"@id\":\"https:\/\/www.comoditahome.com\/ks\/produkt\/set-pjatash-blossom\/#primaryimage\"},\"image\":{\"@id\":\"https:\/\/www.comoditahome.com\/ks\/produkt\/set-pjatash-blossom\/#primaryimage\"},\"thumbnailUrl\":\"https:\/\/www.comoditahome.com\/ks\/wp-content\/uploads\/2025\/03\/3905710930814.jpg\",\"datePublished\":\"2025-03-24T08:59:39+00:00\",\"dateModified\":\"2026-05-06T13:38:43+00:00\",\"description\":\"Seti i pjatave Blossom ve\u00e7ohet p\u00ebr stilin unik me linja rrethore, n\u00eb nj\u00eb simetri t\u00eb p\u00ebrkryer. Secila nga pjatat reflektohet nga bardh\u00ebsia e porcelanit dhe detajet e konturuara me kujdes mbi t\u00eb, ku secili dizajn i pjatave b\u00ebn q\u00eb t\u00eb shijohet ushqimi n\u00eb nj\u00eb dimension tjet\u00ebr.\",\"breadcrumb\":{\"@id\":\"https:\/\/www.comoditahome.com\/ks\/produkt\/set-pjatash-blossom\/#breadcrumb\"},\"inLanguage\":\"sq\",\"potentialAction\":[{\"@type\":\"ReadAction\",\"target\":[\"https:\/\/www.comoditahome.com\/ks\/produkt\/set-pjatash-blossom\/\"]}]},{\"@type\":\"ImageObject\",\"inLanguage\":\"sq\",\"@id\":\"https:\/\/www.comoditahome.com\/ks\/produkt\/set-pjatash-blossom\/#primaryimage\",\"url\":\"https:\/\/www.comoditahome.com\/ks\/wp-content\/uploads\/2025\/03\/3905710930814.jpg\",\"contentUrl\":\"https:\/\/www.comoditahome.com\/ks\/wp-content\/uploads\/2025\/03\/3905710930814.jpg\",\"width\":1205,\"height\":1305},{\"@type\":\"BreadcrumbList\",\"@id\":\"https:\/\/www.comoditahome.com\/ks\/produkt\/set-pjatash-blossom\/#breadcrumb\",\"itemListElement\":[{\"@type\":\"ListItem\",\"position\":1,\"name\":\"Comodita Home Kosova - Dyshek Mattress\",\"item\":\"https:\/\/www.comoditahome.com\/ks\/\"},{\"@type\":\"ListItem\",\"position\":2,\"name\":\"Shop\",\"item\":\"https:\/\/www.comoditahome.com\/ks\/shop\/\"},{\"@type\":\"ListItem\",\"position\":3,\"name\":\"Set pjatash Blossom\"}]},{\"@type\":\"WebSite\",\"@id\":\"https:\/\/www.comoditahome.com\/ks\/#website\",\"url\":\"https:\/\/www.comoditahome.com\/ks\/\",\"name\":\"Comodita Home\",\"description\":\"Dyshek, Jorgan, Jast\u00ebk, Kuzhine, Banjo, Kopsht dhe Aksesor\u00eb\",\"publisher\":{\"@id\":\"https:\/\/www.comoditahome.com\/ks\/#organization\"},\"potentialAction\":[{\"@type\":\"SearchAction\",\"target\":{\"@type\":\"EntryPoint\",\"urlTemplate\":\"https:\/\/www.comoditahome.com\/ks\/?s={search_term_string}\"},\"query-input\":\"required name=search_term_string\"}],\"inLanguage\":\"sq\"},{\"@type\":\"Organization\",\"@id\":\"https:\/\/www.comoditahome.com\/ks\/#organization\",\"name\":\"Comodita Home\",\"url\":\"https:\/\/www.comoditahome.com\/ks\/\",\"logo\":{\"@type\":\"ImageObject\",\"inLanguage\":\"sq\",\"@id\":\"https:\/\/www.comoditahome.com\/ks\/#\/schema\/logo\/image\/\",\"url\":\"https:\/\/www.comoditahome.com\/ks\/wp-content\/uploads\/2022\/05\/COMODITA_HOME_LOGO_KS_MK_AL-02.png\",\"contentUrl\":\"https:\/\/www.comoditahome.com\/ks\/wp-content\/uploads\/2022\/05\/COMODITA_HOME_LOGO_KS_MK_AL-02.png\",\"width\":180,\"height\":87,\"caption\":\"Comodita Home\"},\"image\":{\"@id\":\"https:\/\/www.comoditahome.com\/ks\/#\/schema\/logo\/image\/\"},\"sameAs\":[\"https:\/\/www.facebook.com\/comoditahome\/\",\"https:\/\/www.instagram.com\/comoditahome\/\",\"https:\/\/www.linkedin.com\/company\/comoditahome\/?originalSubdomain=fj\",\"https:\/\/www.youtube.com\/channel\/UC5O6IsT4JD4zaiOqmRi_Pvg\"]}]}<\/script>\n<!-- \/ Yoast SEO Premium plugin. -->","yoast_head_json":{"title":"Set pjatash Blossom - Comodita Home","description":"Seti i pjatave Blossom ve\u00e7ohet p\u00ebr stilin unik me linja rrethore, n\u00eb nj\u00eb simetri t\u00eb p\u00ebrkryer. Secila nga pjatat reflektohet nga bardh\u00ebsia e porcelanit dhe detajet e konturuara me kujdes mbi t\u00eb, ku secili dizajn i pjatave b\u00ebn q\u00eb t\u00eb shijohet ushqimi n\u00eb nj\u00eb dimension tjet\u00ebr.","robots":{"index":"index","follow":"follow","max-snippet":"max-snippet:-1","max-image-preview":"max-image-preview:large","max-video-preview":"max-video-preview:-1"},"canonical":"https:\/\/www.comoditahome.com\/ks\/produkt\/set-pjatash-blossom\/","og_locale":"sq_AL","og_type":"article","og_title":"Set pjatash Blossom","og_description":"Seti i pjatave Blossom ve\u00e7ohet p\u00ebr stilin unik me linja rrethore, n\u00eb nj\u00eb simetri t\u00eb p\u00ebrkryer. Secila nga pjatat reflektohet nga bardh\u00ebsia e porcelanit dhe detajet e konturuara me kujdes mbi t\u00eb, ku secili dizajn i pjatave b\u00ebn q\u00eb t\u00eb shijohet ushqimi n\u00eb nj\u00eb dimension tjet\u00ebr.","og_url":"https:\/\/www.comoditahome.com\/ks\/produkt\/set-pjatash-blossom\/","og_site_name":"Comodita Home","article_publisher":"https:\/\/www.facebook.com\/comoditahome\/","article_modified_time":"2026-05-06T13:38:43+00:00","og_image":[{"width":1205,"height":1305,"url":"https:\/\/www.comoditahome.com\/ks\/wp-content\/uploads\/2025\/03\/3905710930814.jpg","type":"image\/jpeg"}],"twitter_card":"summary_large_image","twitter_misc":{"Est. reading time":"1 minut\u00eb"},"schema":{"@context":"https:\/\/schema.org","@graph":[{"@type":"WebPage","@id":"https:\/\/www.comoditahome.com\/ks\/produkt\/set-pjatash-blossom\/","url":"https:\/\/www.comoditahome.com\/ks\/produkt\/set-pjatash-blossom\/","name":"Set pjatash Blossom - Comodita Home","isPartOf":{"@id":"https:\/\/www.comoditahome.com\/ks\/#website"},"primaryImageOfPage":{"@id":"https:\/\/www.comoditahome.com\/ks\/produkt\/set-pjatash-blossom\/#primaryimage"},"image":{"@id":"https:\/\/www.comoditahome.com\/ks\/produkt\/set-pjatash-blossom\/#primaryimage"},"thumbnailUrl":"https:\/\/www.comoditahome.com\/ks\/wp-content\/uploads\/2025\/03\/3905710930814.jpg","datePublished":"2025-03-24T08:59:39+00:00","dateModified":"2026-05-06T13:38:43+00:00","description":"Seti i pjatave Blossom ve\u00e7ohet p\u00ebr stilin unik me linja rrethore, n\u00eb nj\u00eb simetri t\u00eb p\u00ebrkryer. Secila nga pjatat reflektohet nga bardh\u00ebsia e porcelanit dhe detajet e konturuara me kujdes mbi t\u00eb, ku secili dizajn i pjatave b\u00ebn q\u00eb t\u00eb shijohet ushqimi n\u00eb nj\u00eb dimension tjet\u00ebr.","breadcrumb":{"@id":"https:\/\/www.comoditahome.com\/ks\/produkt\/set-pjatash-blossom\/#breadcrumb"},"inLanguage":"sq","potentialAction":[{"@type":"ReadAction","target":["https:\/\/www.comoditahome.com\/ks\/produkt\/set-pjatash-blossom\/"]}]},{"@type":"ImageObject","inLanguage":"sq","@id":"https:\/\/www.comoditahome.com\/ks\/produkt\/set-pjatash-blossom\/#primaryimage","url":"https:\/\/www.comoditahome.com\/ks\/wp-content\/uploads\/2025\/03\/3905710930814.jpg","contentUrl":"https:\/\/www.comoditahome.com\/ks\/wp-content\/uploads\/2025\/03\/3905710930814.jpg","width":1205,"height":1305},{"@type":"BreadcrumbList","@id":"https:\/\/www.comoditahome.com\/ks\/produkt\/set-pjatash-blossom\/#breadcrumb","itemListElement":[{"@type":"ListItem","position":1,"name":"Comodita Home Kosova - Dyshek Mattress","item":"https:\/\/www.comoditahome.com\/ks\/"},{"@type":"ListItem","position":2,"name":"Shop","item":"https:\/\/www.comoditahome.com\/ks\/shop\/"},{"@type":"ListItem","position":3,"name":"Set pjatash Blossom"}]},{"@type":"WebSite","@id":"https:\/\/www.comoditahome.com\/ks\/#website","url":"https:\/\/www.comoditahome.com\/ks\/","name":"Comodita Home","description":"Dyshek, Jorgan, Jast\u00ebk, Kuzhine, Banjo, Kopsht dhe Aksesor\u00eb","publisher":{"@id":"https:\/\/www.comoditahome.com\/ks\/#organization"},"potentialAction":[{"@type":"SearchAction","target":{"@type":"EntryPoint","urlTemplate":"https:\/\/www.comoditahome.com\/ks\/?s={search_term_string}"},"query-input":"required name=search_term_string"}],"inLanguage":"sq"},{"@type":"Organization","@id":"https:\/\/www.comoditahome.com\/ks\/#organization","name":"Comodita Home","url":"https:\/\/www.comoditahome.com\/ks\/","logo":{"@type":"ImageObject","inLanguage":"sq","@id":"https:\/\/www.comoditahome.com\/ks\/#\/schema\/logo\/image\/","url":"https:\/\/www.comoditahome.com\/ks\/wp-content\/uploads\/2022\/05\/COMODITA_HOME_LOGO_KS_MK_AL-02.png","contentUrl":"https:\/\/www.comoditahome.com\/ks\/wp-content\/uploads\/2022\/05\/COMODITA_HOME_LOGO_KS_MK_AL-02.png","width":180,"height":87,"caption":"Comodita Home"},"image":{"@id":"https:\/\/www.comoditahome.com\/ks\/#\/schema\/logo\/image\/"},"sameAs":["https:\/\/www.facebook.com\/comoditahome\/","https:\/\/www.instagram.com\/comoditahome\/","https:\/\/www.linkedin.com\/company\/comoditahome\/?originalSubdomain=fj","https:\/\/www.youtube.com\/channel\/UC5O6IsT4JD4zaiOqmRi_Pvg"]}]}},"_links":{"self":[{"href":"https:\/\/www.comoditahome.com\/ks\/wp-json\/wp\/v2\/product\/99337","targetHints":{"allow":["GET"]}}],"collection":[{"href":"https:\/\/www.comoditahome.com\/ks\/wp-json\/wp\/v2\/product"}],"about":[{"href":"https:\/\/www.comoditahome.com\/ks\/wp-json\/wp\/v2\/types\/product"}],"version-history":[{"count":1,"href":"https:\/\/www.comoditahome.com\/ks\/wp-json\/wp\/v2\/product\/99337\/revisions"}],"predecessor-version":[{"id":99339,"href":"https:\/\/www.comoditahome.com\/ks\/wp-json\/wp\/v2\/product\/99337\/revisions\/99339"}],"wp:featuredmedia":[{"embeddable":true,"href":"https:\/\/www.comoditahome.com\/ks\/wp-json\/wp\/v2\/media\/99338"}],"wp:attachment":[{"href":"https:\/\/www.comoditahome.com\/ks\/wp-json\/wp\/v2\/media?parent=99337"}],"wp:term":[{"taxonomy":"product_brand","embeddable":true,"href":"https:\/\/www.comoditahome.com\/ks\/wp-json\/wp\/v2\/product_brand?post=99337"},{"taxonomy":"product_cat","embeddable":true,"href":"https:\/\/www.comoditahome.com\/ks\/wp-json\/wp\/v2\/product_cat?post=99337"},{"taxonomy":"product_tag","embeddable":true,"href":"https:\/\/www.comoditahome.com\/ks\/wp-json\/wp\/v2\/product_tag?post=99337"}],"curies":[{"name":"wp","href":"https:\/\/api.w.org\/{rel}","templated":true}]}}