 {"id":48374,"date":"2021-05-12T07:23:39","date_gmt":"2021-05-12T05:23:39","guid":{"rendered":"https:\/\/mk.comoditahome.com\/%d0%b4%d0%b5%d1%86%d0%b0\/"},"modified":"2024-04-05T09:22:42","modified_gmt":"2024-04-05T07:22:42","slug":"kids","status":"publish","type":"page","link":"https:\/\/www.comoditahome.com\/mk\/sq\/kids\/","title":{"rendered":"KIDS"},"content":{"rendered":"\t\t<div data-elementor-type=\"wp-page\" data-elementor-id=\"48374\" class=\"elementor elementor-48374 elementor-2821\">\n\t\t\t\t\t\t\t\t\t<section class=\"elementor-section elementor-top-section elementor-element elementor-element-38a1014 elementor-section-full_width elementor-section-stretched elementor-section-height-default elementor-section-height-default\" data-id=\"38a1014\" data-element_type=\"section\" data-settings=\"{&quot;stretch_section&quot;:&quot;section-stretched&quot;,&quot;background_background&quot;:&quot;classic&quot;}\">\n\t\t\t\t\t\t<div class=\"elementor-container elementor-column-gap-default\">\n\t\t\t\t\t<div class=\"elementor-column elementor-col-33 elementor-top-column elementor-element elementor-element-0bca5f9\" data-id=\"0bca5f9\" data-element_type=\"column\">\n\t\t\t<div class=\"elementor-widget-wrap\">\n\t\t\t\t\t\t\t\t\t<\/div>\n\t\t<\/div>\n\t\t\t\t<div class=\"elementor-column elementor-col-33 elementor-top-column elementor-element elementor-element-5eb0ead\" data-id=\"5eb0ead\" data-element_type=\"column\">\n\t\t\t<div class=\"elementor-widget-wrap elementor-element-populated\">\n\t\t\t\t\t\t\t\t<div class=\"elementor-element elementor-element-0612f78 elementor-widget elementor-widget-text-editor\" data-id=\"0612f78\" data-element_type=\"widget\" data-widget_type=\"text-editor.default\">\n\t\t\t\t<div class=\"elementor-widget-container\">\n\t\t\t\t\t\t\t<header style=\"box-sizing: inherit;\" role=\"banner\"><div style=\"box-sizing: inherit;\"><div style=\"box-sizing: inherit;\"><div style=\"box-sizing: inherit;\"><p style=\"text-align: center;\">Gjall\u00ebroni dhom\u00ebn ku t\u00eb vegj\u00eblit tuaj do t\u00eb kalojn\u00eb vitet e para t\u00eb jet\u00ebs, me dyshek\u00eb, dekore dhe produkte gjumi ekologjike. Rehatia e tyre ka nj\u00eb r\u00ebnd\u00ebsi t\u00eb madhe p\u00ebr nj\u00eb rritje t\u00eb sh\u00ebndetshme, dhe kjo kategori do t\u00eb ju ndihmoj pik\u00ebrisht p\u00ebr k\u00ebt\u00eb! Eksploroni laramanin\u00eb e \u00e7ar\u00e7af\u00ebve prej pambuku, dekoreve t\u00eb drurit apo jorgan\u00ebve plot\u00eb me but\u00ebsi!<\/p><\/div><\/div><\/div><\/header>\t\t\t\t\t\t<\/div>\n\t\t\t\t<\/div>\n\t\t\t\t\t<\/div>\n\t\t<\/div>\n\t\t\t\t<div class=\"elementor-column elementor-col-33 elementor-top-column elementor-element elementor-element-9b839f9\" data-id=\"9b839f9\" data-element_type=\"column\">\n\t\t\t<div class=\"elementor-widget-wrap\">\n\t\t\t\t\t\t\t\t\t<\/div>\n\t\t<\/div>\n\t\t\t\t\t\t\t<\/div>\n\t\t<\/section>\n\t\t\t\t<section class=\"elementor-section elementor-top-section elementor-element elementor-element-e632380 elementor-section-full_width elementor-section-stretched elementor-section-height-default elementor-section-height-default\" data-id=\"e632380\" data-element_type=\"section\" data-settings=\"{&quot;stretch_section&quot;:&quot;section-stretched&quot;}\">\n\t\t\t\t\t\t<div class=\"elementor-container elementor-column-gap-no\">\n\t\t\t\t\t<div class=\"elementor-column elementor-col-25 elementor-top-column elementor-element elementor-element-f4746eb\" data-id=\"f4746eb\" data-element_type=\"column\">\n\t\t\t<div class=\"elementor-widget-wrap elementor-element-populated\">\n\t\t\t\t\t\t\t\t<div class=\"elementor-element elementor-element-6eb544b elementor-widget elementor-widget-sober-banner\" data-id=\"6eb544b\" data-element_type=\"widget\" data-widget_type=\"sober-banner.default\">\n\t\t\t\t<div class=\"elementor-widget-container\">\n\t\t\t\t\t<div class=\"sober-banner-image sober-banner--elementor sober-banner-image--hover-zoom sober-banner-image--button-visible-always sober-banner-image--content-center-middle sober-banner-image--content-sm-left-top sober-banner-image--content-xs-left-top\">\n\t\t\t<a class=\"sober-banner-image__link\" href=\"https:\/\/www.comoditahome.com\/mk\/sq\/product-category\/kids\/dyshek-kids\">\t\t\t\t<img loading=\"lazy\" decoding=\"async\" width=\"640\" height=\"867\" src=\"https:\/\/www.comoditahome.com\/mk\/wp-content\/uploads\/2021\/07\/DYSHEK-Kids.jpg\" class=\"attachment-full size-full\" alt=\"\" srcset=\"https:\/\/www.comoditahome.com\/mk\/wp-content\/uploads\/2021\/07\/DYSHEK-Kids.jpg 640w, https:\/\/www.comoditahome.com\/mk\/wp-content\/uploads\/2021\/07\/DYSHEK-Kids-221x300.jpg 221w, https:\/\/www.comoditahome.com\/mk\/wp-content\/uploads\/2021\/07\/DYSHEK-Kids-111x150.jpg 111w\" sizes=\"auto, (max-width: 640px) 100vw, 640px\" \/>\n\t\t\t\t<div class=\"sober-banner-image__content\">\n\t\t\t\t\t\n\t\t\t\t\t\t\t\t\t\t\t<div class=\"sober-banner-image__title\">DYSHEK<\/div>\n\t\t\t\t\t\n\t\t\t\t\t\n\t\t\t\t\t<div class=\"sober-banner-image__buttons\">\n\t\t\t\t\t\t\t\t\t\t\t\t\t\t\t\t\t<\/div>\n\t\t\t\t<\/div>\n\t\t\t<\/a>\t\t<\/div>\n\t\t\t\t<\/div>\n\t\t\t\t<\/div>\n\t\t\t\t\t<\/div>\n\t\t<\/div>\n\t\t\t\t<div class=\"elementor-column elementor-col-25 elementor-top-column elementor-element elementor-element-b04a274\" data-id=\"b04a274\" data-element_type=\"column\">\n\t\t\t<div class=\"elementor-widget-wrap elementor-element-populated\">\n\t\t\t\t\t\t\t\t<div class=\"elementor-element elementor-element-87b3b30 elementor-widget elementor-widget-sober-banner\" data-id=\"87b3b30\" data-element_type=\"widget\" data-widget_type=\"sober-banner.default\">\n\t\t\t\t<div class=\"elementor-widget-container\">\n\t\t\t\t\t<div class=\"sober-banner-image sober-banner--elementor sober-banner-image--hover-zoom sober-banner-image--button-visible-always sober-banner-image--content-center-middle sober-banner-image--content-sm-left-top sober-banner-image--content-xs-left-top\">\n\t\t\t<a class=\"sober-banner-image__link\" href=\"https:\/\/www.comoditahome.com\/mk\/sq\/product-category\/kids\/jorgan-kids\">\t\t\t\t<img loading=\"lazy\" decoding=\"async\" width=\"640\" height=\"867\" src=\"https:\/\/www.comoditahome.com\/mk\/wp-content\/uploads\/2021\/07\/Jorgan-Kidsssss.jpg\" class=\"attachment-full size-full\" alt=\"\" srcset=\"https:\/\/www.comoditahome.com\/mk\/wp-content\/uploads\/2021\/07\/Jorgan-Kidsssss.jpg 640w, https:\/\/www.comoditahome.com\/mk\/wp-content\/uploads\/2021\/07\/Jorgan-Kidsssss-221x300.jpg 221w, https:\/\/www.comoditahome.com\/mk\/wp-content\/uploads\/2021\/07\/Jorgan-Kidsssss-111x150.jpg 111w\" sizes=\"auto, (max-width: 640px) 100vw, 640px\" \/>\n\t\t\t\t<div class=\"sober-banner-image__content\">\n\t\t\t\t\t\n\t\t\t\t\t\t\t\t\t\t\t<div class=\"sober-banner-image__title\">JORGAN<\/div>\n\t\t\t\t\t\n\t\t\t\t\t\n\t\t\t\t\t<div class=\"sober-banner-image__buttons\">\n\t\t\t\t\t\t\t\t\t\t\t\t\t\t\t\t\t<\/div>\n\t\t\t\t<\/div>\n\t\t\t<\/a>\t\t<\/div>\n\t\t\t\t<\/div>\n\t\t\t\t<\/div>\n\t\t\t\t\t<\/div>\n\t\t<\/div>\n\t\t\t\t<div class=\"elementor-column elementor-col-25 elementor-top-column elementor-element elementor-element-d4251f2\" data-id=\"d4251f2\" data-element_type=\"column\">\n\t\t\t<div class=\"elementor-widget-wrap elementor-element-populated\">\n\t\t\t\t\t\t\t\t<div class=\"elementor-element elementor-element-93569c6 elementor-widget elementor-widget-sober-banner\" data-id=\"93569c6\" data-element_type=\"widget\" data-widget_type=\"sober-banner.default\">\n\t\t\t\t<div class=\"elementor-widget-container\">\n\t\t\t\t\t<div class=\"sober-banner-image sober-banner--elementor sober-banner-image--hover-zoom sober-banner-image--button-visible-always sober-banner-image--content-center-middle sober-banner-image--content-sm-left-top sober-banner-image--content-xs-left-top\">\n\t\t\t<a class=\"sober-banner-image__link\" href=\"https:\/\/www.comoditahome.com\/mk\/sq\/product-category\/kids\/jastek-kids\">\t\t\t\t<img loading=\"lazy\" decoding=\"async\" width=\"640\" height=\"867\" src=\"https:\/\/www.comoditahome.com\/mk\/wp-content\/uploads\/2021\/07\/Jastek-Kids.jpg\" class=\"attachment-full size-full\" alt=\"\" srcset=\"https:\/\/www.comoditahome.com\/mk\/wp-content\/uploads\/2021\/07\/Jastek-Kids.jpg 640w, https:\/\/www.comoditahome.com\/mk\/wp-content\/uploads\/2021\/07\/Jastek-Kids-221x300.jpg 221w, https:\/\/www.comoditahome.com\/mk\/wp-content\/uploads\/2021\/07\/Jastek-Kids-111x150.jpg 111w\" sizes=\"auto, (max-width: 640px) 100vw, 640px\" \/>\n\t\t\t\t<div class=\"sober-banner-image__content\">\n\t\t\t\t\t\n\t\t\t\t\t\t\t\t\t\t\t<div class=\"sober-banner-image__title\">JAST\u00cbK<\/div>\n\t\t\t\t\t\n\t\t\t\t\t\n\t\t\t\t\t<div class=\"sober-banner-image__buttons\">\n\t\t\t\t\t\t\t\t\t\t\t\t\t\t\t\t\t<\/div>\n\t\t\t\t<\/div>\n\t\t\t<\/a>\t\t<\/div>\n\t\t\t\t<\/div>\n\t\t\t\t<\/div>\n\t\t\t\t\t<\/div>\n\t\t<\/div>\n\t\t\t\t<div class=\"elementor-column elementor-col-25 elementor-top-column elementor-element elementor-element-710e7c2\" data-id=\"710e7c2\" data-element_type=\"column\">\n\t\t\t<div class=\"elementor-widget-wrap elementor-element-populated\">\n\t\t\t\t\t\t\t\t<div class=\"elementor-element elementor-element-c1120c8 elementor-widget elementor-widget-sober-banner\" data-id=\"c1120c8\" data-element_type=\"widget\" data-widget_type=\"sober-banner.default\">\n\t\t\t\t<div class=\"elementor-widget-container\">\n\t\t\t\t\t<div class=\"sober-banner-image sober-banner--elementor sober-banner-image--hover-zoom sober-banner-image--button-visible-always sober-banner-image--content-center-middle sober-banner-image--content-sm-left-top sober-banner-image--content-xs-left-top\">\n\t\t\t<a class=\"sober-banner-image__link\" href=\"https:\/\/www.comoditahome.com\/mk\/sq\/product-category\/kids\/dekor-kids\">\t\t\t\t<img loading=\"lazy\" decoding=\"async\" width=\"640\" height=\"867\" src=\"https:\/\/www.comoditahome.com\/mk\/wp-content\/uploads\/2021\/07\/Dekor-kids.jpg\" class=\"attachment-full size-full\" alt=\"\" srcset=\"https:\/\/www.comoditahome.com\/mk\/wp-content\/uploads\/2021\/07\/Dekor-kids.jpg 640w, https:\/\/www.comoditahome.com\/mk\/wp-content\/uploads\/2021\/07\/Dekor-kids-221x300.jpg 221w, https:\/\/www.comoditahome.com\/mk\/wp-content\/uploads\/2021\/07\/Dekor-kids-111x150.jpg 111w\" sizes=\"auto, (max-width: 640px) 100vw, 640px\" \/>\n\t\t\t\t<div class=\"sober-banner-image__content\">\n\t\t\t\t\t\n\t\t\t\t\t\t\t\t\t\t\t<div class=\"sober-banner-image__title\">DEKOR<\/div>\n\t\t\t\t\t\n\t\t\t\t\t\n\t\t\t\t\t<div class=\"sober-banner-image__buttons\">\n\t\t\t\t\t\t\t\t\t\t\t\t\t\t\t\t\t<\/div>\n\t\t\t\t<\/div>\n\t\t\t<\/a>\t\t<\/div>\n\t\t\t\t<\/div>\n\t\t\t\t<\/div>\n\t\t\t\t\t<\/div>\n\t\t<\/div>\n\t\t\t\t\t\t\t<\/div>\n\t\t<\/section>\n\t\t\t\t<section class=\"elementor-section elementor-top-section elementor-element elementor-element-821f710 elementor-section-full_width elementor-section-stretched elementor-section-height-default elementor-section-height-default\" data-id=\"821f710\" data-element_type=\"section\" data-settings=\"{&quot;stretch_section&quot;:&quot;section-stretched&quot;,&quot;background_background&quot;:&quot;classic&quot;}\">\n\t\t\t\t\t\t<div class=\"elementor-container elementor-column-gap-no\">\n\t\t\t\t\t<div class=\"elementor-column elementor-col-25 elementor-top-column elementor-element elementor-element-05a93ce\" data-id=\"05a93ce\" data-element_type=\"column\">\n\t\t\t<div class=\"elementor-widget-wrap elementor-element-populated\">\n\t\t\t\t\t\t\t\t<div class=\"elementor-element elementor-element-cd4cb4c elementor-widget elementor-widget-sober-banner\" data-id=\"cd4cb4c\" data-element_type=\"widget\" data-widget_type=\"sober-banner.default\">\n\t\t\t\t<div class=\"elementor-widget-container\">\n\t\t\t\t\t<div class=\"sober-banner-image sober-banner--elementor sober-banner-image--hover-zoom sober-banner-image--button-visible-always sober-banner-image--content-center-middle sober-banner-image--content-sm-left-top sober-banner-image--content-xs-left-top\">\n\t\t\t<a class=\"sober-banner-image__link\" href=\"https:\/\/www.comoditahome.com\/mk\/sq\/product-category\/kids\/protektor-kids\">\t\t\t\t<img loading=\"lazy\" decoding=\"async\" width=\"640\" height=\"867\" src=\"https:\/\/www.comoditahome.com\/mk\/wp-content\/uploads\/2021\/07\/Protektor-Kids.jpg\" class=\"attachment-full size-full\" alt=\"\" srcset=\"https:\/\/www.comoditahome.com\/mk\/wp-content\/uploads\/2021\/07\/Protektor-Kids.jpg 640w, https:\/\/www.comoditahome.com\/mk\/wp-content\/uploads\/2021\/07\/Protektor-Kids-221x300.jpg 221w, https:\/\/www.comoditahome.com\/mk\/wp-content\/uploads\/2021\/07\/Protektor-Kids-111x150.jpg 111w\" sizes=\"auto, (max-width: 640px) 100vw, 640px\" \/>\n\t\t\t\t<div class=\"sober-banner-image__content\">\n\t\t\t\t\t\n\t\t\t\t\t\t\t\t\t\t\t<div class=\"sober-banner-image__title\">PROTEKTOR<\/div>\n\t\t\t\t\t\n\t\t\t\t\t\n\t\t\t\t\t<div class=\"sober-banner-image__buttons\">\n\t\t\t\t\t\t\t\t\t\t\t\t\t\t\t\t\t<\/div>\n\t\t\t\t<\/div>\n\t\t\t<\/a>\t\t<\/div>\n\t\t\t\t<\/div>\n\t\t\t\t<\/div>\n\t\t\t\t\t<\/div>\n\t\t<\/div>\n\t\t\t\t<div class=\"elementor-column elementor-col-25 elementor-top-column elementor-element elementor-element-1ddd4db\" data-id=\"1ddd4db\" data-element_type=\"column\">\n\t\t\t<div class=\"elementor-widget-wrap elementor-element-populated\">\n\t\t\t\t\t\t\t\t<div class=\"elementor-element elementor-element-18f4238 elementor-widget elementor-widget-sober-banner\" data-id=\"18f4238\" data-element_type=\"widget\" data-widget_type=\"sober-banner.default\">\n\t\t\t\t<div class=\"elementor-widget-container\">\n\t\t\t\t\t<div class=\"sober-banner-image sober-banner--elementor sober-banner-image--hover-zoom sober-banner-image--button-visible-always sober-banner-image--content-center-middle sober-banner-image--content-sm-left-top sober-banner-image--content-xs-left-top\">\n\t\t\t<a class=\"sober-banner-image__link\" href=\"https:\/\/www.comoditahome.com\/mk\/sq\/product-category\/kids\/protektor-kids-set-carcafesh-3\">\t\t\t\t<img loading=\"lazy\" decoding=\"async\" width=\"640\" height=\"867\" src=\"https:\/\/www.comoditahome.com\/mk\/wp-content\/uploads\/2024\/03\/Set-carcafesh-Kids.jpg\" class=\"attachment-full size-full\" alt=\"\" srcset=\"https:\/\/www.comoditahome.com\/mk\/wp-content\/uploads\/2024\/03\/Set-carcafesh-Kids.jpg 640w, https:\/\/www.comoditahome.com\/mk\/wp-content\/uploads\/2024\/03\/Set-carcafesh-Kids-221x300.jpg 221w, https:\/\/www.comoditahome.com\/mk\/wp-content\/uploads\/2024\/03\/Set-carcafesh-Kids-111x150.jpg 111w\" sizes=\"auto, (max-width: 640px) 100vw, 640px\" \/>\n\t\t\t\t<div class=\"sober-banner-image__content\">\n\t\t\t\t\t\n\t\t\t\t\t\t\t\t\t\t\t<div class=\"sober-banner-image__title\">SET \u00c7AR\u00c7AF\u00cbSH<\/div>\n\t\t\t\t\t\n\t\t\t\t\t\n\t\t\t\t\t<div class=\"sober-banner-image__buttons\">\n\t\t\t\t\t\t\t\t\t\t\t\t\t\t\t\t\t<\/div>\n\t\t\t\t<\/div>\n\t\t\t<\/a>\t\t<\/div>\n\t\t\t\t<\/div>\n\t\t\t\t<\/div>\n\t\t\t\t\t<\/div>\n\t\t<\/div>\n\t\t\t\t<div class=\"elementor-column elementor-col-25 elementor-top-column elementor-element elementor-element-20451ff\" data-id=\"20451ff\" data-element_type=\"column\">\n\t\t\t<div class=\"elementor-widget-wrap\">\n\t\t\t\t\t\t\t\t\t<\/div>\n\t\t<\/div>\n\t\t\t\t<div class=\"elementor-column elementor-col-25 elementor-top-column elementor-element elementor-element-ce2b1d4\" data-id=\"ce2b1d4\" data-element_type=\"column\">\n\t\t\t<div class=\"elementor-widget-wrap\">\n\t\t\t\t\t\t\t\t\t<\/div>\n\t\t<\/div>\n\t\t\t\t\t\t\t<\/div>\n\t\t<\/section>\n\t\t\t\t\t\t\t<\/div>\n\t\t","protected":false},"excerpt":{"rendered":"<p>Gjall\u00ebroni dhom\u00ebn ku t\u00eb vegj\u00eblit tuaj do t\u00eb kalojn\u00eb vitet e para t\u00eb jet\u00ebs, me dyshek\u00eb, dekore dhe produkte gjumi ekologjike. Rehatia e tyre ka nj\u00eb r\u00ebnd\u00ebsi t\u00eb madhe p\u00ebr&hellip;<\/p>\n","protected":false},"author":1,"featured_media":0,"parent":0,"menu_order":0,"comment_status":"closed","ping_status":"closed","template":"templates\/homepage.php","meta":{"footnotes":""},"class_list":["post-48374","page","type-page","status-publish","hentry"],"_links":{"self":[{"href":"https:\/\/www.comoditahome.com\/mk\/sq\/wp-json\/wp\/v2\/pages\/48374","targetHints":{"allow":["GET"]}}],"collection":[{"href":"https:\/\/www.comoditahome.com\/mk\/sq\/wp-json\/wp\/v2\/pages"}],"about":[{"href":"https:\/\/www.comoditahome.com\/mk\/sq\/wp-json\/wp\/v2\/types\/page"}],"author":[{"embeddable":true,"href":"https:\/\/www.comoditahome.com\/mk\/sq\/wp-json\/wp\/v2\/users\/1"}],"replies":[{"embeddable":true,"href":"https:\/\/www.comoditahome.com\/mk\/sq\/wp-json\/wp\/v2\/comments?post=48374"}],"version-history":[{"count":20,"href":"https:\/\/www.comoditahome.com\/mk\/sq\/wp-json\/wp\/v2\/pages\/48374\/revisions"}],"predecessor-version":[{"id":82077,"href":"https:\/\/www.comoditahome.com\/mk\/sq\/wp-json\/wp\/v2\/pages\/48374\/revisions\/82077"}],"wp:attachment":[{"href":"https:\/\/www.comoditahome.com\/mk\/sq\/wp-json\/wp\/v2\/media?parent=48374"}],"curies":[{"name":"wp","href":"https:\/\/api.w.org\/{rel}","templated":true}]}}