 {"id":48391,"date":"2021-06-18T07:41:23","date_gmt":"2021-06-18T05:41:23","guid":{"rendered":"https:\/\/mk.comoditahome.com\/deri-ne-600-denare\/"},"modified":"2022-09-17T20:17:22","modified_gmt":"2022-09-17T18:17:22","slug":"deri-ne-1000-denare","status":"publish","type":"page","link":"https:\/\/www.comoditahome.com\/mk\/sq\/deri-ne-1000-denare\/","title":{"rendered":"DERI N\u00cb 1000 DENAR\u00cb"},"content":{"rendered":"\t\t<div data-elementor-type=\"wp-page\" data-elementor-id=\"48391\" class=\"elementor elementor-48391 elementor-3220\">\n\t\t\t\t\t\t\t\t\t<section class=\"elementor-section elementor-top-section elementor-element elementor-element-518d19e elementor-section-full_width elementor-section-height-default elementor-section-height-default\" data-id=\"518d19e\" data-element_type=\"section\">\n\t\t\t\t\t\t<div class=\"elementor-container elementor-column-gap-default\">\n\t\t\t\t\t<div class=\"elementor-column elementor-col-100 elementor-top-column elementor-element elementor-element-192c9b5\" data-id=\"192c9b5\" data-element_type=\"column\">\n\t\t\t<div class=\"elementor-widget-wrap elementor-element-populated\">\n\t\t\t\t\t\t\t\t<div class=\"elementor-element elementor-element-6c8bab0 elementor-widget elementor-widget-text-editor\" data-id=\"6c8bab0\" data-element_type=\"widget\" data-widget_type=\"text-editor.default\">\n\t\t\t\t<div class=\"elementor-widget-container\">\n\t\t\t\t\t\t\t<p style=\"text-align: center;\"><b>OFERT\u00cb E CILA NUK DUHET HUMBUR! <br \/>PRODUKTE T\u00cb SHT\u00cbPIS\u00cb ME ZBRITJE DERI N\u00cb 1000 DENAR\u00cb!<\/b><\/p><p style=\"text-align: center;\"><span style=\"text-align: start;\">A keni menduar ndonj\u00ebher\u00eb se ku mund t\u00eb gjeni disa gj\u00ebra t\u00eb vogla, por q\u00eb jan\u00eb shum\u00eb t\u00eb nevojshme, e q\u00eb ndoshta nuk e dini as edhe se si em\u00ebrohen?<\/span><br style=\"text-align: start;\" \/><span style=\"text-align: start;\">E bukura e gam\u00ebs s\u00eb produkteve n\u00eb Comodita \u00ebsht\u00eb se k\u00ebtu gjeni gjith\u00e7ka q\u00eb ju duhet, e k\u00ebsaj rradhe i gjeni edhe n\u00eb \u00e7mim deri n\u00eb 1000 denar\u00eb!<\/span><br style=\"text-align: start;\" \/><span style=\"text-align: start;\"><br \/>Jast\u00ebk t\u00eb rehatsh\u00ebm, aksesor\u00eb p\u00ebr servim, dekorime t\u00eb dhom\u00ebs s\u00eb gjumit apo elemente p\u00ebr kuzhin\u00ebn tuaj?<br \/>E pabesueshme q\u00eb me k\u00ebt\u00eb \u00e7mim kaq t\u00eb vog\u00ebl mund t\u00eb gjeni produkte q\u00eb i p\u00ebrdorni kaq shum\u00eb!<\/span><\/p>\t\t\t\t\t\t<\/div>\n\t\t\t\t<\/div>\n\t\t\t\t\t<\/div>\n\t\t<\/div>\n\t\t\t\t\t\t\t<\/div>\n\t\t<\/section>\n\t\t\t\t<section class=\"elementor-section elementor-top-section elementor-element elementor-element-38768a8 elementor-section-full_width elementor-section-stretched elementor-section-height-default elementor-section-height-default\" data-id=\"38768a8\" data-element_type=\"section\" data-settings=\"{&quot;stretch_section&quot;:&quot;section-stretched&quot;}\">\n\t\t\t\t\t\t<div class=\"elementor-container elementor-column-gap-default\">\n\t\t\t\t\t<div class=\"elementor-column elementor-col-100 elementor-top-column elementor-element elementor-element-65cb49e\" data-id=\"65cb49e\" data-element_type=\"column\">\n\t\t\t<div class=\"elementor-widget-wrap elementor-element-populated\">\n\t\t\t\t\t\t\t\t<div class=\"elementor-element elementor-element-5c7b373 elementor-widget elementor-widget-sober-products-tabs\" data-id=\"5c7b373\" data-element_type=\"widget\" data-widget_type=\"sober-products-tabs.default\">\n\t\t\t\t<div class=\"elementor-widget-container\">\n\t\t\t<div class=\"sober-product-grid sober-product-tabs sober-products sober-products-filterable   filterable filter-by-category filter-type-ajax\" data-columns=\"6\" data-per_page=\"100\" data-load_more=\"\" data-nonce=\"5ee6569241\"><div class=\"product-filter\"><ul class=\"filter\"><li data-filter=\".product_cat-deri-ne-1000-denare\" class=\"line-hover active\">DERI N\u00cb 1000 DENAR\u00cb<\/li><\/ul><\/div><div class=\"products-grid\">\n\t\t\t\t<div class=\"products-loading-overlay\">\n\t\t\t\t\t<span class=\"loading-icon\">\n\t\t\t\t\t\t<span class=\"bubble\"><span class=\"dot\"><\/span><\/span>\n\t\t\t\t\t\t<span class=\"bubble\"><span class=\"dot\"><\/span><\/span>\n\t\t\t\t\t\t<span class=\"bubble\"><span class=\"dot\"><\/span><\/span>\n\t\t\t\t\t<\/span>\n\t\t\t\t<\/div><div class=\"woocommerce columns-6 \"><\/div><\/div><\/div>\t\t<\/div>\n\t\t\t\t<\/div>\n\t\t\t\t\t<\/div>\n\t\t<\/div>\n\t\t\t\t\t\t\t<\/div>\n\t\t<\/section>\n\t\t\t\t\t\t\t<\/div>\n\t\t","protected":false},"excerpt":{"rendered":"<p>OFERT\u00cb E CILA NUK DUHET HUMBUR! PRODUKTE T\u00cb SHT\u00cbPIS\u00cb ME ZBRITJE DERI N\u00cb 1000 DENAR\u00cb! A keni menduar ndonj\u00ebher\u00eb se ku mund t\u00eb gjeni disa gj\u00ebra t\u00eb vogla, por q\u00eb&hellip;<\/p>\n","protected":false},"author":1,"featured_media":0,"parent":0,"menu_order":0,"comment_status":"closed","ping_status":"closed","template":"templates\/full-width.php","meta":{"footnotes":""},"class_list":["post-48391","page","type-page","status-publish","hentry"],"_links":{"self":[{"href":"https:\/\/www.comoditahome.com\/mk\/sq\/wp-json\/wp\/v2\/pages\/48391","targetHints":{"allow":["GET"]}}],"collection":[{"href":"https:\/\/www.comoditahome.com\/mk\/sq\/wp-json\/wp\/v2\/pages"}],"about":[{"href":"https:\/\/www.comoditahome.com\/mk\/sq\/wp-json\/wp\/v2\/types\/page"}],"author":[{"embeddable":true,"href":"https:\/\/www.comoditahome.com\/mk\/sq\/wp-json\/wp\/v2\/users\/1"}],"replies":[{"embeddable":true,"href":"https:\/\/www.comoditahome.com\/mk\/sq\/wp-json\/wp\/v2\/comments?post=48391"}],"version-history":[{"count":36,"href":"https:\/\/www.comoditahome.com\/mk\/sq\/wp-json\/wp\/v2\/pages\/48391\/revisions"}],"predecessor-version":[{"id":54669,"href":"https:\/\/www.comoditahome.com\/mk\/sq\/wp-json\/wp\/v2\/pages\/48391\/revisions\/54669"}],"wp:attachment":[{"href":"https:\/\/www.comoditahome.com\/mk\/sq\/wp-json\/wp\/v2\/media?parent=48391"}],"curies":[{"name":"wp","href":"https:\/\/api.w.org\/{rel}","templated":true}]}}