 {"id":48507,"date":"2021-06-07T11:04:40","date_gmt":"2021-06-07T09:04:40","guid":{"rendered":"https:\/\/mk.comoditahome.com\/mundesi-punesimi\/"},"modified":"2022-10-29T14:34:32","modified_gmt":"2022-10-29T12:34:32","slug":"mundesi-punesimi","status":"publish","type":"page","link":"https:\/\/www.comoditahome.com\/mk\/sq\/mundesi-punesimi\/","title":{"rendered":"MUND\u00cbSI PUN\u00cbSIMI"},"content":{"rendered":"\t\t<div data-elementor-type=\"wp-page\" data-elementor-id=\"48507\" class=\"elementor elementor-48507 elementor-3162\">\n\t\t\t\t\t\t\t\t\t<section class=\"elementor-section elementor-top-section elementor-element elementor-element-176303e elementor-section-full_width elementor-section-stretched elementor-section-content-middle elementor-section-height-default elementor-section-height-default\" data-id=\"176303e\" data-element_type=\"section\" data-settings=\"{&quot;stretch_section&quot;:&quot;section-stretched&quot;}\">\n\t\t\t\t\t\t<div class=\"elementor-container elementor-column-gap-default\">\n\t\t\t\t\t<div class=\"elementor-column elementor-col-16 elementor-top-column elementor-element elementor-element-63a9ae4\" data-id=\"63a9ae4\" data-element_type=\"column\">\n\t\t\t<div class=\"elementor-widget-wrap\">\n\t\t\t\t\t\t\t\t\t<\/div>\n\t\t<\/div>\n\t\t\t\t<div class=\"elementor-column elementor-col-66 elementor-top-column elementor-element elementor-element-4248ac6\" data-id=\"4248ac6\" data-element_type=\"column\">\n\t\t\t<div class=\"elementor-widget-wrap elementor-element-populated\">\n\t\t\t\t\t\t\t\t<div class=\"elementor-element elementor-element-47a0db8 elementor-widget elementor-widget-spacer\" data-id=\"47a0db8\" data-element_type=\"widget\" data-widget_type=\"spacer.default\">\n\t\t\t\t<div class=\"elementor-widget-container\">\n\t\t\t\t\t<div class=\"elementor-spacer\">\n\t\t\t<div class=\"elementor-spacer-inner\"><\/div>\n\t\t<\/div>\n\t\t\t\t<\/div>\n\t\t\t\t<\/div>\n\t\t\t\t<div class=\"elementor-element elementor-element-f156920 elementor-widget elementor-widget-heading\" data-id=\"f156920\" data-element_type=\"widget\" data-widget_type=\"heading.default\">\n\t\t\t\t<div class=\"elementor-widget-container\">\n\t\t\t<h3 class=\"elementor-heading-title elementor-size-default\"><b>MUND\u00cbSI PUN\u00cbSIMI<\/b><\/h3>\t\t<\/div>\n\t\t\t\t<\/div>\n\t\t\t\t<div class=\"elementor-element elementor-element-93ff31a elementor-widget elementor-widget-text-editor\" data-id=\"93ff31a\" data-element_type=\"widget\" data-widget_type=\"text-editor.default\">\n\t\t\t\t<div class=\"elementor-widget-container\">\n\t\t\t\t\t\t\t<p style=\"text-align: center;\"><strong>Zhvillimi i karrier\u00ebs dhe pun\u00ebsimi n\u00eb pozit\u00ebn q\u00eb ju p\u00eblqen, jan\u00eb shtyll\u00eb ky\u00e7e p\u00ebr nd\u00ebrtimin e suksessh\u00ebm t\u00eb s\u00eb ardhmes tuaj. Pun\u00ebsimi n\u00eb kompanin\u00eb ton\u00eb shkon p\u00ebrtej nj\u00eb mund\u00ebsie t\u00eb re, duke reflektuar k\u00ebshtu n\u00eb nj\u00eb rrug\u00ebtim tuajin t\u00eb avancuar profesional i cili mund t\u00eb rritet \u00e7do her\u00eb e m\u00eb tep\u00ebr.<\/strong><\/p>\t\t\t\t\t\t<\/div>\n\t\t\t\t<\/div>\n\t\t\t\t<section class=\"elementor-section elementor-inner-section elementor-element elementor-element-3422710 elementor-section-full_width elementor-section-height-default elementor-section-height-default\" data-id=\"3422710\" data-element_type=\"section\">\n\t\t\t\t\t\t<div class=\"elementor-container elementor-column-gap-default\">\n\t\t\t\t\t<div class=\"elementor-column elementor-col-50 elementor-inner-column elementor-element elementor-element-8fca78b\" data-id=\"8fca78b\" data-element_type=\"column\">\n\t\t\t<div class=\"elementor-widget-wrap elementor-element-populated\">\n\t\t\t\t\t\t\t\t<div class=\"elementor-element elementor-element-4479737 elementor-widget elementor-widget-image\" data-id=\"4479737\" data-element_type=\"widget\" data-widget_type=\"image.default\">\n\t\t\t\t<div class=\"elementor-widget-container\">\n\t\t\t\t\t\t\t\t\t\t\t\t\t\t\t<img loading=\"lazy\" decoding=\"async\" width=\"750\" height=\"480\" src=\"https:\/\/www.comoditahome.com\/mk\/wp-content\/uploads\/2021\/10\/Happy-Employer-750x480-1.jpg\" class=\"attachment-1536x1536 size-1536x1536\" alt=\"\" srcset=\"https:\/\/www.comoditahome.com\/mk\/wp-content\/uploads\/2021\/10\/Happy-Employer-750x480-1.jpg 750w, https:\/\/www.comoditahome.com\/mk\/wp-content\/uploads\/2021\/10\/Happy-Employer-750x480-1-300x192.jpg 300w, https:\/\/www.comoditahome.com\/mk\/wp-content\/uploads\/2021\/10\/Happy-Employer-750x480-1-150x96.jpg 150w\" sizes=\"auto, (max-width: 750px) 100vw, 750px\" \/>\t\t\t\t\t\t\t\t\t\t\t\t\t\t\t<\/div>\n\t\t\t\t<\/div>\n\t\t\t\t\t<\/div>\n\t\t<\/div>\n\t\t\t\t<div class=\"elementor-column elementor-col-50 elementor-inner-column elementor-element elementor-element-7793cf9\" data-id=\"7793cf9\" data-element_type=\"column\">\n\t\t\t<div class=\"elementor-widget-wrap elementor-element-populated\">\n\t\t\t\t\t\t\t\t<div class=\"elementor-element elementor-element-2887a3c elementor-widget elementor-widget-text-editor\" data-id=\"2887a3c\" data-element_type=\"widget\" data-widget_type=\"text-editor.default\">\n\t\t\t\t<div class=\"elementor-widget-container\">\n\t\t\t\t\t\t\t<p><b>Bashkohu me ne!<\/b><\/p><p>B\u00ebhu pjes\u00eb e ekipit ton\u00eb dhe jep kontributin t\u00ebnd n\u00eb zhvillimin e dyqaneve, produkteve, prodhimtaris\u00eb, marketingut apo artit t\u00eb shitjes. Natyra jote entuziaste, do t\u00eb jet\u00eb ideale p\u00ebr rutin\u00ebn e pun\u00ebs q\u00eb k\u00ebrkon brendi Comodita \u2013 kompania m\u00eb e madhe n\u00eb bot\u00eb p\u00ebr prodhimin e dyshek\u00ebve dhe shpuz\u00ebs.<\/p>\t\t\t\t\t\t<\/div>\n\t\t\t\t<\/div>\n\t\t\t\t<div class=\"elementor-element elementor-element-5abcb04 elementor-widget elementor-widget-text-editor\" data-id=\"5abcb04\" data-element_type=\"widget\" data-widget_type=\"text-editor.default\">\n\t\t\t\t<div class=\"elementor-widget-container\">\n\t\t\t\t\t\t\t<p><span style=\"font-weight: bold;\">PROGRAMI I PUN\u00cbS DHE BENEFITET<\/span><\/p>\n<p>\u2013 Sigurim sh\u00ebndet\u00ebsor<br>\u2013 Trajnime cil\u00ebsore t\u00eb nevojshme p\u00ebr pozit\u00ebn relevante<br>\u2013 Kushte t\u00eb p\u00ebrshtatshme t\u00eb pun\u00ebs me pajisje t\u00eb avancuara<\/p>\t\t\t\t\t\t<\/div>\n\t\t\t\t<\/div>\n\t\t\t\t\t<\/div>\n\t\t<\/div>\n\t\t\t\t\t\t\t<\/div>\n\t\t<\/section>\n\t\t\t\t<div class=\"elementor-element elementor-element-edbe135 elementor-widget-divider--view-line elementor-widget elementor-widget-divider\" data-id=\"edbe135\" data-element_type=\"widget\" data-widget_type=\"divider.default\">\n\t\t\t\t<div class=\"elementor-widget-container\">\n\t\t\t\t\t<div class=\"elementor-divider\">\n\t\t\t<span class=\"elementor-divider-separator\">\n\t\t\t\t\t\t<\/span>\n\t\t<\/div>\n\t\t\t\t<\/div>\n\t\t\t\t<\/div>\n\t\t\t\t<div class=\"elementor-element elementor-element-5c754da elementor-widget elementor-widget-heading\" data-id=\"5c754da\" data-element_type=\"widget\" data-widget_type=\"heading.default\">\n\t\t\t\t<div class=\"elementor-widget-container\">\n\t\t\t<h3 class=\"elementor-heading-title elementor-size-default\"><b>KONKURSE MOMENTALISHT T\u00cb HAPURA<\/b><\/h3>\t\t<\/div>\n\t\t\t\t<\/div>\n\t\t\t\t<div class=\"elementor-element elementor-element-695c846 elementor-widget elementor-widget-text-editor\" data-id=\"695c846\" data-element_type=\"widget\" data-widget_type=\"text-editor.default\">\n\t\t\t\t<div class=\"elementor-widget-container\">\n\t\t\t\t\t\t\t<p style=\"text-align: center;\"><span style=\"color: #000000;\">KONKURS: MAGAZINIER n\u00eb Shkup<\/span><br \/><strong><span style=\"color: #999999;\"><a style=\"color: #999999;\" href=\"https:\/\/www.comoditahome.com\/mk\/sq\/mundesi-punesimi\/apliko-tani\/\"><span style=\"color: #000000;\"><strong>Apliko tani<\/strong><\/span><\/a><\/span><\/strong><\/p><h5 style=\"text-align: center;\"><strong><span style=\"color: #0dc400;\">Aktiv<\/span><\/strong><\/h5>\t\t\t\t\t\t<\/div>\n\t\t\t\t<\/div>\n\t\t\t\t<div class=\"elementor-element elementor-element-6943fbc elementor-widget-divider--view-line elementor-widget elementor-widget-divider\" data-id=\"6943fbc\" data-element_type=\"widget\" data-widget_type=\"divider.default\">\n\t\t\t\t<div class=\"elementor-widget-container\">\n\t\t\t\t\t<div class=\"elementor-divider\">\n\t\t\t<span class=\"elementor-divider-separator\">\n\t\t\t\t\t\t<\/span>\n\t\t<\/div>\n\t\t\t\t<\/div>\n\t\t\t\t<\/div>\n\t\t\t\t<div class=\"elementor-element elementor-element-b867813 elementor-widget elementor-widget-text-editor\" data-id=\"b867813\" data-element_type=\"widget\" data-widget_type=\"text-editor.default\">\n\t\t\t\t<div class=\"elementor-widget-container\">\n\t\t\t\t\t\t\t<p style=\"text-align: center;\">Pozitat e hapura momentalisht nuk p\u00ebrkojn\u00eb me profilin tuaj profesional? Mos u brengosni, kompania jon\u00eb \u00ebsht\u00eb gjithmon\u00eb n\u00eb rritje! Abonohuni n\u00eb list\u00ebn e m\u00ebposhtme duke shkruajtur emailin tuaj dhe informohuni i pari p\u00ebr mund\u00ebsit\u00eb e reja t\u00eb pun\u00ebsimit.<\/p>\t\t\t\t\t\t<\/div>\n\t\t\t\t<\/div>\n\t\t\t\t<div class=\"elementor-element elementor-element-ea44a23 elementor-button-align-center elementor-widget elementor-widget-form\" data-id=\"ea44a23\" data-element_type=\"widget\" data-settings=\"{&quot;button_width&quot;:&quot;100&quot;,&quot;step_type&quot;:&quot;number_text&quot;,&quot;step_icon_shape&quot;:&quot;circle&quot;}\" data-widget_type=\"form.default\">\n\t\t\t\t<div class=\"elementor-widget-container\">\n\t\t\t\t\t<form class=\"elementor-form\" method=\"post\" name=\"Abonimi per konkurs pune\">\n\t\t\t<input type=\"hidden\" name=\"post_id\" value=\"48507\"\/>\n\t\t\t<input type=\"hidden\" name=\"form_id\" value=\"ea44a23\"\/>\n\t\t\t<input type=\"hidden\" name=\"referer_title\" value=\"\" \/>\n\n\t\t\t\n\t\t\t<div class=\"elementor-form-fields-wrapper elementor-labels-above\">\n\t\t\t\t\t\t\t\t<div class=\"elementor-field-type-email elementor-field-group elementor-column elementor-field-group-email elementor-col-100 elementor-field-required\">\n\t\t\t\t\t<input size=\"1\" type=\"email\" name=\"form_fields[email]\" id=\"form-field-email\" class=\"elementor-field elementor-size-md  elementor-field-textual\" placeholder=\"Shkruani e-mailin tuaj\" required=\"required\" aria-required=\"true\">\t\t\t\t<\/div>\n\t\t\t\t\t\t\t\t<div class=\"elementor-field-group elementor-column elementor-field-type-submit elementor-col-100 e-form__buttons\">\n\t\t\t\t\t<button type=\"submit\" class=\"elementor-button elementor-size-xs\">\n\t\t\t\t\t\t<span >\n\t\t\t\t\t\t\t\t\t\t\t\t\t\t\t<span class=\" elementor-button-icon\">\n\t\t\t\t\t\t\t\t\t\t\t\t\t\t\t\t\t\t\t\t\t\t\t\t\t\t<\/span>\n\t\t\t\t\t\t\t\t\t\t\t\t\t\t\t\t\t\t\t\t\t\t<span class=\"elementor-button-text\">Regjistrohuni<\/span>\n\t\t\t\t\t\t\t\t\t\t\t\t\t<\/span>\n\t\t\t\t\t<\/button>\n\t\t\t\t<\/div>\n\t\t\t<\/div>\n\t\t<\/form>\n\t\t\t\t<\/div>\n\t\t\t\t<\/div>\n\t\t\t\t<div class=\"elementor-element elementor-element-ed67d7b elementor-widget elementor-widget-spacer\" data-id=\"ed67d7b\" data-element_type=\"widget\" data-widget_type=\"spacer.default\">\n\t\t\t\t<div class=\"elementor-widget-container\">\n\t\t\t\t\t<div class=\"elementor-spacer\">\n\t\t\t<div class=\"elementor-spacer-inner\"><\/div>\n\t\t<\/div>\n\t\t\t\t<\/div>\n\t\t\t\t<\/div>\n\t\t\t\t<div class=\"elementor-element elementor-element-f201d3f elementor-widget elementor-widget-heading\" data-id=\"f201d3f\" data-element_type=\"widget\" data-widget_type=\"heading.default\">\n\t\t\t\t<div class=\"elementor-widget-container\">\n\t\t\t<h3 class=\"elementor-heading-title elementor-size-default\"><b>INFORMATA TJERA RRETH PUN\u00cbS DHE APLIKIMIT:<\/b><\/h3>\t\t<\/div>\n\t\t\t\t<\/div>\n\t\t\t\t<div class=\"elementor-element elementor-element-8155ade elementor-widget elementor-widget-text-editor\" data-id=\"8155ade\" data-element_type=\"widget\" data-widget_type=\"text-editor.default\">\n\t\t\t\t<div class=\"elementor-widget-container\">\n\t\t\t\t\t\t\t<p style=\"text-align: center;\">Aplikimi b\u00ebhet duke d\u00ebrguar CV-n\u00eb tuaj n\u00eb emailin <a href=\"mailto:info@comoditahome.mk\">info@comoditahome.mk<\/a>.<br>Nd\u00ebrsa p\u00ebr informata m\u00eb t\u00eb holl\u00ebsishme rreth m\u00ebnyr\u00ebs s\u00eb aplikimit p\u00ebr konkurset tona, ju lutem t\u00eb na kontaktoni n\u00eb 0800 10 5 10, \u00e7do dit\u00eb pune prej or\u00ebs 08:00 \u2013 16:00.<\/p>\t\t\t\t\t\t<\/div>\n\t\t\t\t<\/div>\n\t\t\t\t\t<\/div>\n\t\t<\/div>\n\t\t\t\t<div class=\"elementor-column elementor-col-16 elementor-top-column elementor-element elementor-element-b5ea152\" data-id=\"b5ea152\" data-element_type=\"column\">\n\t\t\t<div class=\"elementor-widget-wrap\">\n\t\t\t\t\t\t\t\t\t<\/div>\n\t\t<\/div>\n\t\t\t\t\t\t\t<\/div>\n\t\t<\/section>\n\t\t\t\t\t\t\t<\/div>\n\t\t","protected":false},"excerpt":{"rendered":"<p>MUND\u00cbSI PUN\u00cbSIMI Zhvillimi i karrier\u00ebs dhe pun\u00ebsimi n\u00eb pozit\u00ebn q\u00eb ju p\u00eblqen, jan\u00eb shtyll\u00eb ky\u00e7e p\u00ebr nd\u00ebrtimin e suksessh\u00ebm t\u00eb s\u00eb ardhmes tuaj. Pun\u00ebsimi n\u00eb kompanin\u00eb ton\u00eb shkon p\u00ebrtej nj\u00eb&hellip;<\/p>\n","protected":false},"author":1,"featured_media":0,"parent":0,"menu_order":0,"comment_status":"closed","ping_status":"closed","template":"templates\/full-width.php","meta":{"footnotes":""},"class_list":["post-48507","page","type-page","status-publish","hentry"],"_links":{"self":[{"href":"https:\/\/www.comoditahome.com\/mk\/sq\/wp-json\/wp\/v2\/pages\/48507","targetHints":{"allow":["GET"]}}],"collection":[{"href":"https:\/\/www.comoditahome.com\/mk\/sq\/wp-json\/wp\/v2\/pages"}],"about":[{"href":"https:\/\/www.comoditahome.com\/mk\/sq\/wp-json\/wp\/v2\/types\/page"}],"author":[{"embeddable":true,"href":"https:\/\/www.comoditahome.com\/mk\/sq\/wp-json\/wp\/v2\/users\/1"}],"replies":[{"embeddable":true,"href":"https:\/\/www.comoditahome.com\/mk\/sq\/wp-json\/wp\/v2\/comments?post=48507"}],"version-history":[{"count":45,"href":"https:\/\/www.comoditahome.com\/mk\/sq\/wp-json\/wp\/v2\/pages\/48507\/revisions"}],"predecessor-version":[{"id":56234,"href":"https:\/\/www.comoditahome.com\/mk\/sq\/wp-json\/wp\/v2\/pages\/48507\/revisions\/56234"}],"wp:attachment":[{"href":"https:\/\/www.comoditahome.com\/mk\/sq\/wp-json\/wp\/v2\/media?parent=48507"}],"curies":[{"name":"wp","href":"https:\/\/api.w.org\/{rel}","templated":true}]}}