 {"id":48534,"date":"2021-07-08T11:48:05","date_gmt":"2021-07-08T11:48:05","guid":{"rendered":"https:\/\/mk.comoditahome.com\/lajmet\/"},"modified":"2022-04-03T01:18:14","modified_gmt":"2022-04-03T01:18:14","slug":"lajmet","status":"publish","type":"page","link":"https:\/\/www.comoditahome.com\/mk\/sq\/lajmet\/","title":{"rendered":"Lajmet"},"content":{"rendered":"\t\t<div data-elementor-type=\"wp-page\" data-elementor-id=\"48534\" class=\"elementor elementor-48534 elementor-38430\">\n\t\t\t\t\t\t\t\t\t<section class=\"elementor-section elementor-top-section elementor-element elementor-element-3f2f860 elementor-section-full_width elementor-section-height-default elementor-section-height-default\" data-id=\"3f2f860\" data-element_type=\"section\">\n\t\t\t\t\t\t<div class=\"elementor-container elementor-column-gap-default\">\n\t\t\t\t\t<div class=\"elementor-column elementor-col-33 elementor-top-column elementor-element elementor-element-5370c5e\" data-id=\"5370c5e\" data-element_type=\"column\">\n\t\t\t<div class=\"elementor-widget-wrap\">\n\t\t\t\t\t\t\t\t\t<\/div>\n\t\t<\/div>\n\t\t\t\t<div class=\"elementor-column elementor-col-33 elementor-top-column elementor-element elementor-element-2a288c8\" data-id=\"2a288c8\" data-element_type=\"column\">\n\t\t\t<div class=\"elementor-widget-wrap elementor-element-populated\">\n\t\t\t\t\t\t\t\t<div class=\"elementor-element elementor-element-b63892f elementor-grid-3 elementor-grid-tablet-2 elementor-grid-mobile-1 elementor-posts--thumbnail-top elementor-posts--show-avatar elementor-card-shadow-yes elementor-posts__hover-gradient elementor-widget elementor-widget-posts\" data-id=\"b63892f\" data-element_type=\"widget\" data-settings=\"{&quot;cards_columns&quot;:&quot;3&quot;,&quot;cards_columns_tablet&quot;:&quot;2&quot;,&quot;cards_columns_mobile&quot;:&quot;1&quot;,&quot;cards_row_gap&quot;:{&quot;unit&quot;:&quot;px&quot;,&quot;size&quot;:35,&quot;sizes&quot;:[]}}\" data-widget_type=\"posts.cards\">\n\t\t\t\t<div class=\"elementor-widget-container\">\n\t\t\t\t\t<div class=\"elementor-posts-container elementor-posts elementor-posts--skin-cards elementor-grid\">\n\t\t\t\t<article class=\"elementor-post elementor-grid-item post-54918 post type-post status-publish format-standard has-post-thumbnail hentry category-moznost-za-vrabotuvanje\">\n\t\t\t<div class=\"elementor-post__card\">\n\t\t\t\t<a class=\"elementor-post__thumbnail__link\" href=\"https:\/\/www.comoditahome.com\/mk\/sq\/comodita-ne-panairin-m-o-w-po-shijon-takimet-me-biznese-per-mundesi-shkembimi-eksperiencash-rrjetezimi-dhe-bashkepunimi\/\" >\n\t\t\t<div class=\"elementor-post__thumbnail\"><img loading=\"lazy\" decoding=\"async\" width=\"300\" height=\"225\" src=\"https:\/\/www.comoditahome.com\/mk\/wp-content\/uploads\/2022\/09\/Image-1200x900-1-300x225.jpeg\" class=\"attachment-medium size-medium\" alt=\"\" srcset=\"https:\/\/www.comoditahome.com\/mk\/wp-content\/uploads\/2022\/09\/Image-1200x900-1-300x225.jpeg 300w, https:\/\/www.comoditahome.com\/mk\/wp-content\/uploads\/2022\/09\/Image-1200x900-1-1024x768.jpeg 1024w, https:\/\/www.comoditahome.com\/mk\/wp-content\/uploads\/2022\/09\/Image-1200x900-1-150x113.jpeg 150w, https:\/\/www.comoditahome.com\/mk\/wp-content\/uploads\/2022\/09\/Image-1200x900-1-768x576.jpeg 768w, https:\/\/www.comoditahome.com\/mk\/wp-content\/uploads\/2022\/09\/Image-1200x900-1.jpeg 1200w\" sizes=\"auto, (max-width: 300px) 100vw, 300px\" \/><\/div>\n\t\t<\/a>\n\t\t\t\t<div class=\"elementor-post__badge\">\u041c\u043e\u0436\u043d\u043e\u0441\u0442 \u0437\u0430 \u0432\u0440\u0430\u0431\u043e\u0442\u0443\u0432\u0430\u045a\u0435<\/div>\n\t\t\t\t<div class=\"elementor-post__avatar\">\n\t\t\t<img alt='Argjend Mehmedi' src='https:\/\/secure.gravatar.com\/avatar\/05d7199d78544755f8a5509cdc6c0a10236240f5d9e9acdcd3ee85bb93a5e5f5?s=128&#038;d=mm&#038;r=g' srcset='https:\/\/secure.gravatar.com\/avatar\/05d7199d78544755f8a5509cdc6c0a10236240f5d9e9acdcd3ee85bb93a5e5f5?s=256&#038;d=mm&#038;r=g 2x' class='avatar avatar-128 photo' height='128' width='128' \/>\t\t<\/div>\n\t\t\t\t<div class=\"elementor-post__text\">\n\t\t\t\t<h3 class=\"elementor-post__title\">\n\t\t\t<a href=\"https:\/\/www.comoditahome.com\/mk\/sq\/comodita-ne-panairin-m-o-w-po-shijon-takimet-me-biznese-per-mundesi-shkembimi-eksperiencash-rrjetezimi-dhe-bashkepunimi\/\" >\n\t\t\t\tComodita n\u00eb panairin M.O.W. po shijon takimet me biznese p\u00ebr mund\u00ebsi shk\u00ebmbimi eksperiencash, rrjet\u00ebzimi dhe bashk\u00ebpunimi\t\t\t<\/a>\n\t\t<\/h3>\n\t\t\t\t\t<a class=\"elementor-post__read-more\" href=\"https:\/\/www.comoditahome.com\/mk\/sq\/comodita-ne-panairin-m-o-w-po-shijon-takimet-me-biznese-per-mundesi-shkembimi-eksperiencash-rrjetezimi-dhe-bashkepunimi\/\" >\n\t\t\t\tLexo m\u00eb shum\u00eb \u00bb\t\t\t<\/a>\n\t\t\t\t<\/div>\n\t\t\t\t<div class=\"elementor-post__meta-data\">\n\t\t\t\t\t<span class=\"elementor-post-date\">\n\t\t\tSeptember 21, 2022\t\t<\/span>\n\t\t\t\t<span class=\"elementor-post-avatar\">\n\t\t\tNo Comments\t\t<\/span>\n\t\t\t\t<\/div>\n\t\t\t\t\t<\/div>\n\t\t<\/article>\n\t\t\t\t<\/div>\n\n\n\t\t\n\t\t\t\t<\/div>\n\t\t\t\t<\/div>\n\t\t\t\t\t<\/div>\n\t\t<\/div>\n\t\t\t\t<div class=\"elementor-column elementor-col-33 elementor-top-column elementor-element elementor-element-b96f838\" data-id=\"b96f838\" data-element_type=\"column\">\n\t\t\t<div class=\"elementor-widget-wrap\">\n\t\t\t\t\t\t\t\t\t<\/div>\n\t\t<\/div>\n\t\t\t\t\t\t\t<\/div>\n\t\t<\/section>\n\t\t\t\t<section class=\"elementor-section elementor-top-section elementor-element elementor-element-4d8ff4b elementor-section-full_width elementor-section-stretched elementor-section-height-default elementor-section-height-default\" data-id=\"4d8ff4b\" data-element_type=\"section\" data-settings=\"{&quot;stretch_section&quot;:&quot;section-stretched&quot;}\">\n\t\t\t\t\t\t<div class=\"elementor-container elementor-column-gap-default\">\n\t\t\t\t\t<div class=\"elementor-column elementor-col-100 elementor-top-column elementor-element elementor-element-64922b5\" data-id=\"64922b5\" data-element_type=\"column\">\n\t\t\t<div class=\"elementor-widget-wrap\">\n\t\t\t\t\t\t\t\t\t<\/div>\n\t\t<\/div>\n\t\t\t\t\t\t\t<\/div>\n\t\t<\/section>\n\t\t\t\t\t\t\t<\/div>\n\t\t","protected":false},"excerpt":{"rendered":"","protected":false},"author":1,"featured_media":0,"parent":0,"menu_order":0,"comment_status":"closed","ping_status":"closed","template":"templates\/full-width.php","meta":{"footnotes":""},"class_list":["post-48534","page","type-page","status-publish","hentry"],"_links":{"self":[{"href":"https:\/\/www.comoditahome.com\/mk\/sq\/wp-json\/wp\/v2\/pages\/48534","targetHints":{"allow":["GET"]}}],"collection":[{"href":"https:\/\/www.comoditahome.com\/mk\/sq\/wp-json\/wp\/v2\/pages"}],"about":[{"href":"https:\/\/www.comoditahome.com\/mk\/sq\/wp-json\/wp\/v2\/types\/page"}],"author":[{"embeddable":true,"href":"https:\/\/www.comoditahome.com\/mk\/sq\/wp-json\/wp\/v2\/users\/1"}],"replies":[{"embeddable":true,"href":"https:\/\/www.comoditahome.com\/mk\/sq\/wp-json\/wp\/v2\/comments?post=48534"}],"version-history":[{"count":1,"href":"https:\/\/www.comoditahome.com\/mk\/sq\/wp-json\/wp\/v2\/pages\/48534\/revisions"}],"predecessor-version":[{"id":48535,"href":"https:\/\/www.comoditahome.com\/mk\/sq\/wp-json\/wp\/v2\/pages\/48534\/revisions\/48535"}],"wp:attachment":[{"href":"https:\/\/www.comoditahome.com\/mk\/sq\/wp-json\/wp\/v2\/media?parent=48534"}],"curies":[{"name":"wp","href":"https:\/\/api.w.org\/{rel}","templated":true}]}}