 {"id":51443,"date":"2022-06-07T16:32:49","date_gmt":"2022-06-07T14:32:49","guid":{"rendered":"https:\/\/www.comoditahome.com\/mk\/?page_id=51443"},"modified":"2022-08-31T17:45:30","modified_gmt":"2022-08-31T15:45:30","slug":"apliko-tani","status":"publish","type":"page","link":"https:\/\/www.comoditahome.com\/mk\/sq\/mundesi-punesimi\/apliko-tani\/","title":{"rendered":"Apliko tani!"},"content":{"rendered":"\t\t<div data-elementor-type=\"wp-page\" data-elementor-id=\"51443\" class=\"elementor elementor-51443 elementor-51561\">\n\t\t\t\t\t\t\t\t\t<section class=\"elementor-section elementor-top-section elementor-element elementor-element-e92ade1 elementor-section-boxed elementor-section-height-default elementor-section-height-default\" data-id=\"e92ade1\" data-element_type=\"section\">\n\t\t\t\t\t\t<div class=\"elementor-container elementor-column-gap-default\">\n\t\t\t\t\t<div class=\"elementor-column elementor-col-100 elementor-top-column elementor-element elementor-element-535c20f\" data-id=\"535c20f\" data-element_type=\"column\">\n\t\t\t<div class=\"elementor-widget-wrap elementor-element-populated\">\n\t\t\t\t\t\t\t\t<div class=\"elementor-element elementor-element-ca6224b elementor-widget elementor-widget-text-editor\" data-id=\"ca6224b\" data-element_type=\"widget\" data-widget_type=\"text-editor.default\">\n\t\t\t\t<div class=\"elementor-widget-container\">\n\t\t\t\t\t\t\t<p style=\"text-align: center;\"><span style=\"font-family: Nunito; font-size: 14px; text-align: center;\">Aplikoni tani duke plot\u00ebsuar formularin m\u00eb posht\u00eb, apo d\u00ebrgoni CV-n\u00eb tuaj n\u00eb email adres\u00ebn info@comoditahome.mk<\/span><\/p>\t\t\t\t\t\t<\/div>\n\t\t\t\t<\/div>\n\t\t\t\t<div class=\"elementor-element elementor-element-f9eab08 elementor-button-align-stretch elementor-widget elementor-widget-form\" data-id=\"f9eab08\" data-element_type=\"widget\" data-settings=\"{&quot;button_width&quot;:&quot;100&quot;,&quot;step_type&quot;:&quot;number_text&quot;,&quot;step_icon_shape&quot;:&quot;circle&quot;}\" data-widget_type=\"form.default\">\n\t\t\t\t<div class=\"elementor-widget-container\">\n\t\t\t\t\t<form class=\"elementor-form\" method=\"post\" name=\"Aplikimi per pune Albanian\">\n\t\t\t<input type=\"hidden\" name=\"post_id\" value=\"51443\"\/>\n\t\t\t<input type=\"hidden\" name=\"form_id\" value=\"f9eab08\"\/>\n\t\t\t<input type=\"hidden\" name=\"referer_title\" value=\"\" \/>\n\n\t\t\t\n\t\t\t<div class=\"elementor-form-fields-wrapper elementor-labels-above\">\n\t\t\t\t\t\t\t\t<div class=\"elementor-field-type-text elementor-field-group elementor-column elementor-field-group-name elementor-col-100 elementor-field-required elementor-mark-required\">\n\t\t\t\t\t<label for=\"form-field-name\" class=\"elementor-field-label\">Emri dhe Mbiemri<\/label><input size=\"1\" type=\"text\" name=\"form_fields[name]\" id=\"form-field-name\" class=\"elementor-field elementor-size-md  elementor-field-textual\" required=\"required\" aria-required=\"true\">\t\t\t\t<\/div>\n\t\t\t\t\t\t\t\t<div class=\"elementor-field-type-tel elementor-field-group elementor-column elementor-field-group-field_2fd42d6 elementor-col-100 elementor-field-required elementor-mark-required\">\n\t\t\t\t\t<label for=\"form-field-field_2fd42d6\" class=\"elementor-field-label\">Numri telefonit<\/label><input size=\"1\" type=\"tel\" name=\"form_fields[field_2fd42d6]\" id=\"form-field-field_2fd42d6\" class=\"elementor-field elementor-size-md  elementor-field-textual\" required=\"required\" aria-required=\"true\" pattern=\"[0-9()#&amp;+*-=.]+\" title=\"Only numbers and phone characters (#, -, *, etc) are accepted.\">\t\t\t\t<\/div>\n\t\t\t\t\t\t\t\t<div class=\"elementor-field-type-email elementor-field-group elementor-column elementor-field-group-email elementor-col-100 elementor-field-required elementor-mark-required\">\n\t\t\t\t\t<label for=\"form-field-email\" class=\"elementor-field-label\">Adresa elektronike<\/label><input size=\"1\" type=\"email\" name=\"form_fields[email]\" id=\"form-field-email\" class=\"elementor-field elementor-size-md  elementor-field-textual\" required=\"required\" aria-required=\"true\">\t\t\t\t<\/div>\n\t\t\t\t\t\t\t\t<div class=\"elementor-field-type-select elementor-field-group elementor-column elementor-field-group-field_83437a5 elementor-col-100 elementor-field-required elementor-mark-required\">\n\t\t\t\t\t<label for=\"form-field-field_83437a5\" class=\"elementor-field-label\">Qyteti<\/label>\t\t<div class=\"elementor-field elementor-select-wrapper \">\n\t\t\t<select name=\"form_fields[field_83437a5]\" id=\"form-field-field_83437a5\" class=\"elementor-field-textual elementor-size-md\" required=\"required\" aria-required=\"true\">\n\t\t\t\t<option value=\"\"><\/option><option value=\"SHKUP\">SHKUP<\/option><option value=\"KUMANOV\u00cb\">KUMANOV\u00cb<\/option><option value=\"TETOV\u00cb\">TETOV\u00cb<\/option><option value=\"GOSTIVAR\">GOSTIVAR<\/option><option value=\"K\u00cbR\u00c7OV\u00cb\">K\u00cbR\u00c7OV\u00cb<\/option><option value=\"STRUGA\">STRUGA<\/option><option value=\"OH\u00cbR\">OH\u00cbR<\/option><option value=\"STRUMICA\">STRUMICA<\/option><option value=\"MANASTIR\">MANASTIR<\/option><option value=\"PRILEP\">PRILEP<\/option><option value=\"KAVADARCI\">KAVADARCI<\/option><option value=\"SHTIP\">SHTIP<\/option><option value=\"VELES\">VELES<\/option><option value=\"GJEVGJELI\">GJEVGJELI<\/option>\t\t\t<\/select>\n\t\t<\/div>\n\t\t\t\t\t\t<\/div>\n\t\t\t\t\t\t\t\t<div class=\"elementor-field-type-select elementor-field-group elementor-column elementor-field-group-field_6ff07e8 elementor-col-100\">\n\t\t\t\t\t<label for=\"form-field-field_6ff07e8\" class=\"elementor-field-label\">Pozita<\/label>\t\t<div class=\"elementor-field elementor-select-wrapper \">\n\t\t\t<select name=\"form_fields[field_6ff07e8]\" id=\"form-field-field_6ff07e8\" class=\"elementor-field-textual elementor-size-md\">\n\t\t\t\t<option value=\"Magazinier\">Magazinier<\/option><option value=\"Specialist\/e i\/e marketingut digjital\">Specialist\/e i\/e marketingut digjital<\/option>\t\t\t<\/select>\n\t\t<\/div>\n\t\t\t\t\t\t<\/div>\n\t\t\t\t\t\t\t\t<div class=\"elementor-field-type-upload elementor-field-group elementor-column elementor-field-group-field_b0085bb elementor-col-100 elementor-field-required elementor-mark-required\">\n\t\t\t\t\t<label for=\"form-field-field_b0085bb\" class=\"elementor-field-label\">CV dhe dokumente tjera<\/label><input type=\"file\" name=\"form_fields[field_b0085bb][]\" id=\"form-field-field_b0085bb\" class=\"elementor-field elementor-size-md  elementor-upload-field\" required=\"required\" aria-required=\"true\" multiple=\"multiple\">\t\t\t\t<\/div>\n\t\t\t\t\t\t\t\t<div class=\"elementor-field-group elementor-column elementor-field-type-submit elementor-col-100 e-form__buttons\">\n\t\t\t\t\t<button type=\"submit\" class=\"elementor-button elementor-size-sm\">\n\t\t\t\t\t\t<span >\n\t\t\t\t\t\t\t\t\t\t\t\t\t\t\t<span class=\" elementor-button-icon\">\n\t\t\t\t\t\t\t\t\t\t\t\t\t\t\t\t\t\t\t\t\t\t\t\t\t\t<\/span>\n\t\t\t\t\t\t\t\t\t\t\t\t\t\t\t\t\t\t\t\t\t\t<span class=\"elementor-button-text\">D\u00ebrgo<\/span>\n\t\t\t\t\t\t\t\t\t\t\t\t\t<\/span>\n\t\t\t\t\t<\/button>\n\t\t\t\t<\/div>\n\t\t\t<\/div>\n\t\t<\/form>\n\t\t\t\t<\/div>\n\t\t\t\t<\/div>\n\t\t\t\t\t<\/div>\n\t\t<\/div>\n\t\t\t\t\t\t\t<\/div>\n\t\t<\/section>\n\t\t\t\t\t\t\t<\/div>\n\t\t","protected":false},"excerpt":{"rendered":"<p>Aplikoni tani duke plot\u00ebsuar formularin m\u00eb posht\u00eb, apo d\u00ebrgoni CV-n\u00eb tuaj n\u00eb email adres\u00ebn info@comoditahome.mk<\/p>\n","protected":false},"author":1,"featured_media":0,"parent":48507,"menu_order":0,"comment_status":"closed","ping_status":"closed","template":"","meta":{"footnotes":""},"class_list":["post-51443","page","type-page","status-publish","hentry"],"_links":{"self":[{"href":"https:\/\/www.comoditahome.com\/mk\/sq\/wp-json\/wp\/v2\/pages\/51443","targetHints":{"allow":["GET"]}}],"collection":[{"href":"https:\/\/www.comoditahome.com\/mk\/sq\/wp-json\/wp\/v2\/pages"}],"about":[{"href":"https:\/\/www.comoditahome.com\/mk\/sq\/wp-json\/wp\/v2\/types\/page"}],"author":[{"embeddable":true,"href":"https:\/\/www.comoditahome.com\/mk\/sq\/wp-json\/wp\/v2\/users\/1"}],"replies":[{"embeddable":true,"href":"https:\/\/www.comoditahome.com\/mk\/sq\/wp-json\/wp\/v2\/comments?post=51443"}],"version-history":[{"count":40,"href":"https:\/\/www.comoditahome.com\/mk\/sq\/wp-json\/wp\/v2\/pages\/51443\/revisions"}],"predecessor-version":[{"id":54367,"href":"https:\/\/www.comoditahome.com\/mk\/sq\/wp-json\/wp\/v2\/pages\/51443\/revisions\/54367"}],"up":[{"embeddable":true,"href":"https:\/\/www.comoditahome.com\/mk\/sq\/wp-json\/wp\/v2\/pages\/48507"}],"wp:attachment":[{"href":"https:\/\/www.comoditahome.com\/mk\/sq\/wp-json\/wp\/v2\/media?parent=51443"}],"curies":[{"name":"wp","href":"https:\/\/api.w.org\/{rel}","templated":true}]}}