 {"id":48878,"date":"2021-07-15T09:29:03","date_gmt":"2021-07-15T07:29:03","guid":{"rendered":"https:\/\/ks.comoditahome.com\/mk\/?post_type=product&#038;p=48878"},"modified":"2026-05-14T11:08:27","modified_gmt":"2026-05-14T09:08:27","slug":"dyshek-per-bebe-toy","status":"publish","type":"product","link":"https:\/\/www.comoditahome.com\/mk\/sq\/product\/dyshek-per-bebe-toy\/","title":{"rendered":"Dyshek p\u00ebr bebe Toy"},"content":{"rendered":"","protected":false},"excerpt":{"rendered":"<p style=\"text-align: left;\">Dysheku Toy p\u00ebr bebe \u00ebsht\u00eb me trash\u00ebsi prej 12cm dhe vjen me nj\u00eb mb\u00ebshtjell\u00ebs pambuku me mikrofibra t\u00eb dizajnuar p\u00ebr t\u00eb ofruar rehati gjat\u00eb fjetjes. Strukturua e dyshekut njihet p\u00ebr elasticitetin e shkum\u00ebs polietane q\u00eb ofron mb\u00ebshtetje optimale p\u00ebr form\u00ebn e trupit. Shtresa e shpuz\u00ebs \u00ebsht\u00eb e but\u00eb me sip\u00ebrfaqe t\u00eb konturuar. Dysheku \u00ebsht\u00eb dizajnuar p\u00ebr t\u00eb ju p\u00ebrshtatur fazave t\u00eb ndryshme t\u00eb zhvillimit t\u00eb m\u00eb t\u00eb vegj\u00eblve dhe rekomandohet edhe p\u00ebr periudh\u00ebn kur f\u00ebmija nuk e ka ende aft\u00ebsin\u00eb p\u00ebr t\u00eb l\u00ebvizur. Toy ka nj\u00eb material t\u00eb but\u00eb, q\u00eb i p\u00ebrshtatet l\u00ebkur\u00ebs s\u00eb f\u00ebmij\u00ebve. Dysheku mban\u00eb larg\u00eb bakteriet dhe alergjit\u00eb, duke ofruar nj\u00eb ambient t\u00eb sh\u00ebndetsh\u00ebm p\u00ebr ta.<\/p>\n<p>&nbsp;<\/p>\n<ul>\n<li style=\"text-align: left;\"><strong>Dimensioni:<\/strong> 120x60cm<\/li>\n<li style=\"text-align: left;\"><strong>Materiali:<\/strong>\u00a0Shpuz\u00eb poliuretane me mb\u00ebshtjell\u00ebs pambuku.<\/li>\n<li style=\"text-align: left;\"><strong>Udh\u00ebzime p\u00ebr p\u00ebrdorim:<\/strong> Dysheku vjen n\u00eb paketim t\u00eb vakumuar i mb\u00ebshtjellur n\u00eb m\u00ebnyr\u00eb hermetike. Pas hapjes, ai merr form\u00ebn brenda 10-20 minutave, por nuk duhet t\u00eb p\u00ebrdoret s\u00eb paku p\u00ebr 24 or\u00ebt e ardhshme. Dysheku nuk duhet t\u00eb ket\u00eb kontakt me ujin.<\/li>\n<li style=\"text-align: left;\"><strong>Garanci dhe kushtet e kthimit:<\/strong> P\u00ebr shkak t\u00eb kontaktit me higjien\u00eb personale, p\u00ebr produktet e tekstilit nuk pranohen kthime apo reklamacione.<\/li>\n<\/ul>\n","protected":false},"featured_media":40672,"template":"","meta":[],"product_cat":[299,303],"product_tag":[],"class_list":{"0":"post-48878","1":"product","2":"type-product","3":"status-publish","4":"has-post-thumbnail","6":"product_cat-kids","7":"product_cat-dyshek-kids","9":"first","10":"outofstock","11":"sale","12":"shipping-taxable","13":"purchasable","14":"product-type-simple","15":"layout-style-1","16":"col-md-4 col-sm-4 col-xs-6","17":"col-lg-3","18":"product-has-gallery","19":"product-style-default"},"_links":{"self":[{"href":"https:\/\/www.comoditahome.com\/mk\/sq\/wp-json\/wp\/v2\/product\/48878","targetHints":{"allow":["GET"]}}],"collection":[{"href":"https:\/\/www.comoditahome.com\/mk\/sq\/wp-json\/wp\/v2\/product"}],"about":[{"href":"https:\/\/www.comoditahome.com\/mk\/sq\/wp-json\/wp\/v2\/types\/product"}],"version-history":[{"count":0,"href":"https:\/\/www.comoditahome.com\/mk\/sq\/wp-json\/wp\/v2\/product\/48878\/revisions"}],"wp:featuredmedia":[{"embeddable":true,"href":"https:\/\/www.comoditahome.com\/mk\/sq\/wp-json\/wp\/v2\/media\/40672"}],"wp:attachment":[{"href":"https:\/\/www.comoditahome.com\/mk\/sq\/wp-json\/wp\/v2\/media?parent=48878"}],"wp:term":[{"taxonomy":"product_cat","embeddable":true,"href":"https:\/\/www.comoditahome.com\/mk\/sq\/wp-json\/wp\/v2\/product_cat?post=48878"},{"taxonomy":"product_tag","embeddable":true,"href":"https:\/\/www.comoditahome.com\/mk\/sq\/wp-json\/wp\/v2\/product_tag?post=48878"}],"curies":[{"name":"wp","href":"https:\/\/api.w.org\/{rel}","templated":true}]}}