 {"id":48897,"date":"2022-06-04T22:25:11","date_gmt":"2022-06-04T20:25:11","guid":{"rendered":"https:\/\/ks.comoditahome.com\/mk\/?post_type=product&#038;p=48897"},"modified":"2026-05-05T22:09:20","modified_gmt":"2026-05-05T20:09:20","slug":"set-gotash-per-vere-te-bardhe-splendour","status":"publish","type":"product","link":"https:\/\/www.comoditahome.com\/mk\/sq\/product\/set-gotash-per-vere-te-bardhe-splendour\/","title":{"rendered":"Set gotash p\u00ebr ver\u00eb t\u00eb bardh\u00eb Splendour"},"content":{"rendered":"","protected":false},"excerpt":{"rendered":"<p style=\"text-align: left;\">Seti i gotave t\u00eb ver\u00ebs Splendour \u00ebsht\u00eb dizajnuar si model p\u00ebrplot\u00eb me eleganc\u00eb, i p\u00ebrkryer p\u00ebr servimin e pijeve gjat\u00eb ndonj\u00eb feste apo momenti special. Forma e tyre e gjer\u00eb, me vij\u00eb t\u00eb gjat\u00eb dhe p\u00ebrfundim t\u00eb l\u00ebmuar, i b\u00ebn\u00eb q\u00eb ky set t\u00eb mos i mungoj asnj\u00ebher\u00eb tavolin\u00ebs suaj festive.<\/p>\n<p>&nbsp;<\/p>\n<ul>\n<li style=\"text-align: left;\"><strong>Materiali:<\/strong> Qelq.<\/li>\n<li style=\"text-align: left;\"><strong>Madh\u00ebsia:<\/strong> 200ml<\/li>\n<li style=\"text-align: left;\"><strong>Seti ka 6 pjes\u00eb:<\/strong> 6x gota.<\/li>\n<li style=\"text-align: left;\"><strong>Udh\u00ebzime p\u00ebr p\u00ebrdorim:<\/strong> Pastroni me dor\u00eb.<\/li>\n<li style=\"text-align: left;\"><strong>Garanci dhe m\u00ebnyra e kthimit:<\/strong> Ankesat p\u00ebr k\u00ebt\u00eb produkt pranohen brenda 24 or\u00ebve pas pranimit t\u00eb porosis\u00eb.<\/li>\n<\/ul>\n","protected":false},"featured_media":39319,"template":"","meta":[],"product_cat":[354,358],"product_tag":[],"class_list":{"0":"post-48897","1":"product","2":"type-product","3":"status-publish","4":"has-post-thumbnail","6":"product_cat-tryeze","7":"product_cat-set-gotash","9":"first","10":"instock","11":"sale","12":"shipping-taxable","13":"purchasable","14":"product-type-simple","15":"layout-style-1","16":"col-md-4 col-sm-4 col-xs-6","17":"col-lg-3","18":"product-has-gallery","19":"product-style-default"},"_links":{"self":[{"href":"https:\/\/www.comoditahome.com\/mk\/sq\/wp-json\/wp\/v2\/product\/48897","targetHints":{"allow":["GET"]}}],"collection":[{"href":"https:\/\/www.comoditahome.com\/mk\/sq\/wp-json\/wp\/v2\/product"}],"about":[{"href":"https:\/\/www.comoditahome.com\/mk\/sq\/wp-json\/wp\/v2\/types\/product"}],"version-history":[{"count":0,"href":"https:\/\/www.comoditahome.com\/mk\/sq\/wp-json\/wp\/v2\/product\/48897\/revisions"}],"wp:featuredmedia":[{"embeddable":true,"href":"https:\/\/www.comoditahome.com\/mk\/sq\/wp-json\/wp\/v2\/media\/39319"}],"wp:attachment":[{"href":"https:\/\/www.comoditahome.com\/mk\/sq\/wp-json\/wp\/v2\/media?parent=48897"}],"wp:term":[{"taxonomy":"product_cat","embeddable":true,"href":"https:\/\/www.comoditahome.com\/mk\/sq\/wp-json\/wp\/v2\/product_cat?post=48897"},{"taxonomy":"product_tag","embeddable":true,"href":"https:\/\/www.comoditahome.com\/mk\/sq\/wp-json\/wp\/v2\/product_tag?post=48897"}],"curies":[{"name":"wp","href":"https:\/\/api.w.org\/{rel}","templated":true}]}}