 {"id":48938,"date":"2021-06-29T06:41:01","date_gmt":"2021-06-29T04:41:01","guid":{"rendered":"https:\/\/ks.comoditahome.com\/mk\/?post_type=product&#038;p=48938"},"modified":"2026-05-05T22:09:21","modified_gmt":"2026-05-05T20:09:21","slug":"set-filxhanesh-per-kafe-autumn","status":"publish","type":"product","link":"https:\/\/www.comoditahome.com\/mk\/sq\/product\/set-filxhanesh-per-kafe-autumn\/","title":{"rendered":"Set filxhan\u00ebsh p\u00ebr kafe Autumn"},"content":{"rendered":"","protected":false},"excerpt":{"rendered":"<p style=\"text-align: left;\">Seti i filxhan\u00ebve p\u00ebr kafe nga linja Autumn vjen me dizajn modern, t\u00eb konturuar me detaje florale. Shijojeni koh\u00ebn tuaj t\u00eb lir\u00eb me stil.<\/p>\n<p>&nbsp;<\/p>\n<ul>\n<li style=\"text-align: left;\"><strong>Materiali:<\/strong> Porcelan<\/li>\n<li style=\"text-align: left;\"><strong>Madh\u00ebsia:<\/strong> 90ml<\/li>\n<li style=\"text-align: left;\"><strong>Seti ka 12 pjes\u00eb:<\/strong> 6x filxhan\u00eb, 6x pjat\u00ebza<\/li>\n<li style=\"text-align: left;\"><strong>Udh\u00ebzime p\u00ebr p\u00ebrdorim:<\/strong> Pastroni me dor\u00eb.<\/li>\n<li style=\"text-align: left;\"><strong>Garanci dhe m\u00ebnyra e kthimit:<\/strong> Ankesat p\u00ebr k\u00ebt\u00eb produkt pranohen brenda 24 or\u00ebve pas pranimit t\u00eb porosis\u00eb.<\/li>\n<\/ul>\n","protected":false},"featured_media":40075,"template":"","meta":[],"product_cat":[331,354,335],"product_tag":[],"class_list":{"0":"post-48938","1":"product","2":"type-product","3":"status-publish","4":"has-post-thumbnail","6":"product_cat-kuzhine","7":"product_cat-tryeze","8":"product_cat-kafe-sq","10":"first","11":"outofstock","12":"sale","13":"shipping-taxable","14":"purchasable","15":"product-type-simple","16":"layout-style-1","17":"col-md-4 col-sm-4 col-xs-6","18":"col-lg-3","19":"product-has-gallery","20":"product-style-default"},"_links":{"self":[{"href":"https:\/\/www.comoditahome.com\/mk\/sq\/wp-json\/wp\/v2\/product\/48938","targetHints":{"allow":["GET"]}}],"collection":[{"href":"https:\/\/www.comoditahome.com\/mk\/sq\/wp-json\/wp\/v2\/product"}],"about":[{"href":"https:\/\/www.comoditahome.com\/mk\/sq\/wp-json\/wp\/v2\/types\/product"}],"version-history":[{"count":1,"href":"https:\/\/www.comoditahome.com\/mk\/sq\/wp-json\/wp\/v2\/product\/48938\/revisions"}],"predecessor-version":[{"id":85092,"href":"https:\/\/www.comoditahome.com\/mk\/sq\/wp-json\/wp\/v2\/product\/48938\/revisions\/85092"}],"wp:featuredmedia":[{"embeddable":true,"href":"https:\/\/www.comoditahome.com\/mk\/sq\/wp-json\/wp\/v2\/media\/40075"}],"wp:attachment":[{"href":"https:\/\/www.comoditahome.com\/mk\/sq\/wp-json\/wp\/v2\/media?parent=48938"}],"wp:term":[{"taxonomy":"product_cat","embeddable":true,"href":"https:\/\/www.comoditahome.com\/mk\/sq\/wp-json\/wp\/v2\/product_cat?post=48938"},{"taxonomy":"product_tag","embeddable":true,"href":"https:\/\/www.comoditahome.com\/mk\/sq\/wp-json\/wp\/v2\/product_tag?post=48938"}],"curies":[{"name":"wp","href":"https:\/\/api.w.org\/{rel}","templated":true}]}}