 {"id":49021,"date":"2021-07-08T19:30:35","date_gmt":"2021-07-08T17:30:35","guid":{"rendered":"https:\/\/ks.comoditahome.com\/mk\/?post_type=product&#038;p=49021"},"modified":"2026-05-14T11:08:31","modified_gmt":"2026-05-14T09:08:31","slug":"set-servimi-bambuco-ne-forme-zemre","status":"publish","type":"product","link":"https:\/\/www.comoditahome.com\/mk\/sq\/product\/set-servimi-bambuco-ne-forme-zemre\/","title":{"rendered":"Set servimi Bambuco n\u00eb form\u00eb zemre"},"content":{"rendered":"","protected":false},"excerpt":{"rendered":"<p style=\"text-align: left;\">Set i en\u00ebve t\u00eb servimit nga linja Bambuco \u00ebsht\u00eb dizajnuar n\u00eb en\u00eb t\u00eb porcelanit me form\u00eb katrore dhe nj\u00eb mbajt\u00ebse e drurit. En\u00ebt dhe mbajt\u00ebsja mund t\u00eb p\u00ebrdoren edhe ve\u00e7mas setit. P\u00ebrdorni setin ekologjik p\u00ebr nj\u00eb jetes\u00eb m\u00eb t\u00eb sh\u00ebndetshme dhe servim m\u00eb praktik.<\/p>\n<p>&nbsp;<\/p>\n<ul>\n<li style=\"text-align: left;\"><strong>Materiali:<\/strong> Porcelan dhe dru.<\/li>\n<li style=\"text-align: left;\"><strong>Udh\u00ebzime p\u00ebr p\u00ebrdorim:<\/strong> Pastroni me dor\u00eb.<\/li>\n<li style=\"text-align: left;\"><strong>Garanci dhe m\u00ebnyra e kthimit:<\/strong> Ankesat p\u00ebr k\u00ebt\u00eb produkt pranohen brenda 24 or\u00ebve pas pranimit t\u00eb porosis\u00eb.<\/li>\n<\/ul>\n","protected":false},"featured_media":39607,"template":"","meta":[],"product_cat":[1201,1184,354,357],"product_tag":[],"class_list":{"0":"post-49021","1":"product","2":"type-product","3":"status-publish","4":"has-post-thumbnail","6":"product_cat-do-1000-denari-sq","7":"product_cat-do-1000-denari","8":"product_cat-tryeze","9":"product_cat-ene-servimi","11":"first","12":"outofstock","13":"sale","14":"shipping-taxable","15":"purchasable","16":"product-type-simple","17":"layout-style-1","18":"col-md-4 col-sm-4 col-xs-6","19":"col-lg-3","20":"product-has-gallery","21":"product-style-default"},"_links":{"self":[{"href":"https:\/\/www.comoditahome.com\/mk\/sq\/wp-json\/wp\/v2\/product\/49021","targetHints":{"allow":["GET"]}}],"collection":[{"href":"https:\/\/www.comoditahome.com\/mk\/sq\/wp-json\/wp\/v2\/product"}],"about":[{"href":"https:\/\/www.comoditahome.com\/mk\/sq\/wp-json\/wp\/v2\/types\/product"}],"version-history":[{"count":0,"href":"https:\/\/www.comoditahome.com\/mk\/sq\/wp-json\/wp\/v2\/product\/49021\/revisions"}],"wp:featuredmedia":[{"embeddable":true,"href":"https:\/\/www.comoditahome.com\/mk\/sq\/wp-json\/wp\/v2\/media\/39607"}],"wp:attachment":[{"href":"https:\/\/www.comoditahome.com\/mk\/sq\/wp-json\/wp\/v2\/media?parent=49021"}],"wp:term":[{"taxonomy":"product_cat","embeddable":true,"href":"https:\/\/www.comoditahome.com\/mk\/sq\/wp-json\/wp\/v2\/product_cat?post=49021"},{"taxonomy":"product_tag","embeddable":true,"href":"https:\/\/www.comoditahome.com\/mk\/sq\/wp-json\/wp\/v2\/product_tag?post=49021"}],"curies":[{"name":"wp","href":"https:\/\/api.w.org\/{rel}","templated":true}]}}