 {"id":49025,"date":"2021-08-02T10:28:48","date_gmt":"2021-08-02T08:28:48","guid":{"rendered":"https:\/\/ks.comoditahome.com\/mk\/?post_type=product&#038;p=49025"},"modified":"2026-05-05T22:09:24","modified_gmt":"2026-05-05T20:09:24","slug":"set-kutish-ushqimi-earthware-beige","status":"publish","type":"product","link":"https:\/\/www.comoditahome.com\/mk\/sq\/product\/set-kutish-ushqimi-earthware-beige\/","title":{"rendered":"Set kutish ushqimi Earthware Beige"},"content":{"rendered":"","protected":false},"excerpt":{"rendered":"<p style=\"text-align: left;\">Seti i kutive t\u00eb ushqimit nga linja Earthware, vjen i punuar me material qeramike dhe kapak silikoni. Ky set ofron 3 kuti gjysm\u00eb rrethore n\u00eb tri madh\u00ebsi, duke leht\u00ebsuar mbrojtjen e ushqimit t\u00eb sigurt\u00eb. P\u00ebrdorni ato p\u00ebr t\u00eb b\u00ebr\u00eb gati vaktet e f\u00ebmij\u00ebve p\u00ebr shkoll\u00eb, kur ruani ushqimin p\u00ebr m\u00eb von\u00eb apo \u00e7doher\u00eb q\u00eb udh\u00ebtoni.<\/p>\n<p>&nbsp;<\/p>\n<ul>\n<li style=\"text-align: left;\"><strong>Materiali:<\/strong> Qeramik\u00eb dhe silikon.<\/li>\n<li style=\"text-align: left;\"><strong>Udh\u00ebzime p\u00ebr p\u00ebrdorim:<\/strong> Pastroni me dor\u00eb.<\/li>\n<li style=\"text-align: left;\"><strong>Garanci dhe m\u00ebnyra e kthimit:<\/strong> Ankesat p\u00ebr k\u00ebt\u00eb produkt pranohen brenda 24 or\u00ebve pas pranimit t\u00eb porosis\u00eb.<\/li>\n<\/ul>\n","protected":false},"featured_media":39249,"template":"","meta":[],"product_cat":[331,354,357],"product_tag":[],"class_list":{"0":"post-49025","1":"product","2":"type-product","3":"status-publish","4":"has-post-thumbnail","6":"product_cat-kuzhine","7":"product_cat-tryeze","8":"product_cat-ene-servimi","10":"first","11":"outofstock","12":"sale","13":"shipping-taxable","14":"purchasable","15":"product-type-simple","16":"layout-style-1","17":"col-md-4 col-sm-4 col-xs-6","18":"col-lg-3","19":"product-has-gallery","20":"product-style-default"},"_links":{"self":[{"href":"https:\/\/www.comoditahome.com\/mk\/sq\/wp-json\/wp\/v2\/product\/49025","targetHints":{"allow":["GET"]}}],"collection":[{"href":"https:\/\/www.comoditahome.com\/mk\/sq\/wp-json\/wp\/v2\/product"}],"about":[{"href":"https:\/\/www.comoditahome.com\/mk\/sq\/wp-json\/wp\/v2\/types\/product"}],"version-history":[{"count":0,"href":"https:\/\/www.comoditahome.com\/mk\/sq\/wp-json\/wp\/v2\/product\/49025\/revisions"}],"wp:featuredmedia":[{"embeddable":true,"href":"https:\/\/www.comoditahome.com\/mk\/sq\/wp-json\/wp\/v2\/media\/39249"}],"wp:attachment":[{"href":"https:\/\/www.comoditahome.com\/mk\/sq\/wp-json\/wp\/v2\/media?parent=49025"}],"wp:term":[{"taxonomy":"product_cat","embeddable":true,"href":"https:\/\/www.comoditahome.com\/mk\/sq\/wp-json\/wp\/v2\/product_cat?post=49025"},{"taxonomy":"product_tag","embeddable":true,"href":"https:\/\/www.comoditahome.com\/mk\/sq\/wp-json\/wp\/v2\/product_tag?post=49025"}],"curies":[{"name":"wp","href":"https:\/\/api.w.org\/{rel}","templated":true}]}}