 {"id":49035,"date":"2021-06-29T07:46:30","date_gmt":"2021-06-29T05:46:30","guid":{"rendered":"https:\/\/ks.comoditahome.com\/mk\/?post_type=product&#038;p=49035"},"modified":"2026-05-05T22:09:25","modified_gmt":"2026-05-05T20:09:25","slug":"set-pjatash-deserti-araluen","status":"publish","type":"product","link":"https:\/\/www.comoditahome.com\/mk\/sq\/product\/set-pjatash-deserti-araluen\/","title":{"rendered":"Set pjatash deserti Araluen"},"content":{"rendered":"","protected":false},"excerpt":{"rendered":"<p style=\"text-align: left;\">Seti i pjatave t\u00eb desertit Araluen vjen n\u00eb form\u00eb t\u00eb rrumbullak\u00ebt dhe t\u00eb rrafsh\u00ebt. K\u00ebto pjata dallohen p\u00ebr nga vizatimet pasionante t\u00eb zambak\u00ebve t\u00eb ujit n\u00eb sip\u00ebrfaqe t\u00eb form\u00ebsuara me k\u00ebnde t\u00eb rrumbullakosura. P\u00ebrmes nj\u00eb pamje moderne dhe materialit t\u00eb porcelanit cil\u00ebsor, ato transmetojn\u00eb madh\u00ebshtin\u00eb e pakrahasueshme t\u00eb natyr\u00ebs.<\/p>\n<p>&nbsp;<\/p>\n<ul>\n<li style=\"text-align: left;\"><strong>Materiali:<\/strong> Porcelan<\/li>\n<li style=\"text-align: left;\"><strong>Dimensioni:<\/strong> 20cm<\/li>\n<li style=\"text-align: left;\"><strong>Seti ka 6 pjes\u00eb:<\/strong> 6x pjata<\/li>\n<li style=\"text-align: left;\"><strong>Udh\u00ebzime p\u00ebr p\u00ebrdorim:<\/strong> Pastroni me dor\u00eb.<\/li>\n<li style=\"text-align: left;\"><strong>Garanci dhe m\u00ebnyra e kthimit:<\/strong> Ankesat p\u00ebr k\u00ebt\u00eb produkt pranohen brenda 24 or\u00ebve pas pranimit t\u00eb porosis\u00eb.<\/li>\n<\/ul>\n","protected":false},"featured_media":39923,"template":"","meta":[],"product_cat":[1184,1201,331,354,359],"product_tag":[],"class_list":{"0":"post-49035","1":"product","2":"type-product","3":"status-publish","4":"has-post-thumbnail","6":"product_cat-do-1000-denari","7":"product_cat-do-1000-denari-sq","8":"product_cat-kuzhine","9":"product_cat-tryeze","10":"product_cat-set-pjatash","12":"first","13":"instock","14":"sale","15":"shipping-taxable","16":"purchasable","17":"product-type-simple","18":"layout-style-1","19":"col-md-4 col-sm-4 col-xs-6","20":"col-lg-3","21":"product-has-gallery","22":"product-style-default"},"_links":{"self":[{"href":"https:\/\/www.comoditahome.com\/mk\/sq\/wp-json\/wp\/v2\/product\/49035","targetHints":{"allow":["GET"]}}],"collection":[{"href":"https:\/\/www.comoditahome.com\/mk\/sq\/wp-json\/wp\/v2\/product"}],"about":[{"href":"https:\/\/www.comoditahome.com\/mk\/sq\/wp-json\/wp\/v2\/types\/product"}],"version-history":[{"count":0,"href":"https:\/\/www.comoditahome.com\/mk\/sq\/wp-json\/wp\/v2\/product\/49035\/revisions"}],"wp:featuredmedia":[{"embeddable":true,"href":"https:\/\/www.comoditahome.com\/mk\/sq\/wp-json\/wp\/v2\/media\/39923"}],"wp:attachment":[{"href":"https:\/\/www.comoditahome.com\/mk\/sq\/wp-json\/wp\/v2\/media?parent=49035"}],"wp:term":[{"taxonomy":"product_cat","embeddable":true,"href":"https:\/\/www.comoditahome.com\/mk\/sq\/wp-json\/wp\/v2\/product_cat?post=49035"},{"taxonomy":"product_tag","embeddable":true,"href":"https:\/\/www.comoditahome.com\/mk\/sq\/wp-json\/wp\/v2\/product_tag?post=49035"}],"curies":[{"name":"wp","href":"https:\/\/api.w.org\/{rel}","templated":true}]}}