 {"id":49062,"date":"2021-07-09T06:44:48","date_gmt":"2021-07-09T04:44:48","guid":{"rendered":"https:\/\/ks.comoditahome.com\/mk\/?post_type=product&#038;p=49062"},"modified":"2026-05-14T11:08:33","modified_gmt":"2026-05-14T09:08:33","slug":"set-filxhanesh-per-caj-stoneware-pink-240ml","status":"publish","type":"product","link":"https:\/\/www.comoditahome.com\/mk\/sq\/product\/set-filxhanesh-per-caj-stoneware-pink-240ml\/","title":{"rendered":"Set filxhan\u00ebsh p\u00ebr \u00e7aj Stoneware Pink 240ml"},"content":{"rendered":"","protected":false},"excerpt":{"rendered":"<p style=\"text-align: left;\">Seti i filxhan\u00ebve p\u00ebr \u00e7aj nga linja Stoneware, vjen n\u00eb p\u00ebrmasa standarde, perfekte p\u00ebr t\u00eb servuar \u00e7aj. Dizajni dhe ngjyra minimale n\u00eb tekstur\u00ebn e gurit, e b\u00ebjn\u00eb k\u00ebt\u00eb set jasht\u00ebzakonisht modern.<\/p>\n<p>&nbsp;<\/p>\n<ul>\n<li style=\"text-align: left;\"><strong>Ngjyra:\u00a0<\/strong>Pembe<\/li>\n<li style=\"text-align: left;\"><strong>Materiali:<\/strong> Gur<\/li>\n<li style=\"text-align: left;\"><strong>Madh\u00ebsia:<\/strong> 240ml<\/li>\n<li style=\"text-align: left;\"><strong>Seti ka 12 pjes\u00eb:<\/strong> 6x filxhan\u00eb, 6x pjat\u00ebza<\/li>\n<li style=\"text-align: left;\"><strong>Udh\u00ebzime p\u00ebr p\u00ebrdorim:<\/strong> Pastroni me dor\u00eb.<\/li>\n<li style=\"text-align: left;\"><strong>Garanci dhe m\u00ebnyra e kthimit:<\/strong> Ankesat p\u00ebr k\u00ebt\u00eb produkt pranohen brenda 24 or\u00ebve pas pranimit t\u00eb porosis\u00eb.<\/li>\n<\/ul>\n","protected":false},"featured_media":39657,"template":"","meta":[],"product_cat":[1184,1201,331,354,339],"product_tag":[],"class_list":{"0":"post-49062","1":"product","2":"type-product","3":"status-publish","4":"has-post-thumbnail","6":"product_cat-do-1000-denari","7":"product_cat-do-1000-denari-sq","8":"product_cat-kuzhine","9":"product_cat-tryeze","10":"product_cat-caj-sq","12":"first","13":"outofstock","14":"sale","15":"shipping-taxable","16":"purchasable","17":"product-type-simple","18":"layout-style-1","19":"col-md-4 col-sm-4 col-xs-6","20":"col-lg-3","21":"product-has-gallery","22":"product-style-default"},"_links":{"self":[{"href":"https:\/\/www.comoditahome.com\/mk\/sq\/wp-json\/wp\/v2\/product\/49062","targetHints":{"allow":["GET"]}}],"collection":[{"href":"https:\/\/www.comoditahome.com\/mk\/sq\/wp-json\/wp\/v2\/product"}],"about":[{"href":"https:\/\/www.comoditahome.com\/mk\/sq\/wp-json\/wp\/v2\/types\/product"}],"version-history":[{"count":0,"href":"https:\/\/www.comoditahome.com\/mk\/sq\/wp-json\/wp\/v2\/product\/49062\/revisions"}],"wp:featuredmedia":[{"embeddable":true,"href":"https:\/\/www.comoditahome.com\/mk\/sq\/wp-json\/wp\/v2\/media\/39657"}],"wp:attachment":[{"href":"https:\/\/www.comoditahome.com\/mk\/sq\/wp-json\/wp\/v2\/media?parent=49062"}],"wp:term":[{"taxonomy":"product_cat","embeddable":true,"href":"https:\/\/www.comoditahome.com\/mk\/sq\/wp-json\/wp\/v2\/product_cat?post=49062"},{"taxonomy":"product_tag","embeddable":true,"href":"https:\/\/www.comoditahome.com\/mk\/sq\/wp-json\/wp\/v2\/product_tag?post=49062"}],"curies":[{"name":"wp","href":"https:\/\/api.w.org\/{rel}","templated":true}]}}