 {"id":49065,"date":"2021-06-29T07:37:46","date_gmt":"2021-06-29T05:37:46","guid":{"rendered":"https:\/\/ks.comoditahome.com\/mk\/?post_type=product&#038;p=49065"},"modified":"2026-05-14T11:08:33","modified_gmt":"2026-05-14T09:08:33","slug":"set-filxhanesh-per-caj-orange-leaf","status":"publish","type":"product","link":"https:\/\/www.comoditahome.com\/mk\/sq\/product\/set-filxhanesh-per-caj-orange-leaf\/","title":{"rendered":"Set filxhan\u00ebsh p\u00ebr \u00e7aj Orange Leaf"},"content":{"rendered":"","protected":false},"excerpt":{"rendered":"<p style=\"text-align: left;\">Seti i filxhan\u00ebve t\u00eb kafes\u00eb Orange Leaf vjen n\u00eb madh\u00ebsi standarde, t\u00eb p\u00ebrshtatshme p\u00ebr servimin e \u00e7ajit. K\u00ebta filxhan\u00eb kan\u00eb nj\u00eb konotacion ngjyrash t\u00eb k\u00ebndshme, q\u00eb kujtojn\u00eb ngroht\u00ebsin\u00eb verore.<\/p>\n<p>&nbsp;<\/p>\n<ul>\n<li style=\"text-align: left;\"><strong>Materiali:<\/strong> Porcelan<\/li>\n<li style=\"text-align: left;\"><strong>Madh\u00ebsia:<\/strong> 200ml<\/li>\n<li style=\"text-align: left;\"><strong>Seti ka 12 pjes\u00eb:<\/strong> 6x filxhan\u00eb, 6x pjat\u00ebza<\/li>\n<li style=\"text-align: left;\"><strong>Udh\u00ebzime p\u00ebr p\u00ebrdorim:<\/strong> Pastroni me dor\u00eb.<\/li>\n<li style=\"text-align: left;\"><strong>Garanci dhe m\u00ebnyra e kthimit:<\/strong> Ankesat p\u00ebr k\u00ebt\u00eb produkt pranohen brenda 24 or\u00ebve pas pranimit t\u00eb porosis\u00eb.<\/li>\n<\/ul>\n","protected":false},"featured_media":39952,"template":"","meta":[],"product_cat":[806,283,331,354,339],"product_tag":[],"class_list":{"0":"post-49065","1":"product","2":"type-product","3":"status-publish","4":"has-post-thumbnail","6":"product_cat-oferta-kuzhine","7":"product_cat-oferta","8":"product_cat-kuzhine","9":"product_cat-tryeze","10":"product_cat-caj-sq","12":"first","13":"outofstock","14":"sale","15":"shipping-taxable","16":"purchasable","17":"product-type-simple","18":"layout-style-1","19":"col-md-4 col-sm-4 col-xs-6","20":"col-lg-3","21":"product-has-gallery","22":"product-style-default"},"_links":{"self":[{"href":"https:\/\/www.comoditahome.com\/mk\/sq\/wp-json\/wp\/v2\/product\/49065","targetHints":{"allow":["GET"]}}],"collection":[{"href":"https:\/\/www.comoditahome.com\/mk\/sq\/wp-json\/wp\/v2\/product"}],"about":[{"href":"https:\/\/www.comoditahome.com\/mk\/sq\/wp-json\/wp\/v2\/types\/product"}],"version-history":[{"count":0,"href":"https:\/\/www.comoditahome.com\/mk\/sq\/wp-json\/wp\/v2\/product\/49065\/revisions"}],"wp:featuredmedia":[{"embeddable":true,"href":"https:\/\/www.comoditahome.com\/mk\/sq\/wp-json\/wp\/v2\/media\/39952"}],"wp:attachment":[{"href":"https:\/\/www.comoditahome.com\/mk\/sq\/wp-json\/wp\/v2\/media?parent=49065"}],"wp:term":[{"taxonomy":"product_cat","embeddable":true,"href":"https:\/\/www.comoditahome.com\/mk\/sq\/wp-json\/wp\/v2\/product_cat?post=49065"},{"taxonomy":"product_tag","embeddable":true,"href":"https:\/\/www.comoditahome.com\/mk\/sq\/wp-json\/wp\/v2\/product_tag?post=49065"}],"curies":[{"name":"wp","href":"https:\/\/api.w.org\/{rel}","templated":true}]}}