 {"id":49075,"date":"2021-06-29T06:53:34","date_gmt":"2021-06-29T04:53:34","guid":{"rendered":"https:\/\/ks.comoditahome.com\/mk\/?post_type=product&#038;p=49075"},"modified":"2026-05-05T22:09:26","modified_gmt":"2026-05-05T20:09:26","slug":"set-per-sherbim-caji-ela-silver","status":"publish","type":"product","link":"https:\/\/www.comoditahome.com\/mk\/sq\/product\/set-per-sherbim-caji-ela-silver\/","title":{"rendered":"Set p\u00ebr sh\u00ebrbim \u00e7aji Ela Silver"},"content":{"rendered":"","protected":false},"excerpt":{"rendered":"<p style=\"text-align: left;\">Ky set p\u00ebr sh\u00ebrbim \u00e7aji nga linja Ela Silver Effect vjen n\u00eb 18 pjes\u00eb. Dizajni minimal i jep shije k\u00ebtij koleksioni. Kuzhin\u00ebs tuaj i duhet nj\u00eb set i till\u00eb q\u00eb prezantimet tuaja t\u00eb ken\u00eb eleganc\u00eb!<\/p>\n<p>&nbsp;<\/p>\n<ul>\n<li style=\"text-align: left;\"><strong>Materiali:<\/strong> \u00c7elik dhe qelq.<\/li>\n<li style=\"text-align: left;\"><strong>Seti ka 18 pjes\u00eb:<\/strong> 6x gota, 6x lug\u00eb, 6x pjat\u00ebza.<\/li>\n<li style=\"text-align: left;\"><strong>Udh\u00ebzime p\u00ebr p\u00ebrdorim:<\/strong> Pastroni me dor\u00eb.<\/li>\n<li style=\"text-align: left;\"><strong>Garanci dhe m\u00ebnyra e kthimit:<\/strong> Ankesat p\u00ebr k\u00ebt\u00eb produkt pranohen brenda 24 or\u00ebve pas pranimit t\u00eb porosis\u00eb.<\/li>\n<\/ul>\n","protected":false},"featured_media":39123,"template":"","meta":[],"product_cat":[354,339],"product_tag":[],"class_list":{"0":"post-49075","1":"product","2":"type-product","3":"status-publish","4":"has-post-thumbnail","6":"product_cat-tryeze","7":"product_cat-caj-sq","9":"first","10":"outofstock","11":"sale","12":"shipping-taxable","13":"purchasable","14":"product-type-simple","15":"layout-style-1","16":"col-md-4 col-sm-4 col-xs-6","17":"col-lg-3","18":"product-has-gallery","19":"product-style-default"},"_links":{"self":[{"href":"https:\/\/www.comoditahome.com\/mk\/sq\/wp-json\/wp\/v2\/product\/49075","targetHints":{"allow":["GET"]}}],"collection":[{"href":"https:\/\/www.comoditahome.com\/mk\/sq\/wp-json\/wp\/v2\/product"}],"about":[{"href":"https:\/\/www.comoditahome.com\/mk\/sq\/wp-json\/wp\/v2\/types\/product"}],"version-history":[{"count":0,"href":"https:\/\/www.comoditahome.com\/mk\/sq\/wp-json\/wp\/v2\/product\/49075\/revisions"}],"wp:featuredmedia":[{"embeddable":true,"href":"https:\/\/www.comoditahome.com\/mk\/sq\/wp-json\/wp\/v2\/media\/39123"}],"wp:attachment":[{"href":"https:\/\/www.comoditahome.com\/mk\/sq\/wp-json\/wp\/v2\/media?parent=49075"}],"wp:term":[{"taxonomy":"product_cat","embeddable":true,"href":"https:\/\/www.comoditahome.com\/mk\/sq\/wp-json\/wp\/v2\/product_cat?post=49075"},{"taxonomy":"product_tag","embeddable":true,"href":"https:\/\/www.comoditahome.com\/mk\/sq\/wp-json\/wp\/v2\/product_tag?post=49075"}],"curies":[{"name":"wp","href":"https:\/\/api.w.org\/{rel}","templated":true}]}}