 {"id":49097,"date":"2021-09-03T08:20:37","date_gmt":"2021-09-03T06:20:37","guid":{"rendered":"https:\/\/ks.comoditahome.com\/mk\/?post_type=product&#038;p=49097"},"modified":"2026-05-05T22:09:28","modified_gmt":"2026-05-05T20:09:28","slug":"tavoline-e-rrumbullaket-kopshti","status":"publish","type":"product","link":"https:\/\/www.comoditahome.com\/mk\/sq\/product\/tavoline-e-rrumbullaket-kopshti\/","title":{"rendered":"Tavolin\u00eb e rrumbullak\u00ebt kopshti"},"content":{"rendered":"","protected":false},"excerpt":{"rendered":"<p style=\"text-align: left;\">Tavolina e kopshtit vjen n\u00eb form\u00eb t\u00eb rrumbullak\u00ebt, me struktur\u00eb xhami q\u00eb e b\u00ebn at\u00eb jasht\u00ebzakonisht t\u00eb q\u00ebndrueshme dhe stabile. Xhami i veshur me susta n\u00eb krye t\u00eb tavolin\u00ebs ka nj\u00eb model me onde, me nj\u00eb vrim\u00eb t\u00eb hapur n\u00eb mes p\u00ebr t\u00eb vendosur nj\u00eb tend\u00eb hije. Mbajt\u00ebsit e tavolin\u00ebs jan\u00eb shum\u00eb t\u00eb q\u00ebndrueshme.<\/p>\n<p>&nbsp;<\/p>\n<ul>\n<li style=\"text-align: left;\"><strong>Ngjyra:<\/strong> Bezh \/ E zez\u00eb<\/li>\n<li style=\"text-align: left;\"><strong>Dimensioni:<\/strong> 80x71cm<\/li>\n<li style=\"text-align: left;\"><strong>Materiali:<\/strong> Hekur dhe xham<\/li>\n<li style=\"text-align: left;\"><strong>Udh\u00ebzime p\u00ebr p\u00ebrdorim:<\/strong> Pastroni me dor\u00eb.<\/li>\n<li style=\"text-align: left;\"><strong>Garanci dhe kushtet e kthimit:<\/strong> Ankesat p\u00ebr k\u00ebt\u00eb produkt pranohen brenda 24 or\u00ebve pas pranimit t\u00eb porosis\u00eb.<\/li>\n<\/ul>\n","protected":false},"featured_media":40451,"template":"","meta":[],"product_cat":[291,213,295,216],"product_tag":[],"class_list":{"0":"post-49097","1":"product","2":"type-product","3":"status-publish","4":"has-post-thumbnail","6":"product_cat-kopsht","7":"product_cat-gradina","8":"product_cat-tavoline","9":"product_cat-masa","11":"first","12":"instock","13":"sale","14":"shipping-taxable","15":"purchasable","16":"product-type-variable","17":"layout-style-1","18":"col-md-4 col-sm-4 col-xs-6","19":"col-lg-3","20":"product-has-gallery","21":"product-style-default"},"_links":{"self":[{"href":"https:\/\/www.comoditahome.com\/mk\/sq\/wp-json\/wp\/v2\/product\/49097","targetHints":{"allow":["GET"]}}],"collection":[{"href":"https:\/\/www.comoditahome.com\/mk\/sq\/wp-json\/wp\/v2\/product"}],"about":[{"href":"https:\/\/www.comoditahome.com\/mk\/sq\/wp-json\/wp\/v2\/types\/product"}],"version-history":[{"count":0,"href":"https:\/\/www.comoditahome.com\/mk\/sq\/wp-json\/wp\/v2\/product\/49097\/revisions"}],"wp:featuredmedia":[{"embeddable":true,"href":"https:\/\/www.comoditahome.com\/mk\/sq\/wp-json\/wp\/v2\/media\/40451"}],"wp:attachment":[{"href":"https:\/\/www.comoditahome.com\/mk\/sq\/wp-json\/wp\/v2\/media?parent=49097"}],"wp:term":[{"taxonomy":"product_cat","embeddable":true,"href":"https:\/\/www.comoditahome.com\/mk\/sq\/wp-json\/wp\/v2\/product_cat?post=49097"},{"taxonomy":"product_tag","embeddable":true,"href":"https:\/\/www.comoditahome.com\/mk\/sq\/wp-json\/wp\/v2\/product_tag?post=49097"}],"curies":[{"name":"wp","href":"https:\/\/api.w.org\/{rel}","templated":true}]}}