 {"id":49142,"date":"2021-09-03T08:48:24","date_gmt":"2021-09-03T06:48:24","guid":{"rendered":"https:\/\/ks.comoditahome.com\/mk\/?post_type=product&#038;p=49142"},"modified":"2026-05-05T22:09:27","modified_gmt":"2026-05-05T20:09:27","slug":"cader-pikniku-black","status":"publish","type":"product","link":"https:\/\/www.comoditahome.com\/mk\/sq\/product\/cader-pikniku-black\/","title":{"rendered":"\u00c7ad\u00ebr pikniku Black"},"content":{"rendered":"","protected":false},"excerpt":{"rendered":"<p style=\"text-align: left;\">\u00c7adra e kopshtit \u00ebsht\u00eb aksesori i duhur q\u00eb finalizon komoditetin n\u00eb ambient t\u00eb hapur. E p\u00ebrkryer p\u00ebr t\u00eb siguruar hije n\u00eb dit\u00ebt me diell, kjo tend\u00eb ka nj\u00eb diamet\u00ebr t\u00eb konsideruesh\u00ebm p\u00ebr t\u00eb siguruar hije p\u00ebr t\u00eb gjith\u00eb tryez\u00ebn. \u00cbsht\u00eb mjaft e leht\u00eb p\u00ebr t&#8217;u pastruar dhe p\u00ebrshtatet leht\u00ebsisht n\u00eb vrim\u00ebn n\u00eb mes t\u00eb tavolin\u00ebs.<\/p>\n<p>&nbsp;<\/p>\n<ul>\n<li style=\"text-align: left;\"><strong>Ngjyra:<\/strong> E zez\u00eb<\/li>\n<li style=\"text-align: left;\"><strong>Dimensionet:<\/strong> \u2205 180x200cm<\/li>\n<li style=\"text-align: left;\"><strong>Materiali:<\/strong> Polyester dhe hekur<\/li>\n<li style=\"text-align: left;\"><strong>Udh\u00ebzime p\u00ebr p\u00ebrdorim:<\/strong> Pastroni me dor\u00eb.<\/li>\n<li style=\"text-align: left;\"><strong>Garanci dhe kushtet e kthimit:<\/strong> Ankesat p\u00ebr k\u00ebt\u00eb produkt pranohen brenda 24 or\u00ebve pas pranimit t\u00eb porosis\u00eb.<\/li>\n<\/ul>\n","protected":false},"featured_media":40469,"template":"","meta":[],"product_cat":[291,213,298,218],"product_tag":[],"class_list":{"0":"post-49142","1":"product","2":"type-product","3":"status-publish","4":"has-post-thumbnail","6":"product_cat-kopsht","7":"product_cat-gradina","8":"product_cat-cader","9":"product_cat-cador","11":"first","12":"instock","13":"sale","14":"shipping-taxable","15":"purchasable","16":"product-type-simple","17":"layout-style-1","18":"col-md-4 col-sm-4 col-xs-6","19":"col-lg-3","20":"product-has-gallery","21":"product-style-default"},"_links":{"self":[{"href":"https:\/\/www.comoditahome.com\/mk\/sq\/wp-json\/wp\/v2\/product\/49142","targetHints":{"allow":["GET"]}}],"collection":[{"href":"https:\/\/www.comoditahome.com\/mk\/sq\/wp-json\/wp\/v2\/product"}],"about":[{"href":"https:\/\/www.comoditahome.com\/mk\/sq\/wp-json\/wp\/v2\/types\/product"}],"version-history":[{"count":0,"href":"https:\/\/www.comoditahome.com\/mk\/sq\/wp-json\/wp\/v2\/product\/49142\/revisions"}],"wp:featuredmedia":[{"embeddable":true,"href":"https:\/\/www.comoditahome.com\/mk\/sq\/wp-json\/wp\/v2\/media\/40469"}],"wp:attachment":[{"href":"https:\/\/www.comoditahome.com\/mk\/sq\/wp-json\/wp\/v2\/media?parent=49142"}],"wp:term":[{"taxonomy":"product_cat","embeddable":true,"href":"https:\/\/www.comoditahome.com\/mk\/sq\/wp-json\/wp\/v2\/product_cat?post=49142"},{"taxonomy":"product_tag","embeddable":true,"href":"https:\/\/www.comoditahome.com\/mk\/sq\/wp-json\/wp\/v2\/product_tag?post=49142"}],"curies":[{"name":"wp","href":"https:\/\/api.w.org\/{rel}","templated":true}]}}