 {"id":49187,"date":"2021-06-28T07:59:14","date_gmt":"2021-06-28T05:59:14","guid":{"rendered":"https:\/\/ks.comoditahome.com\/mk\/?post_type=product&#038;p=49187"},"modified":"2026-05-14T11:08:35","modified_gmt":"2026-05-14T09:08:35","slug":"kuti-dekorative-baby-line-teddy-27x10x4cm","status":"publish","type":"product","link":"https:\/\/www.comoditahome.com\/mk\/sq\/product\/kuti-dekorative-baby-line-teddy-27x10x4cm\/","title":{"rendered":"Kuti dekorative Baby Line Teddy 27x10x4cm"},"content":{"rendered":"","protected":false},"excerpt":{"rendered":"<p style=\"text-align: left;\">Seti vjen me 3 kutit\u00eb me kapak\u00eb dhe nj\u00eb mbajt\u00ebse d\u00ebrrase p\u00ebr t\u2019i r\u00ebnditur s\u00eb bashku. N\u00eb secil\u00ebn prej kutive jan\u00eb mbishkrimet p\u00ebr ruajtjen e byzylykut t\u00eb lindjes, flok\u00ebve t\u00eb par\u00eb dhe dh\u00ebmball\u00ebs s\u00eb par\u00eb. Ky set kutish dekorative \u00ebsht\u00eb i p\u00ebrkryer p\u00ebr dhom\u00ebn e m\u00eb t\u00eb vegj\u00eblve tuaj, duke funksionuar k\u00ebshtu si nj\u00eb ruajt\u00ebs kujtimesh shum\u00eb i ve\u00e7ant\u00eb.<\/p>\n<p>&nbsp;<\/p>\n<ul>\n<li style=\"text-align: left;\"><strong>Dimensioni:<\/strong> 27x10x4cm<\/li>\n<li style=\"text-align: left;\"><strong>Materiali:<\/strong> Dru.<\/li>\n<li style=\"text-align: left;\"><strong>Udh\u00ebzime p\u00ebr p\u00ebrdorim:<\/strong> Pastroni me pastrues pluhuri.<\/li>\n<li style=\"text-align: left;\"><strong>Garanci dhe m\u00ebnyra e kthimit:<\/strong> Ankesat p\u00ebr k\u00ebt\u00eb produkt pranohen brenda 24 or\u00ebve pas pranimit t\u00eb porosis\u00eb.<\/li>\n<\/ul>\n","protected":false},"featured_media":38995,"template":"","meta":[],"product_cat":[1184,1201,299,302],"product_tag":[],"class_list":{"0":"post-49187","1":"product","2":"type-product","3":"status-publish","4":"has-post-thumbnail","6":"product_cat-do-1000-denari","7":"product_cat-do-1000-denari-sq","8":"product_cat-kids","9":"product_cat-dekor-kids","11":"first","12":"outofstock","13":"sale","14":"shipping-taxable","15":"purchasable","16":"product-type-simple","17":"layout-style-1","18":"col-md-4 col-sm-4 col-xs-6","19":"col-lg-3","20":"product-has-gallery","21":"product-style-default"},"_links":{"self":[{"href":"https:\/\/www.comoditahome.com\/mk\/sq\/wp-json\/wp\/v2\/product\/49187","targetHints":{"allow":["GET"]}}],"collection":[{"href":"https:\/\/www.comoditahome.com\/mk\/sq\/wp-json\/wp\/v2\/product"}],"about":[{"href":"https:\/\/www.comoditahome.com\/mk\/sq\/wp-json\/wp\/v2\/types\/product"}],"version-history":[{"count":0,"href":"https:\/\/www.comoditahome.com\/mk\/sq\/wp-json\/wp\/v2\/product\/49187\/revisions"}],"wp:featuredmedia":[{"embeddable":true,"href":"https:\/\/www.comoditahome.com\/mk\/sq\/wp-json\/wp\/v2\/media\/38995"}],"wp:attachment":[{"href":"https:\/\/www.comoditahome.com\/mk\/sq\/wp-json\/wp\/v2\/media?parent=49187"}],"wp:term":[{"taxonomy":"product_cat","embeddable":true,"href":"https:\/\/www.comoditahome.com\/mk\/sq\/wp-json\/wp\/v2\/product_cat?post=49187"},{"taxonomy":"product_tag","embeddable":true,"href":"https:\/\/www.comoditahome.com\/mk\/sq\/wp-json\/wp\/v2\/product_tag?post=49187"}],"curies":[{"name":"wp","href":"https:\/\/api.w.org\/{rel}","templated":true}]}}