 {"id":49190,"date":"2021-06-28T08:09:34","date_gmt":"2021-06-28T06:09:34","guid":{"rendered":"https:\/\/ks.comoditahome.com\/mk\/?post_type=product&#038;p=49190"},"modified":"2026-04-16T10:03:14","modified_gmt":"2026-04-16T08:03:14","slug":"varese-muri-baby-line-teddy-13x14x4cm","status":"publish","type":"product","link":"https:\/\/www.comoditahome.com\/mk\/sq\/product\/varese-muri-baby-line-teddy-13x14x4cm\/","title":{"rendered":"Var\u00ebse muri Baby Line Teddy 13x14x4cm"},"content":{"rendered":"","protected":false},"excerpt":{"rendered":"<p style=\"text-align: left;\">Var\u00ebsja e murit, me nj\u00eb pikturim t\u00eb k\u00ebndsh\u00ebm ariu \u00ebsht\u00eb aksesori i preferuar p\u00ebr dhom\u00ebn e m\u00eb t\u00eb vegj\u00eblve tuaj. Vendosni at\u00eb af\u00ebr papafingos, af\u00ebr dollapt t\u00eb rrobave apo n\u00eb banjo tek pjesa e peshqir\u00ebve.<\/p>\n<p>&nbsp;<\/p>\n<ul>\n<li style=\"text-align: left;\"><strong>Dimensioni:<\/strong> 13x14x4cm<\/li>\n<li style=\"text-align: left;\"><strong>Materiali:<\/strong> Dru.<\/li>\n<li style=\"text-align: left;\"><strong>Udh\u00ebzime p\u00ebr p\u00ebrdorim:<\/strong> Pastroni me pastrues pluhuri.<\/li>\n<li style=\"text-align: left;\"><strong>Garanci dhe m\u00ebnyra e kthimit:<\/strong> Ankesat p\u00ebr k\u00ebt\u00eb produkt pranohen brenda 24 or\u00ebve pas pranimit t\u00eb porosis\u00eb.<\/li>\n<\/ul>\n","protected":false},"featured_media":39004,"template":"","meta":[],"product_cat":[1201,1184,299,302],"product_tag":[],"class_list":{"0":"post-49190","1":"product","2":"type-product","3":"status-publish","4":"has-post-thumbnail","6":"product_cat-do-1000-denari-sq","7":"product_cat-do-1000-denari","8":"product_cat-kids","9":"product_cat-dekor-kids","11":"first","12":"outofstock","13":"sale","14":"shipping-taxable","15":"purchasable","16":"product-type-simple","17":"layout-style-1","18":"col-md-4 col-sm-4 col-xs-6","19":"col-lg-3","20":"product-has-gallery","21":"product-style-default"},"_links":{"self":[{"href":"https:\/\/www.comoditahome.com\/mk\/sq\/wp-json\/wp\/v2\/product\/49190","targetHints":{"allow":["GET"]}}],"collection":[{"href":"https:\/\/www.comoditahome.com\/mk\/sq\/wp-json\/wp\/v2\/product"}],"about":[{"href":"https:\/\/www.comoditahome.com\/mk\/sq\/wp-json\/wp\/v2\/types\/product"}],"version-history":[{"count":1,"href":"https:\/\/www.comoditahome.com\/mk\/sq\/wp-json\/wp\/v2\/product\/49190\/revisions"}],"predecessor-version":[{"id":49191,"href":"https:\/\/www.comoditahome.com\/mk\/sq\/wp-json\/wp\/v2\/product\/49190\/revisions\/49191"}],"wp:featuredmedia":[{"embeddable":true,"href":"https:\/\/www.comoditahome.com\/mk\/sq\/wp-json\/wp\/v2\/media\/39004"}],"wp:attachment":[{"href":"https:\/\/www.comoditahome.com\/mk\/sq\/wp-json\/wp\/v2\/media?parent=49190"}],"wp:term":[{"taxonomy":"product_cat","embeddable":true,"href":"https:\/\/www.comoditahome.com\/mk\/sq\/wp-json\/wp\/v2\/product_cat?post=49190"},{"taxonomy":"product_tag","embeddable":true,"href":"https:\/\/www.comoditahome.com\/mk\/sq\/wp-json\/wp\/v2\/product_tag?post=49190"}],"curies":[{"name":"wp","href":"https:\/\/api.w.org\/{rel}","templated":true}]}}