 {"id":49199,"date":"2021-08-02T09:34:51","date_gmt":"2021-08-02T07:34:51","guid":{"rendered":"https:\/\/ks.comoditahome.com\/mk\/?post_type=product&#038;p=49199"},"modified":"2026-04-16T10:03:15","modified_gmt":"2026-04-16T08:03:15","slug":"kornize-fotografie-baby-line-unicorn-17x13cm","status":"publish","type":"product","link":"https:\/\/www.comoditahome.com\/mk\/sq\/product\/kornize-fotografie-baby-line-unicorn-17x13cm\/","title":{"rendered":"Korniz\u00eb fotografie Baby Line Unicorn 17x13cm"},"content":{"rendered":"","protected":false},"excerpt":{"rendered":"<p style=\"text-align: left;\">Korniza e fotografis\u00eb, me nj\u00eb pikturim t\u00eb k\u00ebndsh\u00ebm nj\u00ebbrir\u00ebshi me fije 3 dimensionale t\u00eb flok\u00ebve, \u00ebsht\u00eb aksesori i preferuar p\u00ebr dhom\u00ebn e m\u00eb t\u00eb vegj\u00eblve tuaj. Me sip\u00ebrfaqe t\u00eb drurit t\u00eb bardh\u00eb dhe kombinim t\u00eb ngjyr\u00ebs roz\u00eb t\u00eb hapur, kjo korniz\u00eb ka hap\u00ebsir\u00eb p\u00ebr t\u00eb vendosur 3 fotografi! Ruani kujtimet tuaja me vler\u00eb!<\/p>\n<p>&nbsp;<\/p>\n<ul>\n<li style=\"text-align: left;\"><strong>Dimensioni:<\/strong> 17x13cm<\/li>\n<li style=\"text-align: left;\"><strong>Materiali:<\/strong> Dru dhe xham.<\/li>\n<li style=\"text-align: left;\"><strong>Udh\u00ebzime p\u00ebr p\u00ebrdorim:<\/strong> Pastroni me pastrues pluhuri.<\/li>\n<li style=\"text-align: left;\"><strong>Garanci dhe m\u00ebnyra e kthimit:<\/strong> Ankesat p\u00ebr k\u00ebt\u00eb produkt pranohen brenda 24 or\u00ebve pas pranimit t\u00eb porosis\u00eb.<\/li>\n<\/ul>\n","protected":false},"featured_media":39220,"template":"","meta":[],"product_cat":[1184,1201,299,302],"product_tag":[],"class_list":{"0":"post-49199","1":"product","2":"type-product","3":"status-publish","4":"has-post-thumbnail","6":"product_cat-do-1000-denari","7":"product_cat-do-1000-denari-sq","8":"product_cat-kids","9":"product_cat-dekor-kids","11":"first","12":"outofstock","13":"sale","14":"shipping-taxable","15":"purchasable","16":"product-type-simple","17":"layout-style-1","18":"col-md-4 col-sm-4 col-xs-6","19":"col-lg-3","20":"product-has-gallery","21":"product-style-default"},"_links":{"self":[{"href":"https:\/\/www.comoditahome.com\/mk\/sq\/wp-json\/wp\/v2\/product\/49199","targetHints":{"allow":["GET"]}}],"collection":[{"href":"https:\/\/www.comoditahome.com\/mk\/sq\/wp-json\/wp\/v2\/product"}],"about":[{"href":"https:\/\/www.comoditahome.com\/mk\/sq\/wp-json\/wp\/v2\/types\/product"}],"version-history":[{"count":0,"href":"https:\/\/www.comoditahome.com\/mk\/sq\/wp-json\/wp\/v2\/product\/49199\/revisions"}],"wp:featuredmedia":[{"embeddable":true,"href":"https:\/\/www.comoditahome.com\/mk\/sq\/wp-json\/wp\/v2\/media\/39220"}],"wp:attachment":[{"href":"https:\/\/www.comoditahome.com\/mk\/sq\/wp-json\/wp\/v2\/media?parent=49199"}],"wp:term":[{"taxonomy":"product_cat","embeddable":true,"href":"https:\/\/www.comoditahome.com\/mk\/sq\/wp-json\/wp\/v2\/product_cat?post=49199"},{"taxonomy":"product_tag","embeddable":true,"href":"https:\/\/www.comoditahome.com\/mk\/sq\/wp-json\/wp\/v2\/product_tag?post=49199"}],"curies":[{"name":"wp","href":"https:\/\/api.w.org\/{rel}","templated":true}]}}