 {"id":49200,"date":"2021-08-02T09:38:14","date_gmt":"2021-08-02T07:38:14","guid":{"rendered":"https:\/\/ks.comoditahome.com\/mk\/?post_type=product&#038;p=49200"},"modified":"2026-05-05T22:09:29","modified_gmt":"2026-05-05T20:09:29","slug":"kalendar-baby-line-unicorn","status":"publish","type":"product","link":"https:\/\/www.comoditahome.com\/mk\/sq\/product\/kalendar-baby-line-unicorn\/","title":{"rendered":"Kalendar Baby Line Unicorn"},"content":{"rendered":"","protected":false},"excerpt":{"rendered":"<p style=\"text-align: left;\">Kalendari nga Baby Line ka t\u00eb pikturuar nj\u00eb figur\u00eb t\u00eb k\u00ebndshme nj\u00ebbrir\u00ebshi n\u00eb mes, dy kuba me numra dhe nj\u00eb d\u00ebrras me em\u00ebr t\u00eb muajit. Ky kalendar cil\u00ebsohet si aksesor mjaft\u00eb edukativ, ku krahas ilustrimeve t\u00eb bukura, mund t&#8217;i m\u00ebsoni t\u00eb vegj\u00eblve tuaj cilat jan\u00eb dit\u00eb dhe muajt e vitit.<\/p>\n<p>&nbsp;<\/p>\n<ul>\n<li style=\"text-align: left;\"><strong>Dimensioni:<\/strong> 13x18x7cm<\/li>\n<li style=\"text-align: left;\"><strong>Materiali:<\/strong> Dru.<\/li>\n<li style=\"text-align: left;\"><strong>Udh\u00ebzime p\u00ebr p\u00ebrdorim:<\/strong> Pastroni me pastrues pluhuri.<\/li>\n<li style=\"text-align: left;\"><strong>Garanci dhe m\u00ebnyra e kthimit:<\/strong> Ankesat p\u00ebr k\u00ebt\u00eb produkt pranohen brenda 24 or\u00ebve pas pranimit t\u00eb porosis\u00eb.<\/li>\n<\/ul>\n","protected":false},"featured_media":39225,"template":"","meta":[],"product_cat":[1184,1201,299,302],"product_tag":[],"class_list":{"0":"post-49200","1":"product","2":"type-product","3":"status-publish","4":"has-post-thumbnail","6":"product_cat-do-1000-denari","7":"product_cat-do-1000-denari-sq","8":"product_cat-kids","9":"product_cat-dekor-kids","11":"first","12":"outofstock","13":"sale","14":"shipping-taxable","15":"purchasable","16":"product-type-simple","17":"layout-style-1","18":"col-md-4 col-sm-4 col-xs-6","19":"col-lg-3","20":"product-has-gallery","21":"product-style-default"},"_links":{"self":[{"href":"https:\/\/www.comoditahome.com\/mk\/sq\/wp-json\/wp\/v2\/product\/49200","targetHints":{"allow":["GET"]}}],"collection":[{"href":"https:\/\/www.comoditahome.com\/mk\/sq\/wp-json\/wp\/v2\/product"}],"about":[{"href":"https:\/\/www.comoditahome.com\/mk\/sq\/wp-json\/wp\/v2\/types\/product"}],"version-history":[{"count":0,"href":"https:\/\/www.comoditahome.com\/mk\/sq\/wp-json\/wp\/v2\/product\/49200\/revisions"}],"wp:featuredmedia":[{"embeddable":true,"href":"https:\/\/www.comoditahome.com\/mk\/sq\/wp-json\/wp\/v2\/media\/39225"}],"wp:attachment":[{"href":"https:\/\/www.comoditahome.com\/mk\/sq\/wp-json\/wp\/v2\/media?parent=49200"}],"wp:term":[{"taxonomy":"product_cat","embeddable":true,"href":"https:\/\/www.comoditahome.com\/mk\/sq\/wp-json\/wp\/v2\/product_cat?post=49200"},{"taxonomy":"product_tag","embeddable":true,"href":"https:\/\/www.comoditahome.com\/mk\/sq\/wp-json\/wp\/v2\/product_tag?post=49200"}],"curies":[{"name":"wp","href":"https:\/\/api.w.org\/{rel}","templated":true}]}}