 {"id":49330,"date":"2021-06-30T08:23:41","date_gmt":"2021-06-30T06:23:41","guid":{"rendered":"https:\/\/ks.comoditahome.com\/mk\/?post_type=product&#038;p=49330"},"modified":"2026-05-14T11:08:39","modified_gmt":"2026-05-14T09:08:39","slug":"vazo-banana-leaf-11x24cm","status":"publish","type":"product","link":"https:\/\/www.comoditahome.com\/mk\/sq\/product\/vazo-banana-leaf-11x24cm\/","title":{"rendered":"Vazo Banana Leaf 11x24cm"},"content":{"rendered":"","protected":false},"excerpt":{"rendered":"<p style=\"text-align: left;\">Vazo dekorative nga linja Banana Leaf vjen n\u00eb form\u00ebn e nj\u00eb flete ari. \u00cbsht\u00eb nj\u00eb element jasht\u00ebzakonisht modern q\u00eb do t&#8217;i jep hijeshi sht\u00ebpis\u00eb suaj.<\/p>\n<p>&nbsp;<\/p>\n<ul>\n<li style=\"text-align: left;\"><strong>Dimensioni:\u00a0<\/strong>11x24cm<\/li>\n<li style=\"text-align: left;\"><strong>Materiali:<\/strong> Poliester.<\/li>\n<li style=\"text-align: left;\"><strong>Udh\u00ebzime p\u00ebr p\u00ebrdorim:<\/strong> Pastroni me pastrues pluhuri.<\/li>\n<li style=\"text-align: left;\"><strong>Garanci dhe m\u00ebnyra e kthimit:<\/strong> Ankesat p\u00ebr k\u00ebt\u00eb produkt pranohen brenda 24 or\u00ebve pas pranimit t\u00eb porosis\u00eb.<\/li>\n<\/ul>\n","protected":false},"featured_media":39135,"template":"","meta":[],"product_cat":[1184,1201,307,343,347],"product_tag":[],"class_list":{"0":"post-49330","1":"product","2":"type-product","3":"status-publish","4":"has-post-thumbnail","6":"product_cat-do-1000-denari","7":"product_cat-do-1000-denari-sq","8":"product_cat-dhoma-e-ndenjes","9":"product_cat-gjume","10":"product_cat-dekor-gjume","12":"first","13":"outofstock","14":"sale","15":"shipping-taxable","16":"purchasable","17":"product-type-simple","18":"layout-style-1","19":"col-md-4 col-sm-4 col-xs-6","20":"col-lg-3","21":"product-has-gallery","22":"product-style-default"},"_links":{"self":[{"href":"https:\/\/www.comoditahome.com\/mk\/sq\/wp-json\/wp\/v2\/product\/49330","targetHints":{"allow":["GET"]}}],"collection":[{"href":"https:\/\/www.comoditahome.com\/mk\/sq\/wp-json\/wp\/v2\/product"}],"about":[{"href":"https:\/\/www.comoditahome.com\/mk\/sq\/wp-json\/wp\/v2\/types\/product"}],"version-history":[{"count":0,"href":"https:\/\/www.comoditahome.com\/mk\/sq\/wp-json\/wp\/v2\/product\/49330\/revisions"}],"wp:featuredmedia":[{"embeddable":true,"href":"https:\/\/www.comoditahome.com\/mk\/sq\/wp-json\/wp\/v2\/media\/39135"}],"wp:attachment":[{"href":"https:\/\/www.comoditahome.com\/mk\/sq\/wp-json\/wp\/v2\/media?parent=49330"}],"wp:term":[{"taxonomy":"product_cat","embeddable":true,"href":"https:\/\/www.comoditahome.com\/mk\/sq\/wp-json\/wp\/v2\/product_cat?post=49330"},{"taxonomy":"product_tag","embeddable":true,"href":"https:\/\/www.comoditahome.com\/mk\/sq\/wp-json\/wp\/v2\/product_tag?post=49330"}],"curies":[{"name":"wp","href":"https:\/\/api.w.org\/{rel}","templated":true}]}}