 {"id":49340,"date":"2021-06-30T08:33:55","date_gmt":"2021-06-30T06:33:55","guid":{"rendered":"https:\/\/ks.comoditahome.com\/mk\/?post_type=product&#038;p=49340"},"modified":"2026-05-14T11:08:39","modified_gmt":"2026-05-14T09:08:39","slug":"varese-qirinjesh-ne-forme-zemre-2","status":"publish","type":"product","link":"https:\/\/www.comoditahome.com\/mk\/sq\/product\/varese-qirinjesh-ne-forme-zemre-2\/","title":{"rendered":"Var\u00ebse qirinj\u00ebsh n\u00eb form\u00eb zemre"},"content":{"rendered":"","protected":false},"excerpt":{"rendered":"<p style=\"text-align: left;\">Mbajt\u00ebsja e qirinjve Banana Leaf \u00ebsht\u00eb n\u00eb form\u00eb zemre n\u00eb ngjyr\u00eb ari dhe ka nj\u00eb tekstur\u00eb unike. Vareni n\u00eb muret e dhom\u00ebs s\u00eb gjumit, korridoret e sht\u00ebpis\u00eb ose n\u00eb cep t\u00eb libraris\u00eb. Kjo var\u00ebse \u00ebsht\u00eb elementi m\u00eb modern q\u00eb i jep hijeshi \u00e7do sht\u00ebpie.<\/p>\n<p>&nbsp;<\/p>\n<ul>\n<li style=\"text-align: left;\"><strong>Materiali:<\/strong> Poliester dhe metal.<\/li>\n<li style=\"text-align: left;\"><strong>Udh\u00ebzime p\u00ebr p\u00ebrdorim:<\/strong> Pastroni me pastrues pluhuri.<\/li>\n<li style=\"text-align: left;\"><strong>Garanci dhe m\u00ebnyra e kthimit:<\/strong> Ankesat p\u00ebr k\u00ebt\u00eb produkt pranohen brenda 24 or\u00ebve pas pranimit t\u00eb porosis\u00eb.<\/li>\n<\/ul>\n","protected":false},"featured_media":38810,"template":"","meta":[],"product_cat":[1184,1201,307,308,343],"product_tag":[],"class_list":{"0":"post-49340","1":"product","2":"type-product","3":"status-publish","4":"has-post-thumbnail","6":"product_cat-do-1000-denari","7":"product_cat-do-1000-denari-sq","8":"product_cat-dhoma-e-ndenjes","9":"product_cat-dekor","10":"product_cat-gjume","12":"first","13":"outofstock","14":"shipping-taxable","15":"purchasable","16":"product-type-simple","17":"layout-style-1","18":"col-md-4 col-sm-4 col-xs-6","19":"col-lg-3","20":"product-has-gallery","21":"product-style-default"},"_links":{"self":[{"href":"https:\/\/www.comoditahome.com\/mk\/sq\/wp-json\/wp\/v2\/product\/49340","targetHints":{"allow":["GET"]}}],"collection":[{"href":"https:\/\/www.comoditahome.com\/mk\/sq\/wp-json\/wp\/v2\/product"}],"about":[{"href":"https:\/\/www.comoditahome.com\/mk\/sq\/wp-json\/wp\/v2\/types\/product"}],"version-history":[{"count":0,"href":"https:\/\/www.comoditahome.com\/mk\/sq\/wp-json\/wp\/v2\/product\/49340\/revisions"}],"wp:featuredmedia":[{"embeddable":true,"href":"https:\/\/www.comoditahome.com\/mk\/sq\/wp-json\/wp\/v2\/media\/38810"}],"wp:attachment":[{"href":"https:\/\/www.comoditahome.com\/mk\/sq\/wp-json\/wp\/v2\/media?parent=49340"}],"wp:term":[{"taxonomy":"product_cat","embeddable":true,"href":"https:\/\/www.comoditahome.com\/mk\/sq\/wp-json\/wp\/v2\/product_cat?post=49340"},{"taxonomy":"product_tag","embeddable":true,"href":"https:\/\/www.comoditahome.com\/mk\/sq\/wp-json\/wp\/v2\/product_tag?post=49340"}],"curies":[{"name":"wp","href":"https:\/\/api.w.org\/{rel}","templated":true}]}}