 {"id":49350,"date":"2021-06-30T08:47:46","date_gmt":"2021-06-30T06:47:46","guid":{"rendered":"https:\/\/ks.comoditahome.com\/mk\/?post_type=product&#038;p=49350"},"modified":"2026-04-16T10:03:21","modified_gmt":"2026-04-16T08:03:21","slug":"kornize-fotografie-flagstone-fern-leaf-21x17cm","status":"publish","type":"product","link":"https:\/\/www.comoditahome.com\/mk\/sq\/product\/kornize-fotografie-flagstone-fern-leaf-21x17cm\/","title":{"rendered":"Korniz\u00eb fotografie Flagstone Fern Leaf 21x17cm"},"content":{"rendered":"","protected":false},"excerpt":{"rendered":"<p style=\"text-align: left;\">Korniza e fotografive \u00ebsht\u00eb e dizajnuar me tekstur\u00eb gjethesh dhe ka mbajt\u00ebse praktike, t\u00eb cilat e b\u00ebjn\u00eb t\u00eb leht\u00eb vendosjen e nj\u00eb tavoline t\u00eb vog\u00ebl n\u00eb hollin e sht\u00ebpis\u00eb, n\u00eb raftet pran\u00eb librave ose n\u00eb tavolin\u00ebn an\u00ebsore t\u00eb krevatit. Plot\u00ebsoni vendet bosh me kujtimet tuaja t\u00eb preferuara.<\/p>\n<p>&nbsp;<\/p>\n<ul>\n<li style=\"text-align: left;\"><strong>Dimensioni:<\/strong> 21x17cm<\/li>\n<li style=\"text-align: left;\"><strong>Materiali:<\/strong> Poliester dhe xham.<\/li>\n<li style=\"text-align: left;\"><strong>Udh\u00ebzime p\u00ebr p\u00ebrdorim:<\/strong> Pastroni me pastrues pluhuri.<\/li>\n<li style=\"text-align: left;\"><strong>Garanci dhe m\u00ebnyra e kthimit:<\/strong> Ankesat p\u00ebr k\u00ebt\u00eb produkt pranohen brenda 24 or\u00ebve pas pranimit t\u00eb porosis\u00eb.<\/li>\n<\/ul>\n","protected":false},"featured_media":40110,"template":"","meta":[],"product_cat":[1201,1184,307,343,352],"product_tag":[],"class_list":{"0":"post-49350","1":"product","2":"type-product","3":"status-publish","4":"has-post-thumbnail","6":"product_cat-do-1000-denari-sq","7":"product_cat-do-1000-denari","8":"product_cat-dhoma-e-ndenjes","9":"product_cat-gjume","10":"product_cat-kornize-fotografie","12":"first","13":"outofstock","14":"sale","15":"shipping-taxable","16":"purchasable","17":"product-type-simple","18":"layout-style-1","19":"col-md-4 col-sm-4 col-xs-6","20":"col-lg-3","21":"product-has-gallery","22":"product-style-default"},"_links":{"self":[{"href":"https:\/\/www.comoditahome.com\/mk\/sq\/wp-json\/wp\/v2\/product\/49350","targetHints":{"allow":["GET"]}}],"collection":[{"href":"https:\/\/www.comoditahome.com\/mk\/sq\/wp-json\/wp\/v2\/product"}],"about":[{"href":"https:\/\/www.comoditahome.com\/mk\/sq\/wp-json\/wp\/v2\/types\/product"}],"version-history":[{"count":0,"href":"https:\/\/www.comoditahome.com\/mk\/sq\/wp-json\/wp\/v2\/product\/49350\/revisions"}],"wp:featuredmedia":[{"embeddable":true,"href":"https:\/\/www.comoditahome.com\/mk\/sq\/wp-json\/wp\/v2\/media\/40110"}],"wp:attachment":[{"href":"https:\/\/www.comoditahome.com\/mk\/sq\/wp-json\/wp\/v2\/media?parent=49350"}],"wp:term":[{"taxonomy":"product_cat","embeddable":true,"href":"https:\/\/www.comoditahome.com\/mk\/sq\/wp-json\/wp\/v2\/product_cat?post=49350"},{"taxonomy":"product_tag","embeddable":true,"href":"https:\/\/www.comoditahome.com\/mk\/sq\/wp-json\/wp\/v2\/product_tag?post=49350"}],"curies":[{"name":"wp","href":"https:\/\/api.w.org\/{rel}","templated":true}]}}