 {"id":49413,"date":"2021-06-30T14:06:30","date_gmt":"2021-06-30T12:06:30","guid":{"rendered":"https:\/\/ks.comoditahome.com\/mk\/?post_type=product&#038;p=49413"},"modified":"2026-05-05T22:09:36","modified_gmt":"2026-05-05T20:09:36","slug":"element-dekorativ-elephant-28x21x16cm","status":"publish","type":"product","link":"https:\/\/www.comoditahome.com\/mk\/sq\/product\/element-dekorativ-elephant-28x21x16cm\/","title":{"rendered":"Element dekorativ Elephant 28x21x16cm"},"content":{"rendered":"","protected":false},"excerpt":{"rendered":"<p style=\"text-align: left;\">Objekti dekorativ n\u00eb form\u00ebn e nj\u00eb elefanti, p\u00ebrmes pamjes s\u00eb tij paq\u00ebsore, \u00ebsht\u00eb nj\u00eb stil unik i dekorimit t\u00eb sht\u00ebpis\u00eb. Kjo skulptur\u00eb e ve\u00e7ant\u00eb karakterizohet nga shk\u00eblqimi i saj i art\u00eb, k\u00ebndet simetrike dhe detajet e rafinuara t\u00eb tipareve t\u00eb fytyr\u00ebs.<\/p>\n<p>&nbsp;<\/p>\n<ul>\n<li style=\"text-align: left;\"><strong>Dimensioni:\u00a0<\/strong>28x21x16cm<\/li>\n<li style=\"text-align: left;\"><strong>Materiali:<\/strong> Poliester.<\/li>\n<li style=\"text-align: left;\"><strong>Udh\u00ebzime p\u00ebr p\u00ebrdorim:<\/strong> Pastroni me pastrues pluhuri.<\/li>\n<li style=\"text-align: left;\"><strong>Garanci dhe m\u00ebnyra e kthimit:<\/strong> Ankesat p\u00ebr k\u00ebt\u00eb produkt pranohen brenda 24 or\u00ebve pas pranimit t\u00eb porosis\u00eb.<\/li>\n<\/ul>\n","protected":false},"featured_media":39735,"template":"","meta":[],"product_cat":[1184,1201,307,343,347],"product_tag":[],"class_list":{"0":"post-49413","1":"product","2":"type-product","3":"status-publish","4":"has-post-thumbnail","6":"product_cat-do-1000-denari","7":"product_cat-do-1000-denari-sq","8":"product_cat-dhoma-e-ndenjes","9":"product_cat-gjume","10":"product_cat-dekor-gjume","12":"first","13":"outofstock","14":"sale","15":"shipping-taxable","16":"purchasable","17":"product-type-simple","18":"layout-style-1","19":"col-md-4 col-sm-4 col-xs-6","20":"col-lg-3","21":"product-has-gallery","22":"product-style-default"},"_links":{"self":[{"href":"https:\/\/www.comoditahome.com\/mk\/sq\/wp-json\/wp\/v2\/product\/49413","targetHints":{"allow":["GET"]}}],"collection":[{"href":"https:\/\/www.comoditahome.com\/mk\/sq\/wp-json\/wp\/v2\/product"}],"about":[{"href":"https:\/\/www.comoditahome.com\/mk\/sq\/wp-json\/wp\/v2\/types\/product"}],"version-history":[{"count":0,"href":"https:\/\/www.comoditahome.com\/mk\/sq\/wp-json\/wp\/v2\/product\/49413\/revisions"}],"wp:featuredmedia":[{"embeddable":true,"href":"https:\/\/www.comoditahome.com\/mk\/sq\/wp-json\/wp\/v2\/media\/39735"}],"wp:attachment":[{"href":"https:\/\/www.comoditahome.com\/mk\/sq\/wp-json\/wp\/v2\/media?parent=49413"}],"wp:term":[{"taxonomy":"product_cat","embeddable":true,"href":"https:\/\/www.comoditahome.com\/mk\/sq\/wp-json\/wp\/v2\/product_cat?post=49413"},{"taxonomy":"product_tag","embeddable":true,"href":"https:\/\/www.comoditahome.com\/mk\/sq\/wp-json\/wp\/v2\/product_tag?post=49413"}],"curies":[{"name":"wp","href":"https:\/\/api.w.org\/{rel}","templated":true}]}}