 {"id":49415,"date":"2021-06-30T14:07:20","date_gmt":"2021-06-30T12:07:20","guid":{"rendered":"https:\/\/ks.comoditahome.com\/mk\/?post_type=product&#038;p=49415"},"modified":"2026-05-14T11:08:43","modified_gmt":"2026-05-14T09:08:43","slug":"element-dekorativ-elephant-20x10x1cm","status":"publish","type":"product","link":"https:\/\/www.comoditahome.com\/mk\/sq\/product\/element-dekorativ-elephant-20x10x1cm\/","title":{"rendered":"Element dekorativ Elephant 20x10x1cm"},"content":{"rendered":"","protected":false},"excerpt":{"rendered":"<p style=\"text-align: left;\">Objekti dekorativ n\u00eb form\u00ebn e nj\u00eb elefanti, p\u00ebrmes pamjes s\u00eb tij paq\u00ebsore, \u00ebsht\u00eb nj\u00eb stil unik i dekorimit t\u00eb sht\u00ebpis\u00eb. Kjo skulptur\u00eb e ve\u00e7ant\u00eb karakterizohet nga shk\u00eblqimi i saj i art\u00eb, k\u00ebndet simetrike dhe detajet e rafinuara t\u00eb tipareve t\u00eb fytyr\u00ebs.<\/p>\n<p>&nbsp;<\/p>\n<ul>\n<li style=\"text-align: left;\"><strong>Dimensioni: <\/strong>20x10x1cm<\/li>\n<li style=\"text-align: left;\"><strong>Materiali:<\/strong> Poliester.<\/li>\n<li style=\"text-align: left;\"><strong>Udh\u00ebzime p\u00ebr p\u00ebrdorim:<\/strong> Pastroni me pastrues pluhuri.<\/li>\n<li style=\"text-align: left;\"><strong>Garanci dhe m\u00ebnyra e kthimit:<\/strong> Ankesat p\u00ebr k\u00ebt\u00eb produkt pranohen brenda 24 or\u00ebve pas pranimit t\u00eb porosis\u00eb.<\/li>\n<\/ul>\n","protected":false},"featured_media":39730,"template":"","meta":[],"product_cat":[1184,1201,307,343,347],"product_tag":[],"class_list":{"0":"post-49415","1":"product","2":"type-product","3":"status-publish","4":"has-post-thumbnail","6":"product_cat-do-1000-denari","7":"product_cat-do-1000-denari-sq","8":"product_cat-dhoma-e-ndenjes","9":"product_cat-gjume","10":"product_cat-dekor-gjume","12":"first","13":"outofstock","14":"sale","15":"shipping-taxable","16":"purchasable","17":"product-type-simple","18":"layout-style-1","19":"col-md-4 col-sm-4 col-xs-6","20":"col-lg-3","21":"product-has-gallery","22":"product-style-default"},"_links":{"self":[{"href":"https:\/\/www.comoditahome.com\/mk\/sq\/wp-json\/wp\/v2\/product\/49415","targetHints":{"allow":["GET"]}}],"collection":[{"href":"https:\/\/www.comoditahome.com\/mk\/sq\/wp-json\/wp\/v2\/product"}],"about":[{"href":"https:\/\/www.comoditahome.com\/mk\/sq\/wp-json\/wp\/v2\/types\/product"}],"version-history":[{"count":0,"href":"https:\/\/www.comoditahome.com\/mk\/sq\/wp-json\/wp\/v2\/product\/49415\/revisions"}],"wp:featuredmedia":[{"embeddable":true,"href":"https:\/\/www.comoditahome.com\/mk\/sq\/wp-json\/wp\/v2\/media\/39730"}],"wp:attachment":[{"href":"https:\/\/www.comoditahome.com\/mk\/sq\/wp-json\/wp\/v2\/media?parent=49415"}],"wp:term":[{"taxonomy":"product_cat","embeddable":true,"href":"https:\/\/www.comoditahome.com\/mk\/sq\/wp-json\/wp\/v2\/product_cat?post=49415"},{"taxonomy":"product_tag","embeddable":true,"href":"https:\/\/www.comoditahome.com\/mk\/sq\/wp-json\/wp\/v2\/product_tag?post=49415"}],"curies":[{"name":"wp","href":"https:\/\/api.w.org\/{rel}","templated":true}]}}