 {"id":49431,"date":"2021-06-30T14:48:50","date_gmt":"2021-06-30T12:48:50","guid":{"rendered":"https:\/\/ks.comoditahome.com\/mk\/?post_type=product&#038;p=49431"},"modified":"2026-05-05T22:09:36","modified_gmt":"2026-05-05T20:09:36","slug":"pasqyre-drop-40x27x2cm","status":"publish","type":"product","link":"https:\/\/www.comoditahome.com\/mk\/sq\/product\/pasqyre-drop-40x27x2cm\/","title":{"rendered":"Pasqyr\u00eb Drop 40x27x2cm"},"content":{"rendered":"","protected":false},"excerpt":{"rendered":"<p style=\"text-align: left;\">Pasqyra Drop p\u00ebrmban form\u00ebn e saj t\u00eb ve\u00e7ant\u00eb t\u00eb rrumbullak\u00ebt dhe detaje t\u00eb ve\u00e7anta n\u00eb t\u00eb gjith\u00eb korniz\u00ebn. Varet leht\u00ebsisht n\u00eb muret e sht\u00ebpis\u00eb tuaj, duke dh\u00ebn\u00eb nj\u00eb reflektim t\u00eb k\u00ebndsh\u00ebm.<\/p>\n<p>&nbsp;<\/p>\n<ul style=\"text-align: left;\">\n<li><strong>Dimension:<\/strong> 40x27x2cm<\/li>\n<li><strong>Materiali:<\/strong> Pasqyr\u00eb me poliester.<\/li>\n<li><strong>Udh\u00ebzime p\u00ebr p\u00ebrdorim:<\/strong> Pastroni me pastrues pluhuri.<\/li>\n<li><strong>Garanci dhe m\u00ebnyra e kthimit:<\/strong> Ankesat p\u00ebr k\u00ebt\u00eb produkt pranohen brenda 24 or\u00ebve pas pranimit t\u00eb porosis\u00eb.<\/li>\n<\/ul>\n<hr \/>\n","protected":false},"featured_media":39682,"template":"","meta":[],"product_cat":[285,307,314,343],"product_tag":[],"class_list":{"0":"post-49431","1":"product","2":"type-product","3":"status-publish","4":"has-post-thumbnail","6":"product_cat-banjo","7":"product_cat-dhoma-e-ndenjes","8":"product_cat-pasqyre","9":"product_cat-gjume","11":"first","12":"instock","13":"sale","14":"shipping-taxable","15":"purchasable","16":"product-type-simple","17":"layout-style-1","18":"col-md-4 col-sm-4 col-xs-6","19":"col-lg-3","20":"product-has-gallery","21":"product-style-default"},"_links":{"self":[{"href":"https:\/\/www.comoditahome.com\/mk\/sq\/wp-json\/wp\/v2\/product\/49431","targetHints":{"allow":["GET"]}}],"collection":[{"href":"https:\/\/www.comoditahome.com\/mk\/sq\/wp-json\/wp\/v2\/product"}],"about":[{"href":"https:\/\/www.comoditahome.com\/mk\/sq\/wp-json\/wp\/v2\/types\/product"}],"version-history":[{"count":1,"href":"https:\/\/www.comoditahome.com\/mk\/sq\/wp-json\/wp\/v2\/product\/49431\/revisions"}],"predecessor-version":[{"id":49432,"href":"https:\/\/www.comoditahome.com\/mk\/sq\/wp-json\/wp\/v2\/product\/49431\/revisions\/49432"}],"wp:featuredmedia":[{"embeddable":true,"href":"https:\/\/www.comoditahome.com\/mk\/sq\/wp-json\/wp\/v2\/media\/39682"}],"wp:attachment":[{"href":"https:\/\/www.comoditahome.com\/mk\/sq\/wp-json\/wp\/v2\/media?parent=49431"}],"wp:term":[{"taxonomy":"product_cat","embeddable":true,"href":"https:\/\/www.comoditahome.com\/mk\/sq\/wp-json\/wp\/v2\/product_cat?post=49431"},{"taxonomy":"product_tag","embeddable":true,"href":"https:\/\/www.comoditahome.com\/mk\/sq\/wp-json\/wp\/v2\/product_tag?post=49431"}],"curies":[{"name":"wp","href":"https:\/\/api.w.org\/{rel}","templated":true}]}}