 {"id":49550,"date":"2021-07-15T08:03:00","date_gmt":"2021-07-15T06:03:00","guid":{"rendered":"https:\/\/ks.comoditahome.com\/mk\/?post_type=product&#038;p=49550"},"modified":"2026-05-14T11:08:47","modified_gmt":"2026-05-14T09:08:47","slug":"jastek-classic-silver","status":"publish","type":"product","link":"https:\/\/www.comoditahome.com\/mk\/sq\/product\/jastek-classic-silver\/","title":{"rendered":"Jast\u00ebk Classic Silver"},"content":{"rendered":"","protected":false},"excerpt":{"rendered":"<p style=\"text-align: left;\">Jast\u00ebku Fresh Saponetta \u00ebsht\u00eb i mbushur me shkum\u00eb Memory t\u00eb cop\u00ebzuar dhe i qepur me nj\u00eb mb\u00ebshtjell\u00ebs me fibra gjeli p\u00ebr nj\u00eb ambient gjumi jo-alergjik me temperatur\u00eb t\u00eb p\u00ebrshtatur, nd\u00ebrsa n\u00eb t\u00eb gjitha cepet e tij ka t\u00eb dizajnuar vij\u00ebn 3D Mesh q\u00eb mund\u00ebson ajrosjen n\u00eb m\u00ebnyr\u00eb t\u00eb vazhdueshme. Jast\u00ebku ka aft\u00ebsi vet\u00eb-formuese dhe i adaptohet tipareve tuaja fizike. \u00cbsht\u00eb i mbushur mjaftuesh\u00ebm p\u00ebr t\u00eb siguruar q\u00ebndrueshm\u00ebri duke mos lejuar q\u00eb sip\u00ebrfaqja t\u00eb sheshohet kur ndryshohet pozita e fjetjes. Fresh Saponetta \u00ebsht\u00eb dizajnuar edhe p\u00ebr ata persona q\u00eb p\u00eblqejn\u00eb t\u00eb flejn\u00eb anash, duke mb\u00ebshtetur qaf\u00ebn dhe lejuar shtyll\u00ebn tuaj t\u00eb q\u00ebndroj drejt\u00eb.<\/p>\n<p>&nbsp;<\/p>\n<ul>\n<li style=\"text-align: left;\"><strong>Dimensioni:<\/strong> 60x50cm<\/li>\n<li style=\"text-align: left;\"><strong>Materiali:<\/strong> Shkum\u00eb Memory<\/li>\n<li style=\"text-align: left;\"><strong>Udh\u00ebzime p\u00ebr p\u00ebrdorim:<\/strong> Nuk pastrohet, vet\u00ebm ajroset. Mund t\u00eb lahet vet\u00ebm mb\u00ebshtjell\u00ebsi i jasht\u00ebm.<\/li>\n<li style=\"text-align: left;\"><strong>Garanci dhe kushtet e kthimit:<\/strong> P\u00ebr shkak t\u00eb kontaktit me higjien\u00eb personale, p\u00ebr produktet e tekstilit nuk pranohen kthime apo reklamacione.<\/li>\n<\/ul>\n","protected":false},"featured_media":40212,"template":"","meta":[],"product_cat":[808,1184,1201,283,343,349],"product_tag":[],"class_list":{"0":"post-49550","1":"product","2":"type-product","3":"status-publish","4":"has-post-thumbnail","6":"product_cat-oferta-gjume","7":"product_cat-do-1000-denari","8":"product_cat-do-1000-denari-sq","9":"product_cat-oferta","10":"product_cat-gjume","11":"product_cat-jastek","13":"first","14":"instock","15":"sale","16":"shipping-taxable","17":"purchasable","18":"product-type-simple","19":"layout-style-1","20":"col-md-4 col-sm-4 col-xs-6","21":"col-lg-3","22":"product-has-gallery","23":"product-style-default"},"_links":{"self":[{"href":"https:\/\/www.comoditahome.com\/mk\/sq\/wp-json\/wp\/v2\/product\/49550","targetHints":{"allow":["GET"]}}],"collection":[{"href":"https:\/\/www.comoditahome.com\/mk\/sq\/wp-json\/wp\/v2\/product"}],"about":[{"href":"https:\/\/www.comoditahome.com\/mk\/sq\/wp-json\/wp\/v2\/types\/product"}],"version-history":[{"count":0,"href":"https:\/\/www.comoditahome.com\/mk\/sq\/wp-json\/wp\/v2\/product\/49550\/revisions"}],"wp:featuredmedia":[{"embeddable":true,"href":"https:\/\/www.comoditahome.com\/mk\/sq\/wp-json\/wp\/v2\/media\/40212"}],"wp:attachment":[{"href":"https:\/\/www.comoditahome.com\/mk\/sq\/wp-json\/wp\/v2\/media?parent=49550"}],"wp:term":[{"taxonomy":"product_cat","embeddable":true,"href":"https:\/\/www.comoditahome.com\/mk\/sq\/wp-json\/wp\/v2\/product_cat?post=49550"},{"taxonomy":"product_tag","embeddable":true,"href":"https:\/\/www.comoditahome.com\/mk\/sq\/wp-json\/wp\/v2\/product_tag?post=49550"}],"curies":[{"name":"wp","href":"https:\/\/api.w.org\/{rel}","templated":true}]}}