 {"id":49577,"date":"2021-07-21T11:49:13","date_gmt":"2021-07-21T09:49:13","guid":{"rendered":"https:\/\/ks.comoditahome.com\/mk\/?post_type=product&#038;p=49577"},"modified":"2026-05-05T22:09:41","modified_gmt":"2026-05-05T20:09:41","slug":"mbishtrese-silver-plus","status":"publish","type":"product","link":"https:\/\/www.comoditahome.com\/mk\/sq\/product\/mbishtrese-silver-plus\/","title":{"rendered":"Mbishtres\u00eb Silver Plus"},"content":{"rendered":"","protected":false},"excerpt":{"rendered":"<p style=\"text-align: left;\">Mbishtresa <strong>Comodita Silver Plus<\/strong> \u00ebsht\u00eb e dizajnuar p\u00ebr t\u2019ju ofruar mb\u00ebshtetje ideale dhe p\u00ebr t\u00eb minimizuar l\u00ebkundjet dhe rrokullisjet. E p\u00ebrb\u00ebr\u00eb nga <strong>shkuma Memory<\/strong> me dend\u00ebsi t\u00eb lart\u00eb dhe shkuma mb\u00ebshtet\u00ebse, t\u00eb cil\u00ebt do t\u00eb shtojn\u00eb nj\u00eb ndjenj\u00eb but\u00ebsie dyshekut tuaj.<\/p>\n<p>&nbsp;<\/p>\n<p style=\"text-align: left;\"><strong>Karakteristika:<\/strong><\/p>\n<ul>\n<li style=\"text-align: left;\">Ka mb\u00ebshtjell\u00ebs i p\u00ebrb\u00ebr\u00eb nga <strong>mikrofibra<\/strong> dhe q\u00eb mund t\u00eb hiqet.<\/li>\n<li style=\"text-align: left;\">E dizajnuar q\u00eb t\u00eb jet\u00eb mb\u00ebshtet\u00ebs, ajros\u00ebs dhe reagues.<\/li>\n<li style=\"text-align: left;\">Liron pikat e presionit dhe rregullon qarkullimin.<\/li>\n<li style=\"text-align: left;\"><strong>Fibra argjendi<\/strong> n\u00eb mb\u00ebshtjell\u00ebs q\u00eb e b\u00ebjn\u00eb natyrsh\u00ebm antibakterial dhe rezistent ndaj grimcave t\u00eb pluhurit.<\/li>\n<li style=\"text-align: left;\"><strong>An\u00ebsore Airmesh<\/strong> p\u00ebr ajrosje optimale.<\/li>\n<li style=\"text-align: left;\"><strong>Trash\u00ebsia:<\/strong> 7cm<\/li>\n<\/ul>\n","protected":false},"featured_media":40226,"template":"","meta":[],"product_cat":[805,283,343,351],"product_tag":[],"class_list":{"0":"post-49577","1":"product","2":"type-product","3":"status-publish","4":"has-post-thumbnail","6":"product_cat-oferta-dyshek","7":"product_cat-oferta","8":"product_cat-gjume","9":"product_cat-mbishtresa-dysheku-dhe-protektore","10":"product_shipping_class-topper","11":"product_shipping_class-topper-sq","13":"first","14":"instock","15":"sale","16":"shipping-taxable","17":"purchasable","18":"product-type-variable","19":"layout-style-1","20":"col-md-4 col-sm-4 col-xs-6","21":"col-lg-3","22":"product-has-gallery","23":"product-style-default"},"_links":{"self":[{"href":"https:\/\/www.comoditahome.com\/mk\/sq\/wp-json\/wp\/v2\/product\/49577","targetHints":{"allow":["GET"]}}],"collection":[{"href":"https:\/\/www.comoditahome.com\/mk\/sq\/wp-json\/wp\/v2\/product"}],"about":[{"href":"https:\/\/www.comoditahome.com\/mk\/sq\/wp-json\/wp\/v2\/types\/product"}],"version-history":[{"count":2,"href":"https:\/\/www.comoditahome.com\/mk\/sq\/wp-json\/wp\/v2\/product\/49577\/revisions"}],"predecessor-version":[{"id":97536,"href":"https:\/\/www.comoditahome.com\/mk\/sq\/wp-json\/wp\/v2\/product\/49577\/revisions\/97536"}],"wp:featuredmedia":[{"embeddable":true,"href":"https:\/\/www.comoditahome.com\/mk\/sq\/wp-json\/wp\/v2\/media\/40226"}],"wp:attachment":[{"href":"https:\/\/www.comoditahome.com\/mk\/sq\/wp-json\/wp\/v2\/media?parent=49577"}],"wp:term":[{"taxonomy":"product_cat","embeddable":true,"href":"https:\/\/www.comoditahome.com\/mk\/sq\/wp-json\/wp\/v2\/product_cat?post=49577"},{"taxonomy":"product_tag","embeddable":true,"href":"https:\/\/www.comoditahome.com\/mk\/sq\/wp-json\/wp\/v2\/product_tag?post=49577"}],"curies":[{"name":"wp","href":"https:\/\/api.w.org\/{rel}","templated":true}]}}