 {"id":49598,"date":"2021-07-09T07:14:29","date_gmt":"2021-07-09T05:14:29","guid":{"rendered":"https:\/\/ks.comoditahome.com\/mk\/?post_type=product&#038;p=49598"},"modified":"2026-05-05T22:09:40","modified_gmt":"2026-05-05T20:09:40","slug":"jastek-medium-line","status":"publish","type":"product","link":"https:\/\/www.comoditahome.com\/mk\/sq\/product\/jastek-medium-line\/","title":{"rendered":"Jast\u00ebk Medium Line"},"content":{"rendered":"","protected":false},"excerpt":{"rendered":"<p style=\"text-align: left;\">Jast\u00ebku Medium Line ofron mb\u00ebshtetje mesatare p\u00ebr qaf\u00ebn dhe supet tuaja. Dizajni i tij dallohet p\u00ebr pamjen klasike me model qepje sikur kuti t\u00eb theksuar me qepje t\u00eb dyfisht\u00eb n\u00eb t\u00eb gjitha cepet. Ka mbushje t\u00eb mesme.<\/p>\n<p>&nbsp;<\/p>\n<ul>\n<li style=\"text-align: left;\"><strong>Dimensioni:<\/strong> 50x70cm.<\/li>\n<li style=\"text-align: left;\"><strong>Materiali:<\/strong> Pambuk me p\u00ebrb\u00ebrje fibrash<\/li>\n<li style=\"text-align: left;\"><strong>Udh\u00ebzime p\u00ebr p\u00ebrdorim:<\/strong> Nuk lahet, vet\u00ebajroset.<\/li>\n<li style=\"text-align: left;\"><strong>Garanci dhe kushtet e kthimit:<\/strong> P\u00ebr shkak t\u00eb kontaktit me higjien\u00eb personale, p\u00ebr produktet e tekstilit nuk pranohen kthime apo reklamacione.<\/li>\n<\/ul>\n","protected":false},"featured_media":51099,"template":"","meta":[],"product_cat":[808,1184,1201,283,343,349],"product_tag":[],"class_list":{"0":"post-49598","1":"product","2":"type-product","3":"status-publish","4":"has-post-thumbnail","6":"product_cat-oferta-gjume","7":"product_cat-do-1000-denari","8":"product_cat-do-1000-denari-sq","9":"product_cat-oferta","10":"product_cat-gjume","11":"product_cat-jastek","13":"first","14":"instock","15":"sale","16":"shipping-taxable","17":"purchasable","18":"product-type-simple","19":"layout-style-1","20":"col-md-4 col-sm-4 col-xs-6","21":"col-lg-3","22":"product-has-gallery","23":"product-style-default"},"_links":{"self":[{"href":"https:\/\/www.comoditahome.com\/mk\/sq\/wp-json\/wp\/v2\/product\/49598","targetHints":{"allow":["GET"]}}],"collection":[{"href":"https:\/\/www.comoditahome.com\/mk\/sq\/wp-json\/wp\/v2\/product"}],"about":[{"href":"https:\/\/www.comoditahome.com\/mk\/sq\/wp-json\/wp\/v2\/types\/product"}],"version-history":[{"count":0,"href":"https:\/\/www.comoditahome.com\/mk\/sq\/wp-json\/wp\/v2\/product\/49598\/revisions"}],"wp:featuredmedia":[{"embeddable":true,"href":"https:\/\/www.comoditahome.com\/mk\/sq\/wp-json\/wp\/v2\/media\/51099"}],"wp:attachment":[{"href":"https:\/\/www.comoditahome.com\/mk\/sq\/wp-json\/wp\/v2\/media?parent=49598"}],"wp:term":[{"taxonomy":"product_cat","embeddable":true,"href":"https:\/\/www.comoditahome.com\/mk\/sq\/wp-json\/wp\/v2\/product_cat?post=49598"},{"taxonomy":"product_tag","embeddable":true,"href":"https:\/\/www.comoditahome.com\/mk\/sq\/wp-json\/wp\/v2\/product_tag?post=49598"}],"curies":[{"name":"wp","href":"https:\/\/api.w.org\/{rel}","templated":true}]}}