 {"id":49690,"date":"2021-09-23T07:40:16","date_gmt":"2021-09-23T05:40:16","guid":{"rendered":"https:\/\/ks.comoditahome.com\/mk\/?post_type=product&#038;p=49690"},"modified":"2026-05-05T22:09:44","modified_gmt":"2026-05-05T20:09:44","slug":"llambe-me-motive-afrikane-75x24x24cm-3","status":"publish","type":"product","link":"https:\/\/www.comoditahome.com\/mk\/sq\/product\/llambe-me-motive-afrikane-75x24x24cm-3\/","title":{"rendered":"Llamb\u00eb me motive Afrikane 75x24x24cm"},"content":{"rendered":"","protected":false},"excerpt":{"rendered":"<p style=\"text-align: left;\">Llamba me motivet Afrikane vjen e punuar me nj\u00eb material kualitativ dhe dizajn tejet modern. Baza e saj form\u00ebsohet nga nj\u00eb skulptur\u00eb n\u00eb portret t\u00eb fytyr\u00ebs s\u00eb nj\u00eb gruaje, nd\u00ebrsa pjesa e sip\u00ebrme ka mekanizmin e llamb\u00ebs q\u00eb l\u00ebshon drit\u00eb t\u00eb k\u00ebndshme. Kjo llamb\u00eb shkon mjaft\u00eb bukur n\u00eb ambiente t\u00eb err\u00ebta por edhe n\u00eb ato me plot\u00eb drit\u00eb. Ajo \u00ebsht\u00eb e p\u00ebrshtatshme p\u00ebr \u00e7far\u00ebdo tavoline, duke plot\u00ebsuar dhom\u00ebn apo zyr\u00ebn tuaj.<\/p>\n<p>&nbsp;<\/p>\n<ul>\n<li style=\"text-align: left;\"><strong>Dimensioni:<\/strong> 75x24x24cm<\/li>\n<li style=\"text-align: left;\"><strong>Materiali:<\/strong> Porcelan, elektrik\u00eb.<\/li>\n<li style=\"text-align: left;\"><strong>Udh\u00ebzime p\u00ebr p\u00ebrdorim:<\/strong> Pastroni me pastrues pluhuri.<\/li>\n<li style=\"text-align: left;\"><strong>Garanci dhe m\u00ebnyra e kthimit:<\/strong> Ankesat p\u00ebr k\u00ebt\u00eb produkt pranohen brenda 24 or\u00ebve pas pranimit t\u00eb porosis\u00eb.<\/li>\n<\/ul>\n","protected":false},"featured_media":40919,"template":"","meta":[],"product_cat":[307,312,343],"product_tag":[],"class_list":{"0":"post-49690","1":"product","2":"type-product","3":"status-publish","4":"has-post-thumbnail","6":"product_cat-dhoma-e-ndenjes","7":"product_cat-llamba","8":"product_cat-gjume","10":"first","11":"outofstock","12":"sale","13":"shipping-taxable","14":"purchasable","15":"product-type-simple","16":"layout-style-1","17":"col-md-4 col-sm-4 col-xs-6","18":"col-lg-3","19":"product-has-gallery","20":"product-style-default"},"_links":{"self":[{"href":"https:\/\/www.comoditahome.com\/mk\/sq\/wp-json\/wp\/v2\/product\/49690","targetHints":{"allow":["GET"]}}],"collection":[{"href":"https:\/\/www.comoditahome.com\/mk\/sq\/wp-json\/wp\/v2\/product"}],"about":[{"href":"https:\/\/www.comoditahome.com\/mk\/sq\/wp-json\/wp\/v2\/types\/product"}],"version-history":[{"count":0,"href":"https:\/\/www.comoditahome.com\/mk\/sq\/wp-json\/wp\/v2\/product\/49690\/revisions"}],"wp:featuredmedia":[{"embeddable":true,"href":"https:\/\/www.comoditahome.com\/mk\/sq\/wp-json\/wp\/v2\/media\/40919"}],"wp:attachment":[{"href":"https:\/\/www.comoditahome.com\/mk\/sq\/wp-json\/wp\/v2\/media?parent=49690"}],"wp:term":[{"taxonomy":"product_cat","embeddable":true,"href":"https:\/\/www.comoditahome.com\/mk\/sq\/wp-json\/wp\/v2\/product_cat?post=49690"},{"taxonomy":"product_tag","embeddable":true,"href":"https:\/\/www.comoditahome.com\/mk\/sq\/wp-json\/wp\/v2\/product_tag?post=49690"}],"curies":[{"name":"wp","href":"https:\/\/api.w.org\/{rel}","templated":true}]}}