 {"id":49704,"date":"2021-09-13T14:23:51","date_gmt":"2021-09-13T12:23:51","guid":{"rendered":"https:\/\/ks.comoditahome.com\/mk\/?post_type=product&#038;p=49704"},"modified":"2026-04-22T08:25:57","modified_gmt":"2026-04-22T06:25:57","slug":"lageshtues-ajri-rainbow-air-s","status":"publish","type":"product","link":"https:\/\/www.comoditahome.com\/mk\/sq\/product\/lageshtues-ajri-rainbow-air-s\/","title":{"rendered":"Lag\u00ebshtues ajri Rainbow Air S"},"content":{"rendered":"","protected":false},"excerpt":{"rendered":"<p style=\"text-align: left;\">Rainbow Air M \u00ebsht\u00eb nj\u00eb lag\u00ebshtues ajri ultrasonik me 3 funksione n\u00eb nj\u00eb vend. Kjo pajisje rregullon lag\u00ebshtin\u00eb e ajrit (me rezervuar prej 4 litra kapacitet), b\u00ebn\u00eb ndri\u00e7im gjat\u00eb nat\u00ebs me 7 ngjyra LED q\u00eb t\u00eb zbukuroj ambientet e sht\u00ebpis\u00eb suaj, dhe shp\u00ebrndan arom\u00eb t\u00eb k\u00ebndshme. E p\u00ebrshtatshme p\u00ebr dhoma prej 40 met\u00ebr katror, por edhe p\u00ebr dhom\u00ebn e f\u00ebmij\u00ebs tuaj.<\/p>\n<p>&nbsp;<\/p>\n<ul>\n<li style=\"text-align: left;\"><strong>Materiali:<\/strong> Plastik\u00eb, elektrik\u00eb.<\/li>\n<li style=\"text-align: left;\"><strong>Udh\u00ebzime p\u00ebr p\u00ebrdorim:<\/strong> Pastroni me dor\u00eb.<\/li>\n<li style=\"text-align: left;\"><strong>Garanci dhe m\u00ebnyra e kthimit:<\/strong> 2 muaj garancion.<\/li>\n<\/ul>\n","protected":false},"featured_media":40631,"template":"","meta":[],"product_cat":[804,283,307,313],"product_tag":[],"class_list":{"0":"post-49704","1":"product","2":"type-product","3":"status-publish","4":"has-post-thumbnail","6":"product_cat-oferta-aksesore","7":"product_cat-oferta","8":"product_cat-dhoma-e-ndenjes","9":"product_cat-lageshtues-ajri","11":"first","12":"instock","13":"sale","14":"shipping-taxable","15":"purchasable","16":"product-type-simple","17":"layout-style-1","18":"col-md-4 col-sm-4 col-xs-6","19":"col-lg-3","20":"product-has-gallery","21":"product-style-default"},"_links":{"self":[{"href":"https:\/\/www.comoditahome.com\/mk\/sq\/wp-json\/wp\/v2\/product\/49704","targetHints":{"allow":["GET"]}}],"collection":[{"href":"https:\/\/www.comoditahome.com\/mk\/sq\/wp-json\/wp\/v2\/product"}],"about":[{"href":"https:\/\/www.comoditahome.com\/mk\/sq\/wp-json\/wp\/v2\/types\/product"}],"version-history":[{"count":0,"href":"https:\/\/www.comoditahome.com\/mk\/sq\/wp-json\/wp\/v2\/product\/49704\/revisions"}],"wp:featuredmedia":[{"embeddable":true,"href":"https:\/\/www.comoditahome.com\/mk\/sq\/wp-json\/wp\/v2\/media\/40631"}],"wp:attachment":[{"href":"https:\/\/www.comoditahome.com\/mk\/sq\/wp-json\/wp\/v2\/media?parent=49704"}],"wp:term":[{"taxonomy":"product_cat","embeddable":true,"href":"https:\/\/www.comoditahome.com\/mk\/sq\/wp-json\/wp\/v2\/product_cat?post=49704"},{"taxonomy":"product_tag","embeddable":true,"href":"https:\/\/www.comoditahome.com\/mk\/sq\/wp-json\/wp\/v2\/product_tag?post=49704"}],"curies":[{"name":"wp","href":"https:\/\/api.w.org\/{rel}","templated":true}]}}