 {"id":49713,"date":"2021-08-25T07:09:44","date_gmt":"2021-08-25T05:09:44","guid":{"rendered":"https:\/\/ks.comoditahome.com\/mk\/?post_type=product&#038;p=49713"},"modified":"2026-05-14T11:08:51","modified_gmt":"2026-05-14T09:08:51","slug":"jastek-dekorativ-45x45cm","status":"publish","type":"product","link":"https:\/\/www.comoditahome.com\/mk\/sq\/product\/jastek-dekorativ-45x45cm\/","title":{"rendered":"Jast\u00ebk dekorativ 45x45cm"},"content":{"rendered":"","protected":false},"excerpt":{"rendered":"<p style=\"text-align: left;\">Jast\u00ebku dekorativ ka form\u00ebn katrore me rrethime q\u00eb theksojn\u00eb mbushjen e brendshme. Me ngjyr\u00eb t\u00eb k\u00ebndshme, nj\u00eb jast\u00ebk i till\u00eb do t\u00eb b\u00ebj\u00eb diferenc\u00ebn e nj\u00eb divani t\u00eb nj\u00ebtrajtsh\u00ebm, n\u00eb dhom\u00ebn e gjumit me \u00e7ar\u00e7af\u00eb klasik apo n\u00eb kolovajz\u00ebn e oborrit. Mb\u00ebshtjell\u00ebsi i tij \u00ebsht\u00eb qepur me zinxhir praktik, p\u00ebr t\u2019u pastruar apo ajrosur.<\/p>\n<p>&nbsp;<\/p>\n<ul>\n<li style=\"text-align: left;\"><strong>Dimensioni:<\/strong> 45x45cm<\/li>\n<li style=\"text-align: left;\"><strong>Ngjyra:<\/strong> Mundet t\u00eb jet\u00eb e llojlloshme.<\/li>\n<li style=\"text-align: left;\"><strong>Materiali:<\/strong> Kombinim i shkum\u00ebs Memory me mb\u00ebshtjell\u00ebs pambuku.<\/li>\n<li style=\"text-align: left;\"><strong>Udh\u00ebzime p\u00ebr p\u00ebrdorim:<\/strong> Mund t\u00eb lahet vet\u00ebm mb\u00ebshtjell\u00ebsi i jasht\u00ebm.<\/li>\n<li style=\"text-align: left;\"><strong>Garanci dhe kushtet e kthimit:<\/strong> P\u00ebr shkak t\u00eb kontaktit me higjien\u00eb personale, p\u00ebr produktet e tekstilit nuk pranohen kthime apo reklamacione.<\/li>\n<\/ul>\n","protected":false},"featured_media":40146,"template":"","meta":[],"product_cat":[1184,1201,307,309],"product_tag":[],"class_list":{"0":"post-49713","1":"product","2":"type-product","3":"status-publish","4":"has-post-thumbnail","6":"product_cat-do-1000-denari","7":"product_cat-do-1000-denari-sq","8":"product_cat-dhoma-e-ndenjes","9":"product_cat-jastek-dekorativ","11":"first","12":"instock","13":"sale","14":"shipping-taxable","15":"purchasable","16":"product-type-simple","17":"layout-style-1","18":"col-md-4 col-sm-4 col-xs-6","19":"col-lg-3","20":"product-has-gallery","21":"product-style-default"},"_links":{"self":[{"href":"https:\/\/www.comoditahome.com\/mk\/sq\/wp-json\/wp\/v2\/product\/49713","targetHints":{"allow":["GET"]}}],"collection":[{"href":"https:\/\/www.comoditahome.com\/mk\/sq\/wp-json\/wp\/v2\/product"}],"about":[{"href":"https:\/\/www.comoditahome.com\/mk\/sq\/wp-json\/wp\/v2\/types\/product"}],"version-history":[{"count":0,"href":"https:\/\/www.comoditahome.com\/mk\/sq\/wp-json\/wp\/v2\/product\/49713\/revisions"}],"wp:featuredmedia":[{"embeddable":true,"href":"https:\/\/www.comoditahome.com\/mk\/sq\/wp-json\/wp\/v2\/media\/40146"}],"wp:attachment":[{"href":"https:\/\/www.comoditahome.com\/mk\/sq\/wp-json\/wp\/v2\/media?parent=49713"}],"wp:term":[{"taxonomy":"product_cat","embeddable":true,"href":"https:\/\/www.comoditahome.com\/mk\/sq\/wp-json\/wp\/v2\/product_cat?post=49713"},{"taxonomy":"product_tag","embeddable":true,"href":"https:\/\/www.comoditahome.com\/mk\/sq\/wp-json\/wp\/v2\/product_tag?post=49713"}],"curies":[{"name":"wp","href":"https:\/\/api.w.org\/{rel}","templated":true}]}}