 {"id":49720,"date":"2021-08-06T10:21:19","date_gmt":"2021-08-06T08:21:19","guid":{"rendered":"https:\/\/ks.comoditahome.com\/mk\/?post_type=product&#038;p=49720"},"modified":"2026-05-05T22:09:44","modified_gmt":"2026-05-05T20:09:44","slug":"kolltuk-foam-lounge","status":"publish","type":"product","link":"https:\/\/www.comoditahome.com\/mk\/sq\/product\/kolltuk-foam-lounge\/","title":{"rendered":"Kolltuk Foam Lounge"},"content":{"rendered":"","protected":false},"excerpt":{"rendered":"<p style=\"text-align: left;\">Kolltuku Foam Lounge me tekstur\u00ebn e tij t\u00eb but\u00eb dhe mbushjen prej shkume, ofron nj\u00eb mb\u00ebshtetje t\u00eb duhur p\u00ebr trupin tuaj kur q\u00ebndroni ulur. \u00cbsht\u00eb i p\u00ebrkryer p\u00ebr t\u2019u vendosur n\u00eb dhom\u00ebn e ndenj\u00ebs, t\u00eb gjumit, n\u00eb verand\u00ebn e sht\u00ebpis\u00eb apo n\u00eb ambientit e relaksit n\u00eb bisnesin tuaj. \u00cbsht\u00eb i leht\u00eb p\u00ebr t&#8217;u zhvendosur n\u00eb vende t\u00eb ndryshme dhe p\u00ebrmes modelit t\u00eb tij modern, zhvillon nj\u00eb stilim unik t\u00eb hap\u00ebsir\u00ebs.<\/p>\n<p>&nbsp;<\/p>\n<ul>\n<li style=\"text-align: left;\"><span style=\"color: #ff0000;\"><strong>Ngjyra:<\/strong> Mundet t\u00eb jet\u00eb e llojlloshme, nuk mund t\u00eb zgjedhet me online porosi!<\/span><\/li>\n<li style=\"text-align: left;\"><strong>Dimensioni:<\/strong> 100x90x50\/55cm<\/li>\n<li style=\"text-align: left;\"><strong>Materiali:<\/strong> Kombinim i shkum\u00ebs Memory me mb\u00ebshtjell\u00ebs pambuku.<\/li>\n<li style=\"text-align: left;\"><strong>Udh\u00ebzime p\u00ebr p\u00ebrdorim:<\/strong> Mund t\u00eb lahet vet\u00ebm mb\u00ebshtjell\u00ebsi i jasht\u00ebm.<\/li>\n<li style=\"text-align: left;\"><strong>Garanci dhe kushtet e kthimit:<\/strong> Ankesat p\u00ebr k\u00ebt\u00eb produkt pranohen brenda 24 or\u00ebve pas pranimit t\u00eb porosis\u00eb.<\/li>\n<\/ul>\n","protected":false},"featured_media":39330,"template":"","meta":[],"product_cat":[307,311],"product_tag":[],"class_list":{"0":"post-49720","1":"product","2":"type-product","3":"status-publish","4":"has-post-thumbnail","6":"product_cat-dhoma-e-ndenjes","7":"product_cat-ndenje","9":"first","10":"instock","11":"sale","12":"shipping-taxable","13":"purchasable","14":"product-type-simple","15":"layout-style-1","16":"col-md-4 col-sm-4 col-xs-6","17":"col-lg-3","18":"product-has-gallery","19":"product-style-default"},"_links":{"self":[{"href":"https:\/\/www.comoditahome.com\/mk\/sq\/wp-json\/wp\/v2\/product\/49720","targetHints":{"allow":["GET"]}}],"collection":[{"href":"https:\/\/www.comoditahome.com\/mk\/sq\/wp-json\/wp\/v2\/product"}],"about":[{"href":"https:\/\/www.comoditahome.com\/mk\/sq\/wp-json\/wp\/v2\/types\/product"}],"version-history":[{"count":0,"href":"https:\/\/www.comoditahome.com\/mk\/sq\/wp-json\/wp\/v2\/product\/49720\/revisions"}],"wp:featuredmedia":[{"embeddable":true,"href":"https:\/\/www.comoditahome.com\/mk\/sq\/wp-json\/wp\/v2\/media\/39330"}],"wp:attachment":[{"href":"https:\/\/www.comoditahome.com\/mk\/sq\/wp-json\/wp\/v2\/media?parent=49720"}],"wp:term":[{"taxonomy":"product_cat","embeddable":true,"href":"https:\/\/www.comoditahome.com\/mk\/sq\/wp-json\/wp\/v2\/product_cat?post=49720"},{"taxonomy":"product_tag","embeddable":true,"href":"https:\/\/www.comoditahome.com\/mk\/sq\/wp-json\/wp\/v2\/product_tag?post=49720"}],"curies":[{"name":"wp","href":"https:\/\/api.w.org\/{rel}","templated":true}]}}