 {"id":49724,"date":"2021-08-06T10:12:02","date_gmt":"2021-08-06T08:12:02","guid":{"rendered":"https:\/\/ks.comoditahome.com\/mk\/?post_type=product&#038;p=49724"},"modified":"2026-04-16T10:03:40","modified_gmt":"2026-04-16T08:03:40","slug":"ulese-katrore-46x46x4cm","status":"publish","type":"product","link":"https:\/\/www.comoditahome.com\/mk\/sq\/product\/ulese-katrore-46x46x4cm\/","title":{"rendered":"Ul\u00ebse katrore 46x46x4cm"},"content":{"rendered":"","protected":false},"excerpt":{"rendered":"<p style=\"text-align: left;\">Ul\u00ebsja e qepur n\u00eb form\u00eb katrore \u00ebsht\u00eb e p\u00ebrshtatshme p\u00ebr t&#8217;u vendosur n\u00eb pothuajse \u00e7do karrike. Njihet p\u00ebr kualitet dhe q\u00ebndrueshm\u00ebri. Dizajni i saj ka nj\u00eb form\u00eb t\u00eb rafinuar e cila stabilizohet me dy lidh\u00ebse q\u00eb lidhen me shpin\u00ebn e karrig\u00ebs. Ul\u00ebsja ofron nj\u00eb komoditet t\u00eb pakrahasuesh\u00ebm.<\/p>\n<p>&nbsp;<\/p>\n<ul>\n<li style=\"text-align: left;\"><strong>Dimensioni:<\/strong> 46x46x4cm<\/li>\n<li style=\"text-align: left;\"><strong>Ngjyra:<\/strong> Mundet t\u00eb jet\u00eb e llojlloshme.<\/li>\n<li style=\"text-align: left;\"><strong>Materiali:<\/strong> Kombinim i shkum\u00ebs Memory me mb\u00ebshtjell\u00ebs pambuku.<\/li>\n<li style=\"text-align: left;\"><strong>Udh\u00ebzime p\u00ebr p\u00ebrdorim:<\/strong> Mund t\u00eb lahet vet\u00ebm mb\u00ebshtjell\u00ebsi i jasht\u00ebm.<\/li>\n<li style=\"text-align: left;\"><strong>Garanci dhe kushtet e kthimit:<\/strong> P\u00ebr shkak t\u00eb kontaktit me higjien\u00eb personale, p\u00ebr produktet e tekstilit nuk pranohen kthime apo reklamacione.<\/li>\n<\/ul>\n","protected":false},"featured_media":40127,"template":"","meta":[],"product_cat":[1184,1201,307,311],"product_tag":[],"class_list":{"0":"post-49724","1":"product","2":"type-product","3":"status-publish","4":"has-post-thumbnail","6":"product_cat-do-1000-denari","7":"product_cat-do-1000-denari-sq","8":"product_cat-dhoma-e-ndenjes","9":"product_cat-ndenje","11":"first","12":"outofstock","13":"sale","14":"shipping-taxable","15":"purchasable","16":"product-type-simple","17":"layout-style-1","18":"col-md-4 col-sm-4 col-xs-6","19":"col-lg-3","20":"product-has-gallery","21":"product-style-default"},"_links":{"self":[{"href":"https:\/\/www.comoditahome.com\/mk\/sq\/wp-json\/wp\/v2\/product\/49724","targetHints":{"allow":["GET"]}}],"collection":[{"href":"https:\/\/www.comoditahome.com\/mk\/sq\/wp-json\/wp\/v2\/product"}],"about":[{"href":"https:\/\/www.comoditahome.com\/mk\/sq\/wp-json\/wp\/v2\/types\/product"}],"version-history":[{"count":0,"href":"https:\/\/www.comoditahome.com\/mk\/sq\/wp-json\/wp\/v2\/product\/49724\/revisions"}],"wp:featuredmedia":[{"embeddable":true,"href":"https:\/\/www.comoditahome.com\/mk\/sq\/wp-json\/wp\/v2\/media\/40127"}],"wp:attachment":[{"href":"https:\/\/www.comoditahome.com\/mk\/sq\/wp-json\/wp\/v2\/media?parent=49724"}],"wp:term":[{"taxonomy":"product_cat","embeddable":true,"href":"https:\/\/www.comoditahome.com\/mk\/sq\/wp-json\/wp\/v2\/product_cat?post=49724"},{"taxonomy":"product_tag","embeddable":true,"href":"https:\/\/www.comoditahome.com\/mk\/sq\/wp-json\/wp\/v2\/product_tag?post=49724"}],"curies":[{"name":"wp","href":"https:\/\/api.w.org\/{rel}","templated":true}]}}