 {"id":49768,"date":"2021-08-02T09:14:56","date_gmt":"2021-08-02T07:14:56","guid":{"rendered":"https:\/\/ks.comoditahome.com\/mk\/?post_type=product&#038;p=49768"},"modified":"2026-05-05T22:09:49","modified_gmt":"2026-05-05T20:09:49","slug":"qilim-fluffy-mink","status":"publish","type":"product","link":"https:\/\/www.comoditahome.com\/mk\/sq\/product\/qilim-fluffy-mink\/","title":{"rendered":"Qilim Fluffy Mink"},"content":{"rendered":"","protected":false},"excerpt":{"rendered":"<p style=\"text-align: left;\">Qilimi Fluffy dallohet p\u00ebr materialin tejet t\u00eb but\u00eb dhe fijet e zgjatura q\u00eb lejojn\u00eb nj\u00eb prezantim natyral. Ngjyra e tij e nj\u00ebtrajshme e b\u00ebn\u00eb t\u00eb jet\u00eb leht\u00ebsisht i p\u00ebrshtatsh\u00ebm me t\u00eb gjitha ngjyrat. \u00cbsht\u00eb i p\u00ebrkryer p\u00ebr t&#8217;u pozicionuar n\u00eb hap\u00ebsirat e dhom\u00ebs s\u00eb gjumit, zyret ku punoni apo n\u00eb dhom\u00ebn e dit\u00ebs af\u00ebr ambientit t\u00eb ndenj\u00ebs.<\/p>\n<p>&nbsp;<\/p>\n<ul>\n<li style=\"text-align: left;\"><strong>Dimensioni:<\/strong> 80x150cm, 120x180cm<\/li>\n<li style=\"text-align: left;\"><strong>Materiali:<\/strong> Akrilik<\/li>\n<li style=\"text-align: left;\"><strong>Udh\u00ebzime p\u00ebr p\u00ebrdorim:<\/strong> N\u00eb makin\u00eb lar\u00ebse 30\u00b0C<\/li>\n<li style=\"text-align: left;\"><strong>Garanci dhe m\u00ebnyra e kthimit:<\/strong> P\u00ebr k\u00ebt\u00eb produkt pranohet reklamacion brenda 24 or\u00ebve pasi t\u00eb pranoni porosin\u00eb.<\/li>\n<\/ul>\n","protected":false},"featured_media":39199,"template":"","meta":[],"product_cat":[307,317],"product_tag":[],"class_list":{"0":"post-49768","1":"product","2":"type-product","3":"status-publish","4":"has-post-thumbnail","6":"product_cat-dhoma-e-ndenjes","7":"product_cat-qilima","9":"first","10":"outofstock","11":"sale","12":"shipping-taxable","13":"purchasable","14":"product-type-variable","15":"layout-style-1","16":"col-md-4 col-sm-4 col-xs-6","17":"col-lg-3","18":"product-has-gallery","19":"product-style-default"},"_links":{"self":[{"href":"https:\/\/www.comoditahome.com\/mk\/sq\/wp-json\/wp\/v2\/product\/49768","targetHints":{"allow":["GET"]}}],"collection":[{"href":"https:\/\/www.comoditahome.com\/mk\/sq\/wp-json\/wp\/v2\/product"}],"about":[{"href":"https:\/\/www.comoditahome.com\/mk\/sq\/wp-json\/wp\/v2\/types\/product"}],"version-history":[{"count":0,"href":"https:\/\/www.comoditahome.com\/mk\/sq\/wp-json\/wp\/v2\/product\/49768\/revisions"}],"wp:featuredmedia":[{"embeddable":true,"href":"https:\/\/www.comoditahome.com\/mk\/sq\/wp-json\/wp\/v2\/media\/39199"}],"wp:attachment":[{"href":"https:\/\/www.comoditahome.com\/mk\/sq\/wp-json\/wp\/v2\/media?parent=49768"}],"wp:term":[{"taxonomy":"product_cat","embeddable":true,"href":"https:\/\/www.comoditahome.com\/mk\/sq\/wp-json\/wp\/v2\/product_cat?post=49768"},{"taxonomy":"product_tag","embeddable":true,"href":"https:\/\/www.comoditahome.com\/mk\/sq\/wp-json\/wp\/v2\/product_tag?post=49768"}],"curies":[{"name":"wp","href":"https:\/\/api.w.org\/{rel}","templated":true}]}}