 {"id":49792,"date":"2021-08-06T07:21:00","date_gmt":"2021-08-06T05:21:00","guid":{"rendered":"https:\/\/ks.comoditahome.com\/mk\/?post_type=product&#038;p=49792"},"modified":"2026-05-05T22:09:48","modified_gmt":"2026-05-05T20:09:48","slug":"nutrifast-black","status":"publish","type":"product","link":"https:\/\/www.comoditahome.com\/mk\/sq\/product\/nutrifast-black\/","title":{"rendered":"Nutrifast Black"},"content":{"rendered":"","protected":false},"excerpt":{"rendered":"<p style=\"text-align: left;\">Pajisja Nutrifast me tehun e saj t\u00eb mpreht\u00eb b\u00ebn 25.000 rrotullime p\u00ebr minut\u00eb me 1000W fuqi. Brisku i tij copton, bluan, dhe ekstrakton p\u00ebrb\u00ebr\u00ebsit pa i humbur vlerat ushqyese. P\u00ebrmes k\u00ebtij mikseri t\u00eb sofistikuar, ju do t\u00eb mund t\u00eb p\u00ebrgatisni smoothie, bluani akullin, t\u00eb p\u00ebrgatisni salcat, p\u00ebrzieni p\u00ebrb\u00ebr\u00ebsit, apo t\u00eb finalizoni vakte m\u00ebngjesi t\u00eb shijshme. Me nj\u00eb dizajn kompakt dhe nj\u00eb kualitet t\u00eb shk\u00eblqyesh\u00ebm, kjo pajisje prezantohet me nj\u00eb p\u00ebrformanc\u00eb t\u00eb lart\u00eb t\u00eb miksimit t\u00eb p\u00ebrb\u00ebr\u00ebsve.<\/p>\n<p>&nbsp;<\/p>\n<p style=\"text-align: left;\"><strong>P\u00ebrfito:<\/strong><\/p>\n<ul>\n<li style=\"text-align: left;\">1x got\u00eb 1-lit\u00ebrshe.<\/li>\n<li style=\"text-align: left;\">2x gota nga 800 mililitra.<\/li>\n<li style=\"text-align: left;\">\u00c7ant\u00ebn speciale p\u00ebr bartjen e gotave t\u00eb Nutrifast.<\/li>\n<li style=\"text-align: left;\">3x kapak\u00eb praktik\u00eb p\u00ebr ruajtjen e pijeve.<\/li>\n<li style=\"text-align: left;\">Librin e udh\u00ebzimeve dhe recetave p\u00ebr smoothie.<\/li>\n<\/ul>\n<ul style=\"text-align: left;\">\n<li><strong>Materiali:<\/strong> Elektrik\u00eb dhe plastik\u00eb.<\/li>\n<li><strong>Udh\u00ebzime p\u00ebr p\u00ebrdorim:<\/strong> N\u00eb makin\u00eb en\u00eblar\u00ebse ose me dor\u00eb, p\u00ebr detaje tjera rreth perdorimit konsultohuni me udh\u00ebzuesin.<\/li>\n<li><strong>Garanci dhe m\u00ebnyra e kthimit:<\/strong> 6 muaj garancion.<\/li>\n<\/ul>\n","protected":false},"featured_media":99148,"template":"","meta":[],"product_cat":[806,283,331,334],"product_tag":[],"class_list":{"0":"post-49792","1":"product","2":"type-product","3":"status-publish","4":"has-post-thumbnail","6":"product_cat-oferta-kuzhine","7":"product_cat-oferta","8":"product_cat-kuzhine","9":"product_cat-pajisje-elektrike","11":"first","12":"instock","13":"sale","14":"shipping-taxable","15":"purchasable","16":"product-type-simple","17":"layout-style-1","18":"col-md-4 col-sm-4 col-xs-6","19":"col-lg-3","20":"product-has-gallery","21":"product-style-default"},"_links":{"self":[{"href":"https:\/\/www.comoditahome.com\/mk\/sq\/wp-json\/wp\/v2\/product\/49792","targetHints":{"allow":["GET"]}}],"collection":[{"href":"https:\/\/www.comoditahome.com\/mk\/sq\/wp-json\/wp\/v2\/product"}],"about":[{"href":"https:\/\/www.comoditahome.com\/mk\/sq\/wp-json\/wp\/v2\/types\/product"}],"version-history":[{"count":1,"href":"https:\/\/www.comoditahome.com\/mk\/sq\/wp-json\/wp\/v2\/product\/49792\/revisions"}],"predecessor-version":[{"id":95025,"href":"https:\/\/www.comoditahome.com\/mk\/sq\/wp-json\/wp\/v2\/product\/49792\/revisions\/95025"}],"wp:featuredmedia":[{"embeddable":true,"href":"https:\/\/www.comoditahome.com\/mk\/sq\/wp-json\/wp\/v2\/media\/99148"}],"wp:attachment":[{"href":"https:\/\/www.comoditahome.com\/mk\/sq\/wp-json\/wp\/v2\/media?parent=49792"}],"wp:term":[{"taxonomy":"product_cat","embeddable":true,"href":"https:\/\/www.comoditahome.com\/mk\/sq\/wp-json\/wp\/v2\/product_cat?post=49792"},{"taxonomy":"product_tag","embeddable":true,"href":"https:\/\/www.comoditahome.com\/mk\/sq\/wp-json\/wp\/v2\/product_tag?post=49792"}],"curies":[{"name":"wp","href":"https:\/\/api.w.org\/{rel}","templated":true}]}}