 {"id":49795,"date":"2021-08-06T07:54:58","date_gmt":"2021-08-06T05:54:58","guid":{"rendered":"https:\/\/ks.comoditahome.com\/mk\/?post_type=product&#038;p=49795"},"modified":"2026-05-05T22:09:48","modified_gmt":"2026-05-05T20:09:48","slug":"tigan-comodita-24cm","status":"publish","type":"product","link":"https:\/\/www.comoditahome.com\/mk\/sq\/product\/tigan-comodita-24cm\/","title":{"rendered":"Tigan Comodita 24cm"},"content":{"rendered":"","protected":false},"excerpt":{"rendered":"<p style=\"text-align: left;\">Tigani Comodita \u00ebsht\u00eb punuar n\u00eb form\u00eb t\u00eb rrumbullak\u00ebt me pamje graniti i kombinuar me nj\u00eb dorez\u00eb t\u00eb zez\u00eb ergonomike. Sip\u00ebrfaqja e tij e shesht\u00eb, ndikon q\u00eb nxeht\u00ebsia t\u00eb shpr\u00ebndahet paralelisht n\u00eb t\u00ebr\u00eb hap\u00ebsir\u00ebn, duke pjekur \u00e7do p\u00ebrb\u00ebr\u00ebs nj\u00ebtrajtsh\u00ebm.<\/p>\n<p>&nbsp;<\/p>\n<ul>\n<li style=\"text-align: left;\"><strong>Dimensioni:<\/strong> 24cm<\/li>\n<li style=\"text-align: left;\"><strong>Materiali:<\/strong> Gur\u00eb.<\/li>\n<li style=\"text-align: left;\"><strong>Udh\u00ebzime p\u00ebr p\u00ebrdorim:<\/strong> Pastroni me dor\u00eb.<\/li>\n<li style=\"text-align: left;\"><strong>Garanci dhe m\u00ebnyra e kthimit:<\/strong> Ankesat p\u00ebr k\u00ebt\u00eb produkt pranohen brenda 24 or\u00ebve pas pranimit t\u00eb porosis\u00eb.<\/li>\n<\/ul>\n","protected":false},"featured_media":39323,"template":"","meta":[],"product_cat":[806,1184,1201,283,331,337],"product_tag":[],"class_list":{"0":"post-49795","1":"product","2":"type-product","3":"status-publish","4":"has-post-thumbnail","6":"product_cat-oferta-kuzhine","7":"product_cat-do-1000-denari","8":"product_cat-do-1000-denari-sq","9":"product_cat-oferta","10":"product_cat-kuzhine","11":"product_cat-ene-gatimi","13":"first","14":"instock","15":"sale","16":"shipping-taxable","17":"purchasable","18":"product-type-simple","19":"layout-style-1","20":"col-md-4 col-sm-4 col-xs-6","21":"col-lg-3","22":"product-has-gallery","23":"product-style-default"},"_links":{"self":[{"href":"https:\/\/www.comoditahome.com\/mk\/sq\/wp-json\/wp\/v2\/product\/49795","targetHints":{"allow":["GET"]}}],"collection":[{"href":"https:\/\/www.comoditahome.com\/mk\/sq\/wp-json\/wp\/v2\/product"}],"about":[{"href":"https:\/\/www.comoditahome.com\/mk\/sq\/wp-json\/wp\/v2\/types\/product"}],"version-history":[{"count":0,"href":"https:\/\/www.comoditahome.com\/mk\/sq\/wp-json\/wp\/v2\/product\/49795\/revisions"}],"wp:featuredmedia":[{"embeddable":true,"href":"https:\/\/www.comoditahome.com\/mk\/sq\/wp-json\/wp\/v2\/media\/39323"}],"wp:attachment":[{"href":"https:\/\/www.comoditahome.com\/mk\/sq\/wp-json\/wp\/v2\/media?parent=49795"}],"wp:term":[{"taxonomy":"product_cat","embeddable":true,"href":"https:\/\/www.comoditahome.com\/mk\/sq\/wp-json\/wp\/v2\/product_cat?post=49795"},{"taxonomy":"product_tag","embeddable":true,"href":"https:\/\/www.comoditahome.com\/mk\/sq\/wp-json\/wp\/v2\/product_tag?post=49795"}],"curies":[{"name":"wp","href":"https:\/\/api.w.org\/{rel}","templated":true}]}}