 {"id":49804,"date":"2021-09-13T12:06:12","date_gmt":"2021-09-13T10:06:12","guid":{"rendered":"https:\/\/ks.comoditahome.com\/mk\/?post_type=product&#038;p=49804"},"modified":"2026-05-14T11:08:55","modified_gmt":"2026-05-14T09:08:55","slug":"set-gatimi-belly-shape-6-pjese","status":"publish","type":"product","link":"https:\/\/www.comoditahome.com\/mk\/sq\/product\/set-gatimi-belly-shape-6-pjese\/","title":{"rendered":"Set gatimi Belly Shape 6 pjes\u00eb"},"content":{"rendered":"","protected":false},"excerpt":{"rendered":"<p style=\"text-align: left;\">Seti i tenxhereve Granitec Belly Shape vjen me 6 pjes\u00eb dhe p\u00ebrtej kualitetit t\u00eb lart\u00eb q\u00eb prezenton, \u00ebsht\u00eb tejet funksional, praktik dhe i leht\u00eb p\u00ebr t\u2019u mir\u00ebmbajtur. Karakterizohet me nj\u00eb brend\u00ebsi shum\u00eb shtresor\u00eb: p\u00ebrmban 4 shtresa mb\u00ebshtjell\u00ebse jo-ngjit\u00ebse dhe p\u00ebrforcim prej keramike p\u00ebr performanc\u00eb t\u00eb shk\u00eblqyeshme, material t\u00eb trash\u00eb prej alumini me shtres\u00eb mb\u00ebshtjell\u00ebse t\u00eb jashtme jo-ngjit\u00ebse p\u00ebr rezistenc\u00eb t\u00eb lart\u00eb ndaj njollave si dhe rezistenc\u00eb t\u00eb lart\u00eb ndaj g\u00ebrvishtjeve.<\/p>\n<p>&nbsp;<\/p>\n<p style=\"text-align: left;\"><strong>Seti ka 6 pjes\u00eb:<\/strong> 1x tenxhere 20cm, 1x tenxhere 24cm, 1x kapak 20cm, 1x kapak 24cm, 1x tigan grilli 28cm dhe 1x tigan t\u00eb rrumbullak\u00ebt 28cm.<\/p>\n<p>&nbsp;<\/p>\n<ul>\n<li style=\"text-align: left;\"><strong>Materiali:<\/strong> Gur\u00eb.<\/li>\n<li style=\"text-align: left;\"><strong>Udh\u00ebzime p\u00ebr p\u00ebrdorim:<\/strong> Pastroni me dor\u00eb.<\/li>\n<li style=\"text-align: left;\"><strong>Garanci dhe m\u00ebnyra e kthimit:<\/strong> Garancion 6 muaj<\/li>\n<\/ul>\n","protected":false},"featured_media":40571,"template":"","meta":[],"product_cat":[806,283,331,337],"product_tag":[],"class_list":{"0":"post-49804","1":"product","2":"type-product","3":"status-publish","4":"has-post-thumbnail","6":"product_cat-oferta-kuzhine","7":"product_cat-oferta","8":"product_cat-kuzhine","9":"product_cat-ene-gatimi","11":"first","12":"instock","13":"sale","14":"shipping-taxable","15":"purchasable","16":"product-type-simple","17":"layout-style-1","18":"col-md-4 col-sm-4 col-xs-6","19":"col-lg-3","20":"product-has-gallery","21":"product-style-default"},"_links":{"self":[{"href":"https:\/\/www.comoditahome.com\/mk\/sq\/wp-json\/wp\/v2\/product\/49804","targetHints":{"allow":["GET"]}}],"collection":[{"href":"https:\/\/www.comoditahome.com\/mk\/sq\/wp-json\/wp\/v2\/product"}],"about":[{"href":"https:\/\/www.comoditahome.com\/mk\/sq\/wp-json\/wp\/v2\/types\/product"}],"version-history":[{"count":2,"href":"https:\/\/www.comoditahome.com\/mk\/sq\/wp-json\/wp\/v2\/product\/49804\/revisions"}],"predecessor-version":[{"id":95012,"href":"https:\/\/www.comoditahome.com\/mk\/sq\/wp-json\/wp\/v2\/product\/49804\/revisions\/95012"}],"wp:featuredmedia":[{"embeddable":true,"href":"https:\/\/www.comoditahome.com\/mk\/sq\/wp-json\/wp\/v2\/media\/40571"}],"wp:attachment":[{"href":"https:\/\/www.comoditahome.com\/mk\/sq\/wp-json\/wp\/v2\/media?parent=49804"}],"wp:term":[{"taxonomy":"product_cat","embeddable":true,"href":"https:\/\/www.comoditahome.com\/mk\/sq\/wp-json\/wp\/v2\/product_cat?post=49804"},{"taxonomy":"product_tag","embeddable":true,"href":"https:\/\/www.comoditahome.com\/mk\/sq\/wp-json\/wp\/v2\/product_tag?post=49804"}],"curies":[{"name":"wp","href":"https:\/\/api.w.org\/{rel}","templated":true}]}}