 {"id":49811,"date":"2021-09-13T12:50:32","date_gmt":"2021-09-13T10:50:32","guid":{"rendered":"https:\/\/ks.comoditahome.com\/mk\/?post_type=product&#038;p=49811"},"modified":"2026-04-16T10:03:46","modified_gmt":"2026-04-16T08:03:46","slug":"tenxhere-e-thelle-5ply-bond","status":"publish","type":"product","link":"https:\/\/www.comoditahome.com\/mk\/sq\/product\/tenxhere-e-thelle-5ply-bond\/","title":{"rendered":"Tenxhere e thell\u00eb 5Ply Bond 24x15cm"},"content":{"rendered":"","protected":false},"excerpt":{"rendered":"<p style=\"text-align: left;\">Tenxherja e thell\u00eb nga linja Bond vjen n\u00eb dy pjes\u00eb (tigan + kapak). P\u00ebrb\u00ebhet nga kombimini i tre shtresave alumin dhe dy \u00e7elik, q\u00eb e b\u00ebn en\u00ebn t\u00eb q\u00ebndrueshme nga lakimet. Dor\u00ebzat e saj jan\u00eb t\u00eb p\u00ebrforcuara me gozhda t\u00eb forta q\u00eb garantojn\u00eb kontrollin dhe balancin.<\/p>\n<p>&nbsp;<\/p>\n<p style=\"text-align: left;\">Kjo tenxhere, krahas dizajnit elegant, mund t\u00eb duroj\u00eb temperatura t\u00eb larta gjat\u00eb gatimit dhe prap t\u00eb mos l\u00ebshoj kimikale, \u00e7ka garanton p\u00ebrdorimin e tyre t\u00eb shum\u00ebfisht\u00eb dhe t\u00eb vazhduesh\u00ebm. Kan\u00eb nj\u00eb sip\u00ebrfaqe jo-poroze q\u00eb pastrohet leht\u00eb, duke i b\u00ebr\u00eb mjaft higjenike p\u00ebr t\u2019u p\u00ebrdorur.<\/p>\n<p>&nbsp;<\/p>\n<ul>\n<li style=\"text-align: left;\"><strong>Dimensioni:<\/strong> 24x15cm<\/li>\n<li style=\"text-align: left;\"><strong>Materiali:<\/strong> \u00c7elik.<\/li>\n<li style=\"text-align: left;\"><strong>Udh\u00ebzime p\u00ebr p\u00ebrdorim:<\/strong> Pastroni me dor\u00eb.<\/li>\n<li style=\"text-align: left;\"><strong>Garanci dhe m\u00ebnyra e kthimit:<\/strong> Garancion 5 vjet.<\/li>\n<\/ul>\n","protected":false},"featured_media":40601,"template":"","meta":[],"product_cat":[331,337],"product_tag":[],"class_list":{"0":"post-49811","1":"product","2":"type-product","3":"status-publish","4":"has-post-thumbnail","6":"product_cat-kuzhine","7":"product_cat-ene-gatimi","9":"first","10":"instock","11":"sale","12":"shipping-taxable","13":"purchasable","14":"product-type-simple","15":"layout-style-1","16":"col-md-4 col-sm-4 col-xs-6","17":"col-lg-3","18":"product-has-gallery","19":"product-style-default"},"_links":{"self":[{"href":"https:\/\/www.comoditahome.com\/mk\/sq\/wp-json\/wp\/v2\/product\/49811","targetHints":{"allow":["GET"]}}],"collection":[{"href":"https:\/\/www.comoditahome.com\/mk\/sq\/wp-json\/wp\/v2\/product"}],"about":[{"href":"https:\/\/www.comoditahome.com\/mk\/sq\/wp-json\/wp\/v2\/types\/product"}],"version-history":[{"count":0,"href":"https:\/\/www.comoditahome.com\/mk\/sq\/wp-json\/wp\/v2\/product\/49811\/revisions"}],"wp:featuredmedia":[{"embeddable":true,"href":"https:\/\/www.comoditahome.com\/mk\/sq\/wp-json\/wp\/v2\/media\/40601"}],"wp:attachment":[{"href":"https:\/\/www.comoditahome.com\/mk\/sq\/wp-json\/wp\/v2\/media?parent=49811"}],"wp:term":[{"taxonomy":"product_cat","embeddable":true,"href":"https:\/\/www.comoditahome.com\/mk\/sq\/wp-json\/wp\/v2\/product_cat?post=49811"},{"taxonomy":"product_tag","embeddable":true,"href":"https:\/\/www.comoditahome.com\/mk\/sq\/wp-json\/wp\/v2\/product_tag?post=49811"}],"curies":[{"name":"wp","href":"https:\/\/api.w.org\/{rel}","templated":true}]}}