 {"id":49816,"date":"2021-09-13T14:40:34","date_gmt":"2021-09-13T12:40:34","guid":{"rendered":"https:\/\/ks.comoditahome.com\/mk\/?post_type=product&#038;p=49816"},"modified":"2026-05-05T22:09:50","modified_gmt":"2026-05-05T20:09:50","slug":"set-tiganesh-granitec-3-pjese","status":"publish","type":"product","link":"https:\/\/www.comoditahome.com\/mk\/sq\/product\/set-tiganesh-granitec-3-pjese\/","title":{"rendered":"Set tigan\u00ebsh Granitec 3 pjes\u00eb"},"content":{"rendered":"","protected":false},"excerpt":{"rendered":"<p style=\"text-align: left;\">Seti i tigan\u00ebve Granitec vjen me 3 tigan\u00eb n\u00eb madh\u00ebsi t\u00eb ndryshme por me form\u00eb t\u00eb njejt\u00eb. P\u00ebrmbajtja e tyre \u00ebsht\u00eb nga 4 shtresa mb\u00ebshtjell\u00ebse jo-ngjit\u00ebse, q\u00eb e b\u00ebjn\u00eb t\u00ebr\u00eb sip\u00ebrfaqen t\u00eb jet\u00eb rezistente ndaj g\u00ebrvishtjeve duke dhuruar nj\u00eb performanc\u00eb t\u00eb shk\u00eblqyeshme. Me kualitetin e tyre t\u00eb pakrahasuesh\u00ebm, ju mund t\u2019I jepni nj\u00eb shije t\u00eb mrekullueshme ushqimit q\u00eb p\u00ebrgatisni.<\/p>\n<p>&nbsp;<\/p>\n<p style=\"text-align: left;\"><strong>Seti p\u00ebrmban:<\/strong> 1x tigan 20cm, 1x tigan 24cm, 1x tigan 28cm.<\/p>\n<p>&nbsp;<\/p>\n<ul>\n<li style=\"text-align: left;\"><strong>Materiali:<\/strong> Gur\u00eb.<\/li>\n<li style=\"text-align: left;\"><strong>Udh\u00ebzime p\u00ebr p\u00ebrdorim:<\/strong> Pastroni me dor\u00eb.<\/li>\n<li style=\"text-align: left;\"><strong>Garanci dhe m\u00ebnyra e kthimit:<\/strong> Ankesat p\u00ebr k\u00ebt\u00eb produkt pranohen brenda 24 or\u00ebve pas pranimit t\u00eb porosis\u00eb.<\/li>\n<\/ul>\n","protected":false},"featured_media":40653,"template":"","meta":[],"product_cat":[806,283,331,337],"product_tag":[],"class_list":{"0":"post-49816","1":"product","2":"type-product","3":"status-publish","4":"has-post-thumbnail","6":"product_cat-oferta-kuzhine","7":"product_cat-oferta","8":"product_cat-kuzhine","9":"product_cat-ene-gatimi","11":"first","12":"outofstock","13":"sale","14":"shipping-taxable","15":"purchasable","16":"product-type-simple","17":"layout-style-1","18":"col-md-4 col-sm-4 col-xs-6","19":"col-lg-3","20":"product-has-gallery","21":"product-style-default"},"_links":{"self":[{"href":"https:\/\/www.comoditahome.com\/mk\/sq\/wp-json\/wp\/v2\/product\/49816","targetHints":{"allow":["GET"]}}],"collection":[{"href":"https:\/\/www.comoditahome.com\/mk\/sq\/wp-json\/wp\/v2\/product"}],"about":[{"href":"https:\/\/www.comoditahome.com\/mk\/sq\/wp-json\/wp\/v2\/types\/product"}],"version-history":[{"count":0,"href":"https:\/\/www.comoditahome.com\/mk\/sq\/wp-json\/wp\/v2\/product\/49816\/revisions"}],"wp:featuredmedia":[{"embeddable":true,"href":"https:\/\/www.comoditahome.com\/mk\/sq\/wp-json\/wp\/v2\/media\/40653"}],"wp:attachment":[{"href":"https:\/\/www.comoditahome.com\/mk\/sq\/wp-json\/wp\/v2\/media?parent=49816"}],"wp:term":[{"taxonomy":"product_cat","embeddable":true,"href":"https:\/\/www.comoditahome.com\/mk\/sq\/wp-json\/wp\/v2\/product_cat?post=49816"},{"taxonomy":"product_tag","embeddable":true,"href":"https:\/\/www.comoditahome.com\/mk\/sq\/wp-json\/wp\/v2\/product_tag?post=49816"}],"curies":[{"name":"wp","href":"https:\/\/api.w.org\/{rel}","templated":true}]}}