 {"id":49950,"date":"2022-05-20T17:08:18","date_gmt":"2022-05-20T15:08:18","guid":{"rendered":"https:\/\/ks.comoditahome.com\/mk\/?post_type=product&#038;p=49950"},"modified":"2026-05-05T22:09:52","modified_gmt":"2026-05-05T20:09:52","slug":"pjate-servimi-new-life-stripe-23x28cm-3","status":"publish","type":"product","link":"https:\/\/www.comoditahome.com\/mk\/sq\/product\/pjate-servimi-new-life-stripe-23x28cm-3\/","title":{"rendered":"Pjat\u00eb servimi New Life Stripe 23x28cm"},"content":{"rendered":"","protected":false},"excerpt":{"rendered":"<p style=\"text-align: left;\">Pjat\u00eb servimi n\u00eb form\u00eb rrethore nga linja Porglaze, e cila mund t\u00eb p\u00ebrdoret p\u00ebr servime t\u00eb ndryshme. Kjo linj\u00eb \u00ebsht\u00eb inspiruar nga ngjyrat e natyr\u00ebs, dhe nj\u00eb pjat\u00eb e till\u00eb sh\u00ebrben q\u00eb prezantimet tuaja t\u00eb jen\u00eb sa m\u00eb natyrale.<\/p>\n<p>&nbsp;<\/p>\n<ul>\n<li style=\"text-align: left;\"><strong>Dimensioni:<\/strong> 23x28cm<\/li>\n<li style=\"text-align: left;\"><strong>Materiali:<\/strong> Porcelan.<\/li>\n<li style=\"text-align: left;\"><strong>Udh\u00ebzime p\u00ebr p\u00ebrdorim:<\/strong> Pastroni me dor\u00eb.<\/li>\n<li style=\"text-align: left;\"><strong>Garanci dhe m\u00ebnyra e kthimit:<\/strong> Ankesat p\u00ebr k\u00ebt\u00eb produkt pranohen brenda 24 or\u00ebve pas pranimit t\u00eb porosis\u00eb.<\/li>\n<\/ul>\n","protected":false},"featured_media":49949,"template":"","meta":[],"product_cat":[1201,1184,354,357],"product_tag":[],"class_list":{"0":"post-49950","1":"product","2":"type-product","3":"status-publish","4":"has-post-thumbnail","6":"product_cat-do-1000-denari-sq","7":"product_cat-do-1000-denari","8":"product_cat-tryeze","9":"product_cat-ene-servimi","11":"first","12":"instock","13":"sale","14":"shipping-taxable","15":"purchasable","16":"product-type-simple","17":"layout-style-1","18":"col-md-4 col-sm-4 col-xs-6","19":"col-lg-3","20":"product-has-gallery","21":"product-style-default"},"_links":{"self":[{"href":"https:\/\/www.comoditahome.com\/mk\/sq\/wp-json\/wp\/v2\/product\/49950","targetHints":{"allow":["GET"]}}],"collection":[{"href":"https:\/\/www.comoditahome.com\/mk\/sq\/wp-json\/wp\/v2\/product"}],"about":[{"href":"https:\/\/www.comoditahome.com\/mk\/sq\/wp-json\/wp\/v2\/types\/product"}],"version-history":[{"count":0,"href":"https:\/\/www.comoditahome.com\/mk\/sq\/wp-json\/wp\/v2\/product\/49950\/revisions"}],"wp:featuredmedia":[{"embeddable":true,"href":"https:\/\/www.comoditahome.com\/mk\/sq\/wp-json\/wp\/v2\/media\/49949"}],"wp:attachment":[{"href":"https:\/\/www.comoditahome.com\/mk\/sq\/wp-json\/wp\/v2\/media?parent=49950"}],"wp:term":[{"taxonomy":"product_cat","embeddable":true,"href":"https:\/\/www.comoditahome.com\/mk\/sq\/wp-json\/wp\/v2\/product_cat?post=49950"},{"taxonomy":"product_tag","embeddable":true,"href":"https:\/\/www.comoditahome.com\/mk\/sq\/wp-json\/wp\/v2\/product_tag?post=49950"}],"curies":[{"name":"wp","href":"https:\/\/api.w.org\/{rel}","templated":true}]}}