 {"id":49996,"date":"2022-05-20T17:17:57","date_gmt":"2022-05-20T15:17:57","guid":{"rendered":"https:\/\/ks.comoditahome.com\/mk\/?post_type=product&#038;p=49996"},"modified":"2026-05-05T22:09:52","modified_gmt":"2026-05-05T20:09:52","slug":"set-enesh-servimi-new-life-stripe","status":"publish","type":"product","link":"https:\/\/www.comoditahome.com\/mk\/sq\/product\/set-enesh-servimi-new-life-stripe\/","title":{"rendered":"Set en\u00ebsh servimi New Life Stripe"},"content":{"rendered":"","protected":false},"excerpt":{"rendered":"<p style=\"text-align: left;\">Set en\u00ebsh servimi nga linja Porglaze Earth, t\u00eb cilat mund t\u00eb p\u00ebrdoren p\u00ebr servime t\u00eb ndryshme. Kjo linj\u00eb \u00ebsht\u00eb inspiruar nga ngjyrat e natyr\u00ebs dhe ka nj\u00eb dizajn tejet modern. Nj\u00eb set i till\u00eb sh\u00ebrben q\u00eb prezantimet tuaja t\u00eb jen\u00eb sa m\u00eb natyrale.<\/p>\n<p>&nbsp;<\/p>\n<p style=\"text-align: left;\"><strong>Set me 4 pjes\u00eb:<\/strong> 1x mbajt\u00ebse, 3x en\u00eb servimi<\/p>\n<p>&nbsp;<\/p>\n<ul>\n<li style=\"text-align: left;\"><strong>Materiali:<\/strong> Porcelan dhe dru.<\/li>\n<li style=\"text-align: left;\"><strong>Udh\u00ebzime p\u00ebr p\u00ebrdorim:<\/strong> Pastroni me dor\u00eb.<\/li>\n<li style=\"text-align: left;\"><strong>Garanci dhe m\u00ebnyra e kthimit:<\/strong> Ankesat p\u00ebr k\u00ebt\u00eb produkt pranohen brenda 24 or\u00ebve pas pranimit t\u00eb porosis\u00eb.<\/li>\n<\/ul>\n","protected":false},"featured_media":49995,"template":"","meta":[],"product_cat":[1184,1201,354,357],"product_tag":[],"class_list":{"0":"post-49996","1":"product","2":"type-product","3":"status-publish","4":"has-post-thumbnail","6":"product_cat-do-1000-denari","7":"product_cat-do-1000-denari-sq","8":"product_cat-tryeze","9":"product_cat-ene-servimi","11":"first","12":"outofstock","13":"sale","14":"shipping-taxable","15":"purchasable","16":"product-type-simple","17":"layout-style-1","18":"col-md-4 col-sm-4 col-xs-6","19":"col-lg-3","20":"product-has-gallery","21":"product-style-default"},"_links":{"self":[{"href":"https:\/\/www.comoditahome.com\/mk\/sq\/wp-json\/wp\/v2\/product\/49996","targetHints":{"allow":["GET"]}}],"collection":[{"href":"https:\/\/www.comoditahome.com\/mk\/sq\/wp-json\/wp\/v2\/product"}],"about":[{"href":"https:\/\/www.comoditahome.com\/mk\/sq\/wp-json\/wp\/v2\/types\/product"}],"version-history":[{"count":0,"href":"https:\/\/www.comoditahome.com\/mk\/sq\/wp-json\/wp\/v2\/product\/49996\/revisions"}],"wp:featuredmedia":[{"embeddable":true,"href":"https:\/\/www.comoditahome.com\/mk\/sq\/wp-json\/wp\/v2\/media\/49995"}],"wp:attachment":[{"href":"https:\/\/www.comoditahome.com\/mk\/sq\/wp-json\/wp\/v2\/media?parent=49996"}],"wp:term":[{"taxonomy":"product_cat","embeddable":true,"href":"https:\/\/www.comoditahome.com\/mk\/sq\/wp-json\/wp\/v2\/product_cat?post=49996"},{"taxonomy":"product_tag","embeddable":true,"href":"https:\/\/www.comoditahome.com\/mk\/sq\/wp-json\/wp\/v2\/product_tag?post=49996"}],"curies":[{"name":"wp","href":"https:\/\/api.w.org\/{rel}","templated":true}]}}