 {"id":50361,"date":"2021-07-15T13:10:15","date_gmt":"2021-07-15T11:10:15","guid":{"rendered":"https:\/\/www.comoditahome.com\/mk\/?post_type=product&#038;p=50361"},"modified":"2026-05-05T22:09:54","modified_gmt":"2026-05-05T20:09:54","slug":"cante-kozmetike-regent-rose-gold","status":"publish","type":"product","link":"https:\/\/www.comoditahome.com\/mk\/sq\/product\/cante-kozmetike-regent-rose-gold\/","title":{"rendered":"\u00c7ant\u00eb kozmetike Regent Rose Gold"},"content":{"rendered":"","protected":false},"excerpt":{"rendered":"<p style=\"text-align: left;\">\u00c7anta e kozmetik\u00ebs Regent vjen n\u00eb ngjyr\u00eb dhe model unik. \u00cbsht\u00eb elementi i cili kompleton m\u00eb s\u00eb miri setin tuaj t\u00eb udh\u00ebtimit. Dallohet p\u00ebr materialin e q\u00ebndruesh\u00ebm q\u00eb \u00ebsht\u00eb testuar p\u00ebr t\u2019i rezistuar sfidave t\u00eb udh\u00ebtimeve t\u00eb shpeshta. \u00c7anta hapet dhe mbyllet me zinxhir me q\u00ebndrueshm\u00ebri t\u00eb lart\u00eb dhe doreza ergonomike p\u00ebr p\u00ebrdorim t\u00eb leht\u00eb. Pjesa e saj e jashtme \u00ebsht\u00eb e p\u00ebrforcuar dhe rezistente ndaj g\u00ebrvishtjeve, nd\u00ebrsa p\u00ebrbrenda, valixhja mban gj\u00ebsendet t\u00eb sigurta nga lag\u00ebshtia.<\/p>\n<p>&nbsp;<\/p>\n<ul>\n<li style=\"text-align: left;\"><strong>Dimensioni (Gjat\u00ebsi x Gj\u00ebr\u00ebsi x Lart\u00ebsi):<\/strong> 30 x 24 x 13cm.<\/li>\n<li style=\"text-align: left;\"><strong>Pesha:<\/strong> 0.8kg<\/li>\n<li style=\"text-align: left;\"><strong>Materiali:<\/strong> Plastik\u00eb.<\/li>\n<li style=\"text-align: left;\"><strong>Udh\u00ebzime p\u00ebr p\u00ebrdorim:<\/strong> T\u00eb pastrohet me dor\u00eb.<\/li>\n<li style=\"text-align: left;\"><strong>Garanci dhe kushtet e kthimit:<\/strong> Ankesat p\u00ebr k\u00ebt\u00eb produkt pranohen brenda 24 or\u00ebve pas pranimit t\u00eb porosis\u00eb.<\/li>\n<\/ul>\n","protected":false},"featured_media":50101,"template":"","meta":[],"product_cat":[340,341],"product_tag":[],"class_list":{"0":"post-50361","1":"product","2":"type-product","3":"status-publish","4":"has-post-thumbnail","6":"product_cat-udhetim","7":"product_cat-valixhe","9":"first","10":"outofstock","11":"sale","12":"shipping-taxable","13":"purchasable","14":"product-type-simple","15":"layout-style-1","16":"col-md-4 col-sm-4 col-xs-6","17":"col-lg-3","18":"product-has-gallery","19":"product-style-default"},"_links":{"self":[{"href":"https:\/\/www.comoditahome.com\/mk\/sq\/wp-json\/wp\/v2\/product\/50361","targetHints":{"allow":["GET"]}}],"collection":[{"href":"https:\/\/www.comoditahome.com\/mk\/sq\/wp-json\/wp\/v2\/product"}],"about":[{"href":"https:\/\/www.comoditahome.com\/mk\/sq\/wp-json\/wp\/v2\/types\/product"}],"version-history":[{"count":0,"href":"https:\/\/www.comoditahome.com\/mk\/sq\/wp-json\/wp\/v2\/product\/50361\/revisions"}],"wp:featuredmedia":[{"embeddable":true,"href":"https:\/\/www.comoditahome.com\/mk\/sq\/wp-json\/wp\/v2\/media\/50101"}],"wp:attachment":[{"href":"https:\/\/www.comoditahome.com\/mk\/sq\/wp-json\/wp\/v2\/media?parent=50361"}],"wp:term":[{"taxonomy":"product_cat","embeddable":true,"href":"https:\/\/www.comoditahome.com\/mk\/sq\/wp-json\/wp\/v2\/product_cat?post=50361"},{"taxonomy":"product_tag","embeddable":true,"href":"https:\/\/www.comoditahome.com\/mk\/sq\/wp-json\/wp\/v2\/product_tag?post=50361"}],"curies":[{"name":"wp","href":"https:\/\/api.w.org\/{rel}","templated":true}]}}