 {"id":50496,"date":"2022-06-04T20:03:32","date_gmt":"2022-06-04T18:03:32","guid":{"rendered":"https:\/\/www.comoditahome.com\/mk\/?post_type=product&#038;p=50496"},"modified":"2026-05-05T22:09:54","modified_gmt":"2026-05-05T20:09:54","slug":"tabak-sherbimi-rrethor-silver","status":"publish","type":"product","link":"https:\/\/www.comoditahome.com\/mk\/sq\/product\/tabak-sherbimi-rrethor-silver\/","title":{"rendered":"Tabak sh\u00ebrbimi rrethor Silver"},"content":{"rendered":"","protected":false},"excerpt":{"rendered":"<p style=\"text-align: left;\">Ky tabak sh\u00ebrbimi n\u00eb form\u00eb ovale ka sip\u00ebrfaqe nga qelqi dhe mbajt\u00ebse alumini tejet t\u00eb ve\u00e7ant\u00eb. Jepi kuzhin\u00ebs tuaj stil, q\u00eb prezentimet tuaja t\u00eb jen\u00eb sa m\u00eb elegante.<\/p>\n<p>&nbsp;<\/p>\n<ul>\n<li style=\"text-align: left;\"><strong>Dimensioni:<\/strong> 28x28x5cm<\/li>\n<li style=\"text-align: left;\"><strong>Materiali:<\/strong> Alumin dhe qelq.<\/li>\n<li style=\"text-align: left;\"><strong>Udh\u00ebzime p\u00ebr p\u00ebrdorim:<\/strong> Pastroni me dor\u00eb.<\/li>\n<li style=\"text-align: left;\"><strong>Garanci dhe m\u00ebnyra e kthimit:<\/strong> Ankesat p\u00ebr k\u00ebt\u00eb produkt pranohen brenda 24 or\u00ebve pas pranimit t\u00eb porosis\u00eb.<\/li>\n<\/ul>\n","protected":false},"featured_media":50487,"template":"","meta":[],"product_cat":[331,336],"product_tag":[],"class_list":{"0":"post-50496","1":"product","2":"type-product","3":"status-publish","4":"has-post-thumbnail","6":"product_cat-kuzhine","7":"product_cat-tabak","9":"first","10":"outofstock","11":"sale","12":"shipping-taxable","13":"purchasable","14":"product-type-simple","15":"layout-style-1","16":"col-md-4 col-sm-4 col-xs-6","17":"col-lg-3","18":"product-has-gallery","19":"product-style-default"},"_links":{"self":[{"href":"https:\/\/www.comoditahome.com\/mk\/sq\/wp-json\/wp\/v2\/product\/50496","targetHints":{"allow":["GET"]}}],"collection":[{"href":"https:\/\/www.comoditahome.com\/mk\/sq\/wp-json\/wp\/v2\/product"}],"about":[{"href":"https:\/\/www.comoditahome.com\/mk\/sq\/wp-json\/wp\/v2\/types\/product"}],"version-history":[{"count":0,"href":"https:\/\/www.comoditahome.com\/mk\/sq\/wp-json\/wp\/v2\/product\/50496\/revisions"}],"wp:featuredmedia":[{"embeddable":true,"href":"https:\/\/www.comoditahome.com\/mk\/sq\/wp-json\/wp\/v2\/media\/50487"}],"wp:attachment":[{"href":"https:\/\/www.comoditahome.com\/mk\/sq\/wp-json\/wp\/v2\/media?parent=50496"}],"wp:term":[{"taxonomy":"product_cat","embeddable":true,"href":"https:\/\/www.comoditahome.com\/mk\/sq\/wp-json\/wp\/v2\/product_cat?post=50496"},{"taxonomy":"product_tag","embeddable":true,"href":"https:\/\/www.comoditahome.com\/mk\/sq\/wp-json\/wp\/v2\/product_tag?post=50496"}],"curies":[{"name":"wp","href":"https:\/\/api.w.org\/{rel}","templated":true}]}}