 {"id":50592,"date":"2022-06-04T20:53:37","date_gmt":"2022-06-04T18:53:37","guid":{"rendered":"https:\/\/www.comoditahome.com\/mk\/?post_type=product&#038;p=50592"},"modified":"2026-05-05T22:09:54","modified_gmt":"2026-05-05T20:09:54","slug":"set-pjatash-deserti-wild-life-zebra","status":"publish","type":"product","link":"https:\/\/www.comoditahome.com\/mk\/sq\/product\/set-pjatash-deserti-wild-life-zebra\/","title":{"rendered":"Set pjatash deserti Wild Life Zebra"},"content":{"rendered":"","protected":false},"excerpt":{"rendered":"<p style=\"text-align: left;\">Seti i pjatave t\u00eb desertit Fusion Glam Zebra, vjen n\u00eb 6 pjes\u00eb n\u00eb form\u00eb t\u00eb rrumbullak\u00ebt. Kan\u00eb materialin cil\u00ebsor t\u00eb porcelanit dhe dizajn t\u00eb inspiruar nga ngjyrat q\u00eb prezentojn\u00eb gjelb\u00ebrimin, natyr\u00ebn dhe gjall\u00ebrin\u00eb frym\u00ebzuese.<\/p>\n<p>&nbsp;<\/p>\n<ul>\n<li style=\"text-align: left;\"><strong>Materiali:<\/strong> Porcelan<\/li>\n<li style=\"text-align: left;\"><strong>Dimensioni:<\/strong> 20cm<\/li>\n<li style=\"text-align: left;\"><strong>Seti ka 6 pjes\u00eb:<\/strong> 6x pjata<\/li>\n<li style=\"text-align: left;\"><strong>Udh\u00ebzime p\u00ebr p\u00ebrdorim:<\/strong> Pastroni me dor\u00eb.<\/li>\n<li style=\"text-align: left;\"><strong>Garanci dhe m\u00ebnyra e kthimit:<\/strong> Ankesat p\u00ebr k\u00ebt\u00eb produkt pranohen brenda 24 or\u00ebve pas pranimit t\u00eb porosis\u00eb.<\/li>\n<\/ul>\n","protected":false},"featured_media":50585,"template":"","meta":[],"product_cat":[354,359],"product_tag":[],"class_list":{"0":"post-50592","1":"product","2":"type-product","3":"status-publish","4":"has-post-thumbnail","6":"product_cat-tryeze","7":"product_cat-set-pjatash","9":"first","10":"outofstock","11":"sale","12":"shipping-taxable","13":"purchasable","14":"product-type-simple","15":"layout-style-1","16":"col-md-4 col-sm-4 col-xs-6","17":"col-lg-3","18":"product-has-gallery","19":"product-style-default"},"_links":{"self":[{"href":"https:\/\/www.comoditahome.com\/mk\/sq\/wp-json\/wp\/v2\/product\/50592","targetHints":{"allow":["GET"]}}],"collection":[{"href":"https:\/\/www.comoditahome.com\/mk\/sq\/wp-json\/wp\/v2\/product"}],"about":[{"href":"https:\/\/www.comoditahome.com\/mk\/sq\/wp-json\/wp\/v2\/types\/product"}],"version-history":[{"count":0,"href":"https:\/\/www.comoditahome.com\/mk\/sq\/wp-json\/wp\/v2\/product\/50592\/revisions"}],"wp:featuredmedia":[{"embeddable":true,"href":"https:\/\/www.comoditahome.com\/mk\/sq\/wp-json\/wp\/v2\/media\/50585"}],"wp:attachment":[{"href":"https:\/\/www.comoditahome.com\/mk\/sq\/wp-json\/wp\/v2\/media?parent=50592"}],"wp:term":[{"taxonomy":"product_cat","embeddable":true,"href":"https:\/\/www.comoditahome.com\/mk\/sq\/wp-json\/wp\/v2\/product_cat?post=50592"},{"taxonomy":"product_tag","embeddable":true,"href":"https:\/\/www.comoditahome.com\/mk\/sq\/wp-json\/wp\/v2\/product_tag?post=50592"}],"curies":[{"name":"wp","href":"https:\/\/api.w.org\/{rel}","templated":true}]}}