 {"id":50880,"date":"2022-06-04T23:16:05","date_gmt":"2022-06-04T21:16:05","guid":{"rendered":"https:\/\/www.comoditahome.com\/mk\/?post_type=product&#038;p=50880"},"modified":"2026-05-05T22:09:57","modified_gmt":"2026-05-05T20:09:57","slug":"fast-hand-blender","status":"publish","type":"product","link":"https:\/\/www.comoditahome.com\/mk\/sq\/product\/fast-hand-blender\/","title":{"rendered":"Fast Hand Blender"},"content":{"rendered":"","protected":false},"excerpt":{"rendered":"<p style=\"text-align: left;\">Pajisja Fast Hand Blender \u00ebsht\u00eb miku juaj m\u00eb i mir\u00eb i kuzhin\u00ebs. Me k\u00ebt\u00eb pajisje ju mund t\u00eb bluani apo cop\u00ebtoni mishin, frutat, perimet, arrat, er\u00ebzat dhe frutat e thata. Mjafton vet\u00ebm t\u00eb nd\u00ebrroni pjes\u00ebn e poshtme t\u00eb pajisjes, dhe ju ndryshoni edhe funksionin e saj brenda pak sekondash. N\u00eb nj\u00eb pajisje t\u00eb vetme ju keni tund\u00ebsin, grir\u00ebsin dhe blenderin, funksione k\u00ebto q\u00eb mund t\u2019i ndryshoni shpejt\u00ebsin\u00eb n\u00eb 8 nivele, var\u00ebsisht sipas d\u00ebshir\u00ebs suaj.<\/p>\n<p>&nbsp;<\/p>\n<ul>\n<li style=\"text-align: left;\"><strong>Kompozicioni:<\/strong> 800W \u2013 x1 blender, x1 grir\u00ebse, x1 tund\u00ebse, x1 en\u00eb t\u00eb grir\u00ebses, x1 got\u00eb prej 600ml.<\/li>\n<li style=\"text-align: left;\"><strong>Materiali:<\/strong> Elektrik\u00eb dhe metal.<\/li>\n<li style=\"text-align: left;\"><strong>Udh\u00ebzime p\u00ebr p\u00ebrdorim:<\/strong> Pastroni me dor\u00eb.<\/li>\n<li style=\"text-align: left;\"><strong>Garanci dhe m\u00ebnyra e kthimit:<\/strong> Ankesat p\u00ebr k\u00ebt\u00eb produkt pranohen brenda 24 or\u00ebve pas pranimit t\u00eb porosis\u00eb.<\/li>\n<\/ul>\n","protected":false},"featured_media":50871,"template":"","meta":[],"product_cat":[806,283,331,334],"product_tag":[],"class_list":{"0":"post-50880","1":"product","2":"type-product","3":"status-publish","4":"has-post-thumbnail","6":"product_cat-oferta-kuzhine","7":"product_cat-oferta","8":"product_cat-kuzhine","9":"product_cat-pajisje-elektrike","11":"first","12":"instock","13":"sale","14":"shipping-taxable","15":"purchasable","16":"product-type-simple","17":"layout-style-1","18":"col-md-4 col-sm-4 col-xs-6","19":"col-lg-3","20":"product-has-gallery","21":"product-style-default"},"_links":{"self":[{"href":"https:\/\/www.comoditahome.com\/mk\/sq\/wp-json\/wp\/v2\/product\/50880","targetHints":{"allow":["GET"]}}],"collection":[{"href":"https:\/\/www.comoditahome.com\/mk\/sq\/wp-json\/wp\/v2\/product"}],"about":[{"href":"https:\/\/www.comoditahome.com\/mk\/sq\/wp-json\/wp\/v2\/types\/product"}],"version-history":[{"count":1,"href":"https:\/\/www.comoditahome.com\/mk\/sq\/wp-json\/wp\/v2\/product\/50880\/revisions"}],"predecessor-version":[{"id":54874,"href":"https:\/\/www.comoditahome.com\/mk\/sq\/wp-json\/wp\/v2\/product\/50880\/revisions\/54874"}],"wp:featuredmedia":[{"embeddable":true,"href":"https:\/\/www.comoditahome.com\/mk\/sq\/wp-json\/wp\/v2\/media\/50871"}],"wp:attachment":[{"href":"https:\/\/www.comoditahome.com\/mk\/sq\/wp-json\/wp\/v2\/media?parent=50880"}],"wp:term":[{"taxonomy":"product_cat","embeddable":true,"href":"https:\/\/www.comoditahome.com\/mk\/sq\/wp-json\/wp\/v2\/product_cat?post=50880"},{"taxonomy":"product_tag","embeddable":true,"href":"https:\/\/www.comoditahome.com\/mk\/sq\/wp-json\/wp\/v2\/product_tag?post=50880"}],"curies":[{"name":"wp","href":"https:\/\/api.w.org\/{rel}","templated":true}]}}