 {"id":51030,"date":"2022-06-05T00:51:24","date_gmt":"2022-06-04T22:51:24","guid":{"rendered":"https:\/\/www.comoditahome.com\/mk\/?post_type=product&#038;p=51030"},"modified":"2026-05-05T22:09:59","modified_gmt":"2026-05-05T20:09:59","slug":"jastek-down","status":"publish","type":"product","link":"https:\/\/www.comoditahome.com\/mk\/sq\/product\/jastek-down\/","title":{"rendered":"Jast\u00ebk Down"},"content":{"rendered":"","protected":false},"excerpt":{"rendered":"<p style=\"text-align: left;\">Jast\u00ebku Down me nj\u00eb struktur\u00eb t\u00eb ve\u00e7ant\u00eb t\u00eb p\u00ebrb\u00ebrjes ju garanton rehatin\u00eb e pakrahasueshme gjat\u00eb fjetjes. Jast\u00ebku \u00ebsht\u00eb punuar n\u00eb form\u00eb drejtk\u00ebndore, i qepur me precizitet n\u00eb mb\u00ebshtjell\u00ebs p\u00eblhure t\u00eb bardh\u00eb shum\u00eb t\u00eb but\u00eb. \u00cbsht\u00eb i mbushur p\u00ebrbrenda me pend\u00eb t\u00eb bardh\u00eb t\u00eb ros\u00ebs dhe i mbuluar me material t\u00eb bardh\u00eb pambuku. Jast\u00ebku dallohet p\u00ebr sip\u00ebrfaqen e but\u00eb dhe form\u00ebn komforte.<\/p>\n<p>&nbsp;<\/p>\n<ul>\n<li style=\"text-align: left;\"><strong>Dimensioni:<\/strong> 50x70cm<\/li>\n<li style=\"text-align: left;\"><strong>Materiali:<\/strong> Pend\u00eb e bardh\u00eb e ros\u00ebs.<\/li>\n<li style=\"text-align: left;\"><strong>Udh\u00ebzime p\u00ebr p\u00ebrdorim:<\/strong> Nuk lahet, vet\u00ebajroset.<\/li>\n<li style=\"text-align: left;\"><strong>Garanci dhe kushtet e kthimit:<\/strong> P\u00ebr shkak t\u00eb kontaktit me higjien\u00eb personale, p\u00ebr produktet e tekstilit nuk pranohen kthime apo reklamacione.<\/li>\n<\/ul>\n","protected":false},"featured_media":51021,"template":"","meta":[],"product_cat":[343,349],"product_tag":[],"class_list":{"0":"post-51030","1":"product","2":"type-product","3":"status-publish","4":"has-post-thumbnail","6":"product_cat-gjume","7":"product_cat-jastek","9":"first","10":"instock","11":"sale","12":"shipping-taxable","13":"purchasable","14":"product-type-simple","15":"layout-style-1","16":"col-md-4 col-sm-4 col-xs-6","17":"col-lg-3","18":"product-has-gallery","19":"product-style-default"},"_links":{"self":[{"href":"https:\/\/www.comoditahome.com\/mk\/sq\/wp-json\/wp\/v2\/product\/51030","targetHints":{"allow":["GET"]}}],"collection":[{"href":"https:\/\/www.comoditahome.com\/mk\/sq\/wp-json\/wp\/v2\/product"}],"about":[{"href":"https:\/\/www.comoditahome.com\/mk\/sq\/wp-json\/wp\/v2\/types\/product"}],"version-history":[{"count":0,"href":"https:\/\/www.comoditahome.com\/mk\/sq\/wp-json\/wp\/v2\/product\/51030\/revisions"}],"wp:featuredmedia":[{"embeddable":true,"href":"https:\/\/www.comoditahome.com\/mk\/sq\/wp-json\/wp\/v2\/media\/51021"}],"wp:attachment":[{"href":"https:\/\/www.comoditahome.com\/mk\/sq\/wp-json\/wp\/v2\/media?parent=51030"}],"wp:term":[{"taxonomy":"product_cat","embeddable":true,"href":"https:\/\/www.comoditahome.com\/mk\/sq\/wp-json\/wp\/v2\/product_cat?post=51030"},{"taxonomy":"product_tag","embeddable":true,"href":"https:\/\/www.comoditahome.com\/mk\/sq\/wp-json\/wp\/v2\/product_tag?post=51030"}],"curies":[{"name":"wp","href":"https:\/\/api.w.org\/{rel}","templated":true}]}}